{"id":794,"date":"2025-03-08T20:25:04","date_gmt":"2025-03-08T19:25:04","guid":{"rendered":"https:\/\/mandarinoart.pl\/?post_type=product&#038;p=794"},"modified":"2026-02-23T19:02:04","modified_gmt":"2026-02-23T18:02:04","slug":"pudelko-ecrue-motyl-na-podziekowania","status":"publish","type":"product","link":"https:\/\/mandarinoart.pl\/index.php\/produkt\/pudelko-ecrue-motyl-na-podziekowania\/","title":{"rendered":"Pude\u0142ko ecrue MOTYL na podzi\u0119kowania"},"content":{"rendered":"<h2 style=\"text-align: center;\"><span style=\"color: #c2b56d;\">Szukasz wyj\u0105tkowych i oryginalnych podzi\u0119kowa\u0144 dla Go\u015bci?<\/span><\/h2>\n<p>&nbsp;<\/p>\n<p style=\"text-align: center;\">\u015awietnie trafi\u0142e\u015b ! Oferujemy wyj\u0105tkowe podzi\u0119kowania w formie \u015bwiec sojowych. To drobny, ale pe\u0142en uroku upominek, kt\u00f3ry doskonale sprawdzi si\u0119 jako <strong>podzi\u0119kowania dla go\u015bci na: Chrzest, Komuni\u0119 \u015awi\u0119t\u0105, Wesele, Wiecz\u00f3r Panie\u0144ski, Roczek, Urodziny czy inne Uroczysto\u015bci.<\/strong><\/p>\n<p style=\"text-align: center;\"><a href=\"https:\/\/mandarinoart.pl\/index.php\/kategoria-produktu\/podziekowania-dla-gosci\/\"><img fetchpriority=\"high\" decoding=\"async\" class=\" wp-image-615 aligncenter\" src=\"https:\/\/mandarinoart.pl\/wp-content\/uploads\/2025\/03\/ZDJ.-BAN.PODZ_.DLA_.GOSCI_-300x111.png\" alt=\"\" width=\"692\" height=\"256\" srcset=\"https:\/\/mandarinoart.pl\/wp-content\/uploads\/2025\/03\/ZDJ.-BAN.PODZ_.DLA_.GOSCI_-300x111.png 300w, https:\/\/mandarinoart.pl\/wp-content\/uploads\/2025\/03\/ZDJ.-BAN.PODZ_.DLA_.GOSCI_-768x284.png 768w, https:\/\/mandarinoart.pl\/wp-content\/uploads\/2025\/03\/ZDJ.-BAN.PODZ_.DLA_.GOSCI_-600x222.png 600w, https:\/\/mandarinoart.pl\/wp-content\/uploads\/2025\/03\/ZDJ.-BAN.PODZ_.DLA_.GOSCI_.png 851w\" sizes=\"(max-width: 692px) 100vw, 692px\" \/><\/a><\/p>\n<p style=\"text-align: center;\"><span style=\"color: #993300;\"><strong>Dlaczego warto wybra\u0107 \u015bwiece sojowe Mandarino ART DECOR?<\/strong><\/span><\/p>\n<p style=\"text-align: center;\"><strong>&#8211; R\u0119cznie wykonane<\/strong> \u015bwiece z dba\u0142o\u015bci\u0105 o ka\u017cdy detal<\/p>\n<p style=\"text-align: center;\"><strong>&#8211; Trzy warianty zapach\u00f3w do wyboru<\/strong><\/p>\n<p style=\"text-align: center;\"><strong>&#8211; Peronalizowane etykiety<\/strong><\/p>\n<hr \/>\n<h2 style=\"text-align: center;\"><span style=\"color: #c2b56d;\">Jak zam\u00f3wi\u0107 \u015bwiece na podzi\u0119kowania ?<\/span><\/h2>\n<p style=\"text-align: center;\">\u221a <em><span style=\"color: #993300;\">Wybierz:<\/span> RODZAJ UROCZYSTO\u015aCI<br \/>\n<\/em><\/p>\n<p style=\"text-align: center;\">\u221a <span style=\"color: #993300;\"><em>Wybierz:<\/em><\/span> <em>KOLORYSTYK\u0118 \u015aWIECY<\/em>\u00a0 oraz <em>ZAPACH<\/em>.<\/p>\n<p style=\"text-align: center;\">\u221a <span style=\"color: #993300;\"><em>Wybierz<\/em><\/span> elementy dekoracyjne: <em><span style=\"color: #993300;\">KOLOR WST\u0104\u017bKI \/ KOKARDY<\/span><\/em> oraz stw\u00f3rz w pe\u0142ni peronalizowane zawieszki<\/p>\n<p style=\"text-align: center;\">(w <em>polu &#8222;NAPIS NA ZAWIESZCE&#8221;: <span style=\"color: #993300;\">Podaj IMI\u0118<\/span><\/em>, kt\u00f3re umie\u015bcimy na zwieszce oraz <em><span style=\"color: #993300;\">DAT\u0118 UROCZYSTO\u015aCI<\/span><\/em>)<\/p>\n<p style=\"text-align: center;\"><span style=\"color: #993300;\"><em>\u221a Dodaj do koszyka<\/em><\/span> (1 sztuka &#8211; 1\u00a0 \u015bwieczka) i przejd\u017a do zakupu.<\/p>\n","protected":false},"excerpt":{"rendered":"<p>Oferujemy pi\u0119kne pude\u0142ka w kszta\u0142cie MOTYLA w delikatnym, subtelnym odcieniu ECRUE. Sprawdz\u0105 si\u0119 idealnie by w\u0142o\u017cy\u0107 do \u015brodka ma\u0142y prezent jako podzi\u0119kowania dla go\u015bci.<\/p>\n<h3 style=\"text-align: center;\">Najpi\u0119kniejsze prezenty &#8211; s\u0105 te spersonalizowane&#8230; i od serca!<\/h3>\n<p>&nbsp;<\/p>\n<ul>\n<li><strong>Kolor pude\u0142ka<\/strong>: ECRUE<\/li>\n<li><strong>Wymiary pude\u0142ka:<\/strong> 6 cm x 6 cm<\/li>\n<li><strong>Cena dotyczy<\/strong>: 1 szt. pude\u0142ka (pustego). Je\u015bli chcesz zam\u00f3wi\u0107 wi\u0119ksz\u0105 ilo\u015b\u0107 (np. 20szt &#8211; KLIKNIJ 20)<\/li>\n<\/ul>\n","protected":false},"featured_media":843,"template":"","meta":{"site-sidebar-layout":"default","site-content-layout":"","ast-site-content-layout":"default","site-content-style":"default","site-sidebar-style":"default","ast-global-header-display":"","ast-banner-title-visibility":"","ast-main-header-display":"","ast-hfb-above-header-display":"","ast-hfb-below-header-display":"","ast-hfb-mobile-header-display":"","site-post-title":"","ast-breadcrumbs-content":"","ast-featured-img":"","footer-sml-layout":"","theme-transparent-header-meta":"default","adv-header-id-meta":"","stick-header-meta":"","header-above-stick-meta":"","header-main-stick-meta":"","header-below-stick-meta":"","astra-migrate-meta-layouts":"set","ast-page-background-enabled":"default","ast-page-background-meta":{"desktop":{"background-color":"var(--ast-global-color-5)","background-image":"","background-repeat":"repeat","background-position":"center center","background-size":"auto","background-attachment":"scroll","background-type":"","background-media":"","overlay-type":"","overlay-color":"","overlay-opacity":"","overlay-gradient":""},"tablet":{"background-color":"","background-image":"","background-repeat":"repeat","background-position":"center center","background-size":"auto","background-attachment":"scroll","background-type":"","background-media":"","overlay-type":"","overlay-color":"","overlay-opacity":"","overlay-gradient":""},"mobile":{"background-color":"","background-image":"","background-repeat":"repeat","background-position":"center center","background-size":"auto","background-attachment":"scroll","background-type":"","background-media":"","overlay-type":"","overlay-color":"","overlay-opacity":"","overlay-gradient":""}},"ast-content-background-meta":{"desktop":{"background-color":"var(--ast-global-color-4)","background-image":"","background-repeat":"repeat","background-position":"center center","background-size":"auto","background-attachment":"scroll","background-type":"","background-media":"","overlay-type":"","overlay-color":"","overlay-opacity":"","overlay-gradient":""},"tablet":{"background-color":"var(--ast-global-color-4)","background-image":"","background-repeat":"repeat","background-position":"center center","background-size":"auto","background-attachment":"scroll","background-type":"","background-media":"","overlay-type":"","overlay-color":"","overlay-opacity":"","overlay-gradient":""},"mobile":{"background-color":"var(--ast-global-color-4)","background-image":"","background-repeat":"repeat","background-position":"center center","background-size":"auto","background-attachment":"scroll","background-type":"","background-media":"","overlay-type":"","overlay-color":"","overlay-opacity":"","overlay-gradient":""}}},"product_brand":[],"product_cat":[59],"product_tag":[94,88,91,89,86,104,103,93,92],"class_list":{"0":"post-794","1":"product","2":"type-product","3":"status-publish","4":"has-post-thumbnail","6":"product_cat-pudelka-prezentowe","7":"product_tag-baby-shower","8":"product_tag-chrzest-swiety","9":"product_tag-komunia","10":"product_tag-piwonie","11":"product_tag-podziekowania-dla-gosci","12":"product_tag-pudelka-motyl","13":"product_tag-pudelka-na-podziekowania","14":"product_tag-roczek","15":"product_tag-wesele","16":"desktop-align-left","17":"tablet-align-left","18":"mobile-align-left","20":"first","21":"outofstock","22":"shipping-taxable","23":"purchasable","24":"product-type-simple"},"yoast_head":"<!-- This site is optimized with the Yoast SEO plugin v26.5 - https:\/\/yoast.com\/wordpress\/plugins\/seo\/ -->\n<title>Pude\u0142ka MOTYL na podzi\u0119kowania dla go\u015bci<\/title>\n<meta name=\"description\" content=\"Oferujemy wyj\u0105tkowe, efektowne pude\u0142ka MOTYL. Doskonale sprawdz\u0105 si\u0119 jako podzi\u0119kowania na: Komuni\u0119, Wesel\u0119, Chrzest \u015awi\u0119ty, Baby Shower, Urodziny i inne Uroczysto\u015bci.\" \/>\n<meta name=\"robots\" content=\"index, follow, max-snippet:-1, max-image-preview:large, max-video-preview:-1\" \/>\n<link rel=\"canonical\" href=\"https:\/\/mandarinoart.pl\/index.php\/produkt\/pudelko-ecrue-motyl-na-podziekowania\/\" \/>\n<meta property=\"og:locale\" content=\"pl_PL\" \/>\n<meta property=\"og:type\" content=\"article\" \/>\n<meta property=\"og:title\" content=\"Pude\u0142ka MOTYL na podzi\u0119kowania dla go\u015bci\" \/>\n<meta property=\"og:description\" content=\"Oferujemy wyj\u0105tkowe, efektowne pude\u0142ka MOTYL. Doskonale sprawdz\u0105 si\u0119 jako podzi\u0119kowania na: Komuni\u0119, Wesel\u0119, Chrzest \u015awi\u0119ty, Baby Shower, Urodziny i inne Uroczysto\u015bci.\" \/>\n<meta property=\"og:url\" content=\"https:\/\/mandarinoart.pl\/index.php\/produkt\/pudelko-ecrue-motyl-na-podziekowania\/\" \/>\n<meta property=\"og:site_name\" content=\"Mandarino Art\" \/>\n<meta property=\"article:publisher\" content=\"https:\/\/www.facebook.com\/profile.php?id=61553468730793\" \/>\n<meta property=\"article:modified_time\" content=\"2026-02-23T18:02:04+00:00\" \/>\n<meta property=\"og:image\" content=\"https:\/\/mandarinoart.pl\/wp-content\/uploads\/2025\/03\/pud3-576x1024.png\" \/>\n\t<meta property=\"og:image:width\" content=\"576\" \/>\n\t<meta property=\"og:image:height\" content=\"1024\" \/>\n\t<meta property=\"og:image:type\" content=\"image\/png\" \/>\n<meta name=\"twitter:card\" content=\"summary_large_image\" \/>\n<meta name=\"twitter:label1\" content=\"Szacowany czas czytania\" \/>\n\t<meta name=\"twitter:data1\" content=\"2 minuty\" \/>\n<script type=\"application\/ld+json\" class=\"yoast-schema-graph\">{\"@context\":\"https:\/\/schema.org\",\"@graph\":[{\"@type\":\"WebPage\",\"@id\":\"https:\/\/mandarinoart.pl\/index.php\/produkt\/pudelko-ecrue-motyl-na-podziekowania\/\",\"url\":\"https:\/\/mandarinoart.pl\/index.php\/produkt\/pudelko-ecrue-motyl-na-podziekowania\/\",\"name\":\"Pude\u0142ka MOTYL na podzi\u0119kowania dla go\u015bci\",\"isPartOf\":{\"@id\":\"https:\/\/mandarinoart.pl\/#website\"},\"primaryImageOfPage\":{\"@id\":\"https:\/\/mandarinoart.pl\/index.php\/produkt\/pudelko-ecrue-motyl-na-podziekowania\/#primaryimage\"},\"image\":{\"@id\":\"https:\/\/mandarinoart.pl\/index.php\/produkt\/pudelko-ecrue-motyl-na-podziekowania\/#primaryimage\"},\"thumbnailUrl\":\"https:\/\/mandarinoart.pl\/wp-content\/uploads\/2025\/03\/pud3.png\",\"datePublished\":\"2025-03-08T19:25:04+00:00\",\"dateModified\":\"2026-02-23T18:02:04+00:00\",\"description\":\"Oferujemy wyj\u0105tkowe, efektowne pude\u0142ka MOTYL. Doskonale sprawdz\u0105 si\u0119 jako podzi\u0119kowania na: Komuni\u0119, Wesel\u0119, Chrzest \u015awi\u0119ty, Baby Shower, Urodziny i inne Uroczysto\u015bci.\",\"breadcrumb\":{\"@id\":\"https:\/\/mandarinoart.pl\/index.php\/produkt\/pudelko-ecrue-motyl-na-podziekowania\/#breadcrumb\"},\"inLanguage\":\"pl-PL\",\"potentialAction\":[{\"@type\":\"ReadAction\",\"target\":[\"https:\/\/mandarinoart.pl\/index.php\/produkt\/pudelko-ecrue-motyl-na-podziekowania\/\"]}]},{\"@type\":\"ImageObject\",\"inLanguage\":\"pl-PL\",\"@id\":\"https:\/\/mandarinoart.pl\/index.php\/produkt\/pudelko-ecrue-motyl-na-podziekowania\/#primaryimage\",\"url\":\"https:\/\/mandarinoart.pl\/wp-content\/uploads\/2025\/03\/pud3.png\",\"contentUrl\":\"https:\/\/mandarinoart.pl\/wp-content\/uploads\/2025\/03\/pud3.png\",\"width\":1080,\"height\":1920},{\"@type\":\"BreadcrumbList\",\"@id\":\"https:\/\/mandarinoart.pl\/index.php\/produkt\/pudelko-ecrue-motyl-na-podziekowania\/#breadcrumb\",\"itemListElement\":[{\"@type\":\"ListItem\",\"position\":1,\"name\":\"Strona g\u0142\u00f3wna\",\"item\":\"https:\/\/mandarinoart.pl\/\"},{\"@type\":\"ListItem\",\"position\":2,\"name\":\"Sklep\",\"item\":\"https:\/\/mandarinoart.pl\/index.php\/sklep\/\"},{\"@type\":\"ListItem\",\"position\":3,\"name\":\"Pude\u0142ko ecrue MOTYL na podzi\u0119kowania\"}]},{\"@type\":\"WebSite\",\"@id\":\"https:\/\/mandarinoart.pl\/#website\",\"url\":\"https:\/\/mandarinoart.pl\/\",\"name\":\"Mandarino Art Decor\",\"description\":\"\",\"publisher\":{\"@id\":\"https:\/\/mandarinoart.pl\/#organization\"},\"potentialAction\":[{\"@type\":\"SearchAction\",\"target\":{\"@type\":\"EntryPoint\",\"urlTemplate\":\"https:\/\/mandarinoart.pl\/?s={search_term_string}\"},\"query-input\":{\"@type\":\"PropertyValueSpecification\",\"valueRequired\":true,\"valueName\":\"search_term_string\"}}],\"inLanguage\":\"pl-PL\"},{\"@type\":\"Organization\",\"@id\":\"https:\/\/mandarinoart.pl\/#organization\",\"name\":\"Mandarino Art Decor\",\"url\":\"https:\/\/mandarinoart.pl\/\",\"logo\":{\"@type\":\"ImageObject\",\"inLanguage\":\"pl-PL\",\"@id\":\"https:\/\/mandarinoart.pl\/#\/schema\/logo\/image\/\",\"url\":\"https:\/\/mandarinoart.pl\/wp-content\/uploads\/2025\/02\/cropped-Logo_transparent.png\",\"contentUrl\":\"https:\/\/mandarinoart.pl\/wp-content\/uploads\/2025\/02\/cropped-Logo_transparent.png\",\"width\":591,\"height\":197,\"caption\":\"Mandarino Art Decor\"},\"image\":{\"@id\":\"https:\/\/mandarinoart.pl\/#\/schema\/logo\/image\/\"},\"sameAs\":[\"https:\/\/www.facebook.com\/profile.php?id=61553468730793\",\"https:\/\/www.instagram.com\/Mandarino_Candle\/?fbclid=IwY2xjawIoRQZleHRuA2FlbQIxMAABHV0lW5lNE7hJxvGNQtw42Ns1dw_Ll4G4YQ9LZaRsOkieykrFA3lNfCyS3g_aem_Nx9Tw7e5op2DlxHJ5Bc5Lg#\"]}]}<\/script>\n<!-- \/ Yoast SEO plugin. -->","yoast_head_json":{"title":"Pude\u0142ka MOTYL na podzi\u0119kowania dla go\u015bci","description":"Oferujemy wyj\u0105tkowe, efektowne pude\u0142ka MOTYL. Doskonale sprawdz\u0105 si\u0119 jako podzi\u0119kowania na: Komuni\u0119, Wesel\u0119, Chrzest \u015awi\u0119ty, Baby Shower, Urodziny i inne Uroczysto\u015bci.","robots":{"index":"index","follow":"follow","max-snippet":"max-snippet:-1","max-image-preview":"max-image-preview:large","max-video-preview":"max-video-preview:-1"},"canonical":"https:\/\/mandarinoart.pl\/index.php\/produkt\/pudelko-ecrue-motyl-na-podziekowania\/","og_locale":"pl_PL","og_type":"article","og_title":"Pude\u0142ka MOTYL na podzi\u0119kowania dla go\u015bci","og_description":"Oferujemy wyj\u0105tkowe, efektowne pude\u0142ka MOTYL. Doskonale sprawdz\u0105 si\u0119 jako podzi\u0119kowania na: Komuni\u0119, Wesel\u0119, Chrzest \u015awi\u0119ty, Baby Shower, Urodziny i inne Uroczysto\u015bci.","og_url":"https:\/\/mandarinoart.pl\/index.php\/produkt\/pudelko-ecrue-motyl-na-podziekowania\/","og_site_name":"Mandarino Art","article_publisher":"https:\/\/www.facebook.com\/profile.php?id=61553468730793","article_modified_time":"2026-02-23T18:02:04+00:00","og_image":[{"width":576,"height":1024,"url":"https:\/\/mandarinoart.pl\/wp-content\/uploads\/2025\/03\/pud3-576x1024.png","type":"image\/png"}],"twitter_card":"summary_large_image","twitter_misc":{"Szacowany czas czytania":"2 minuty"},"schema":{"@context":"https:\/\/schema.org","@graph":[{"@type":"WebPage","@id":"https:\/\/mandarinoart.pl\/index.php\/produkt\/pudelko-ecrue-motyl-na-podziekowania\/","url":"https:\/\/mandarinoart.pl\/index.php\/produkt\/pudelko-ecrue-motyl-na-podziekowania\/","name":"Pude\u0142ka MOTYL na podzi\u0119kowania dla go\u015bci","isPartOf":{"@id":"https:\/\/mandarinoart.pl\/#website"},"primaryImageOfPage":{"@id":"https:\/\/mandarinoart.pl\/index.php\/produkt\/pudelko-ecrue-motyl-na-podziekowania\/#primaryimage"},"image":{"@id":"https:\/\/mandarinoart.pl\/index.php\/produkt\/pudelko-ecrue-motyl-na-podziekowania\/#primaryimage"},"thumbnailUrl":"https:\/\/mandarinoart.pl\/wp-content\/uploads\/2025\/03\/pud3.png","datePublished":"2025-03-08T19:25:04+00:00","dateModified":"2026-02-23T18:02:04+00:00","description":"Oferujemy wyj\u0105tkowe, efektowne pude\u0142ka MOTYL. Doskonale sprawdz\u0105 si\u0119 jako podzi\u0119kowania na: Komuni\u0119, Wesel\u0119, Chrzest \u015awi\u0119ty, Baby Shower, Urodziny i inne Uroczysto\u015bci.","breadcrumb":{"@id":"https:\/\/mandarinoart.pl\/index.php\/produkt\/pudelko-ecrue-motyl-na-podziekowania\/#breadcrumb"},"inLanguage":"pl-PL","potentialAction":[{"@type":"ReadAction","target":["https:\/\/mandarinoart.pl\/index.php\/produkt\/pudelko-ecrue-motyl-na-podziekowania\/"]}]},{"@type":"ImageObject","inLanguage":"pl-PL","@id":"https:\/\/mandarinoart.pl\/index.php\/produkt\/pudelko-ecrue-motyl-na-podziekowania\/#primaryimage","url":"https:\/\/mandarinoart.pl\/wp-content\/uploads\/2025\/03\/pud3.png","contentUrl":"https:\/\/mandarinoart.pl\/wp-content\/uploads\/2025\/03\/pud3.png","width":1080,"height":1920},{"@type":"BreadcrumbList","@id":"https:\/\/mandarinoart.pl\/index.php\/produkt\/pudelko-ecrue-motyl-na-podziekowania\/#breadcrumb","itemListElement":[{"@type":"ListItem","position":1,"name":"Strona g\u0142\u00f3wna","item":"https:\/\/mandarinoart.pl\/"},{"@type":"ListItem","position":2,"name":"Sklep","item":"https:\/\/mandarinoart.pl\/index.php\/sklep\/"},{"@type":"ListItem","position":3,"name":"Pude\u0142ko ecrue MOTYL na podzi\u0119kowania"}]},{"@type":"WebSite","@id":"https:\/\/mandarinoart.pl\/#website","url":"https:\/\/mandarinoart.pl\/","name":"Mandarino Art Decor","description":"","publisher":{"@id":"https:\/\/mandarinoart.pl\/#organization"},"potentialAction":[{"@type":"SearchAction","target":{"@type":"EntryPoint","urlTemplate":"https:\/\/mandarinoart.pl\/?s={search_term_string}"},"query-input":{"@type":"PropertyValueSpecification","valueRequired":true,"valueName":"search_term_string"}}],"inLanguage":"pl-PL"},{"@type":"Organization","@id":"https:\/\/mandarinoart.pl\/#organization","name":"Mandarino Art Decor","url":"https:\/\/mandarinoart.pl\/","logo":{"@type":"ImageObject","inLanguage":"pl-PL","@id":"https:\/\/mandarinoart.pl\/#\/schema\/logo\/image\/","url":"https:\/\/mandarinoart.pl\/wp-content\/uploads\/2025\/02\/cropped-Logo_transparent.png","contentUrl":"https:\/\/mandarinoart.pl\/wp-content\/uploads\/2025\/02\/cropped-Logo_transparent.png","width":591,"height":197,"caption":"Mandarino Art Decor"},"image":{"@id":"https:\/\/mandarinoart.pl\/#\/schema\/logo\/image\/"},"sameAs":["https:\/\/www.facebook.com\/profile.php?id=61553468730793","https:\/\/www.instagram.com\/Mandarino_Candle\/?fbclid=IwY2xjawIoRQZleHRuA2FlbQIxMAABHV0lW5lNE7hJxvGNQtw42Ns1dw_Ll4G4YQ9LZaRsOkieykrFA3lNfCyS3g_aem_Nx9Tw7e5op2DlxHJ5Bc5Lg#"]}]}},"_links":{"self":[{"href":"https:\/\/mandarinoart.pl\/index.php\/wp-json\/wp\/v2\/product\/794","targetHints":{"allow":["GET"]}}],"collection":[{"href":"https:\/\/mandarinoart.pl\/index.php\/wp-json\/wp\/v2\/product"}],"about":[{"href":"https:\/\/mandarinoart.pl\/index.php\/wp-json\/wp\/v2\/types\/product"}],"wp:featuredmedia":[{"embeddable":true,"href":"https:\/\/mandarinoart.pl\/index.php\/wp-json\/wp\/v2\/media\/843"}],"wp:attachment":[{"href":"https:\/\/mandarinoart.pl\/index.php\/wp-json\/wp\/v2\/media?parent=794"}],"wp:term":[{"taxonomy":"product_brand","embeddable":true,"href":"https:\/\/mandarinoart.pl\/index.php\/wp-json\/wp\/v2\/product_brand?post=794"},{"taxonomy":"product_cat","embeddable":true,"href":"https:\/\/mandarinoart.pl\/index.php\/wp-json\/wp\/v2\/product_cat?post=794"},{"taxonomy":"product_tag","embeddable":true,"href":"https:\/\/mandarinoart.pl\/index.php\/wp-json\/wp\/v2\/product_tag?post=794"}],"curies":[{"name":"wp","href":"https:\/\/api.w.org\/{rel}","templated":true}]}}