{"id":6748,"date":"2026-03-12T18:17:16","date_gmt":"2026-03-12T17:17:16","guid":{"rendered":"https:\/\/mandarinoart.pl\/?post_type=product&#038;p=6748"},"modified":"2026-04-18T12:45:21","modified_gmt":"2026-04-18T10:45:21","slug":"tulipany-tiul","status":"publish","type":"product","link":"https:\/\/mandarinoart.pl\/index.php\/produkt\/tulipany-tiul\/","title":{"rendered":"Tulipany w tiulu &#8211; Eleganckie podzi\u0119kowania"},"content":{"rendered":"<h4><strong><span style=\"color: #7d5319;\">Nie wiesz jaki zapach wybra\u0107? Sprawd\u017a ma\u0142y przewodnik po naszych aromatach zapachowych !<\/span><\/strong><\/h4>\n<p>&nbsp;<\/p>\n<h6><strong><img decoding=\"async\" class=\"emoji\" role=\"img\" draggable=\"false\" src=\"https:\/\/s.w.org\/images\/core\/emoji\/17.0.2\/svg\/1f33f.svg\" alt=\"\ud83c\udf3f\" \/> \u00a0<\/strong><strong><span style=\"color: #4f4a4a;\"><em>ROSE PROSECCO<\/em><\/span> &#8211;<\/strong> elegancki, musuj\u0105cy zapach inspirowany kieliszkiem prosecco. Po\u0142\u0105czenie \u015bwie\u017co\u015bci\u00a0z akcentem cytrusowym.<\/h6>\n<h6><strong><img decoding=\"async\" class=\"emoji\" role=\"img\" draggable=\"false\" src=\"https:\/\/s.w.org\/images\/core\/emoji\/17.0.2\/svg\/1f33f.svg\" alt=\"\ud83c\udf3f\" \/> \u00a0<\/strong><strong><span style=\"color: #665b5b;\"><em>CASHMIRE<\/em><\/span> &#8211;<\/strong> otulaj\u0105cy, subtelny i \u015bwie\u017cy. Zapach pe\u0142en ciep\u0142a, komfortu i luksusowego spokoju.<\/h6>\n<h6><strong><img decoding=\"async\" class=\"emoji\" role=\"img\" draggable=\"false\" src=\"https:\/\/s.w.org\/images\/core\/emoji\/17.0.2\/svg\/1f33f.svg\" alt=\"\ud83c\udf3f\" \/> \u00a0<\/strong><strong data-start=\"1254\" data-end=\"1271\"><span style=\"color: #665b5b;\"><em>PIWONIA<\/em><\/span> &#8211; <\/strong>delikatny, kwiatowy aromat, kt\u00f3ry przywo\u0142uje wspomnienie wiosny w ogrodzie. Lekko\u015b\u0107 kwiat\u00f3w \u0142\u0105czy si\u0119 tu z subteln\u0105 elegancj\u0105.<\/h6>\n<h6><strong><img decoding=\"async\" class=\"emoji\" role=\"img\" draggable=\"false\" src=\"https:\/\/s.w.org\/images\/core\/emoji\/17.0.2\/svg\/1f33f.svg\" alt=\"\ud83c\udf3f\" \/> \u00a0<\/strong><strong><span style=\"color: #665b5b;\"><em>BERGAMOTKA &amp; BIA\u0141A HERBATA <\/em><\/span>&#8211;<\/strong> elegancki, \u015bwie\u017cy zapach cytrus\u00f3w, herbaty, ja\u015bminu otulony nut\u0105 miodu oraz ambry.<\/h6>\n<h6><strong><img decoding=\"async\" class=\"emoji\" role=\"img\" draggable=\"false\" src=\"https:\/\/s.w.org\/images\/core\/emoji\/17.0.2\/svg\/1f33f.svg\" alt=\"\ud83c\udf3f\" \/> \u00a0<\/strong><strong><span style=\"color: #665b5b;\"><em>OWOCE LE\u015aNE<\/em> <\/span>&#8211;<\/strong> s\u0142odki, owocowy, zmys\u0142owy \u2013 idealny dla mi\u0142o\u015bnik\u00f3w owocowej \u015bwie\u017co\u015bci\u00a0z energetyzuj\u0105cym akcentem.<\/h6>\n<h6><strong><img decoding=\"async\" class=\"emoji\" role=\"img\" draggable=\"false\" src=\"https:\/\/s.w.org\/images\/core\/emoji\/17.0.2\/svg\/1f33f.svg\" alt=\"\ud83c\udf3f\" \/> \u00a0<\/strong><strong><span style=\"color: #665b5b;\"><em>MALINA &amp; R\u00d3\u017bA<\/em><\/span>\u00a0&#8211;<\/strong> orze\u017awiaj\u0105ce po\u0142\u0105czenie maliny ze s\u0142odk\u0105 nut\u0105 r\u00f3\u017cy.<\/h6>\n<p>&nbsp;<\/p>\n<hr \/>\n<h4><img decoding=\"async\" class=\"emoji\" role=\"img\" draggable=\"false\" src=\"https:\/\/s.w.org\/images\/core\/emoji\/17.0.2\/svg\/1f4a1.svg\" alt=\"\ud83d\udca1\" \/><span style=\"color: #7d5319;\"><strong> Jak zam\u00f3wi\u0107 \u015bwiece na podzi\u0119kowania ?\u00a0<\/strong><\/span><\/h4>\n<p>&nbsp;<\/p>\n<p>1. <em>Wybierz \u00a0<\/em>zapach \u015bwiec.<\/p>\n<p>2. <em>Wybierz<\/em>\u00a0 kolor \u015bwiec.<\/p>\n<p>3. <em>Wybierz<\/em> elementy dekoracyjne: <em>KOLOR WST\u0104\u017bKI \/ KOKARDY<\/em><\/p>\n<p>3. <em>Peronalizowane zawieszki<\/em> (w <em>polu &#8222;NAPIS NA ZAWIESZCE&#8221;<\/em>: Podaj IMI\u0118, kt\u00f3re umie\u015bcimy na zwieszce oraz DAT\u0118 UROCZYSTO\u015aCI)<\/p>\n<p><img decoding=\"async\" class=\"emoji\" role=\"img\" draggable=\"false\" src=\"https:\/\/s.w.org\/images\/core\/emoji\/17.0.2\/svg\/1f380.svg\" alt=\"\ud83c\udf80\" \/>\u00a0 \u00a0 Zam\u00f3w ju\u017c dzi\u015b i spraw, by Twoja uroczysto\u015b\u0107 by\u0142a niezapomniana!\u00a0 \u00a0 <img decoding=\"async\" class=\"emoji\" role=\"img\" draggable=\"false\" src=\"https:\/\/s.w.org\/images\/core\/emoji\/17.0.2\/svg\/1f380.svg\" alt=\"\ud83c\udf80\" \/><\/p>\n<p>&nbsp;<\/p>\n<hr \/>\n<h3 style=\"text-align: center;\"><span style=\"color: #824424;\"><strong>Dlaczego warto wybra\u0107 \u015bwiece sojowe Mandarino ART DECOR?<\/strong><\/span><\/h3>\n<p>&nbsp;<\/p>\n<ul>\n<li><strong>U\u017cywamy wysokiej jako\u015bci sk\u0142adnik\u00f3w:<\/strong> 100% wosk sojowy pochodzenia ro\u015blinnego, eco barwniki bez paraben\u00f3w zgodne z normami REACH, wysokiej jako\u015bci olejki zapachowe z certyfikatem IFRA.<\/li>\n<li><strong>Wykonanie HANDMADE:<\/strong>\u00a0 \u015awiece tworzymy r\u0119cznie z niezwyk\u0142\u0105 staranno\u015bci\u0105, dbaj\u0105c o ka\u017cdy detal.<\/li>\n<li><strong>Szeroki wyb\u00f3r zapach\u00f3w<\/strong>: Dost\u0119pnych jest 8 r\u00f3\u017cnych zapach\u00f3w do wyboru.<\/li>\n<li><strong>Nasze \u015bwiece charakteryzuje wyj\u0105tkowy DESIGN:<\/strong> Kwiatowe dekoracje, z\u0142ote dodatki.<\/li>\n<\/ul>\n<p><img fetchpriority=\"high\" decoding=\"async\" class=\"wp-image-1084 aligncenter\" src=\"https:\/\/mandarinoart.pl\/wp-content\/uploads\/2025\/03\/DM1-300x111.png\" alt=\"\" width=\"427\" height=\"158\" srcset=\"https:\/\/mandarinoart.pl\/wp-content\/uploads\/2025\/03\/DM1-300x111.png 300w, https:\/\/mandarinoart.pl\/wp-content\/uploads\/2025\/03\/DM1-768x284.png 768w, https:\/\/mandarinoart.pl\/wp-content\/uploads\/2025\/03\/DM1-600x222.png 600w, https:\/\/mandarinoart.pl\/wp-content\/uploads\/2025\/03\/DM1.png 851w\" sizes=\"(max-width: 427px) 100vw, 427px\" \/><\/p>\n<hr \/>\n<div><\/div>\n","protected":false},"excerpt":{"rendered":"<p><span class=\"OYPEnA\">Szukasz idealnego prezentu dla swoich go\u015bci? Nasze wyj\u0105tkowe \u015bwieczki na podzi\u0119kowania to doskona\u0142y spos\u00f3b, aby wyrazi\u0107 wdzi\u0119czno\u015b\u0107 za obecno\u015b\u0107 w najwa\u017cniejszych chwilach Twojego \u017cycia! Pi\u0119kne detale, ozdobne pakowanie oraz indywidualna personalizacja zachwyc\u0105 wygl\u0105dem Twoich go\u015bci.<\/span><\/p>\n<h3 style=\"text-align: center;\">Najpi\u0119kniejsze prezenty &#8211; s\u0105 te spersonalizowane&#8230; i od serca!<\/h3>\n<p>&nbsp;<\/p>\n<ul>\n<li><strong>Wymiary \u015bwiecy:<\/strong> wielko\u015b\u0107 tulipana:4,9 cm; wysoko\u015b\u0107 ca\u0142kowita:15 cm<\/li>\n<li><strong>tiul\u00a0 \u2022 wst\u0105\u017cka\u00a0 \u2022 cyrkonia\u00a0 \u2022 drewniany patyczek \u2022 zawieszka personalizowana<\/strong><\/li>\n<\/ul>\n<p><img decoding=\"async\" class=\"emoji\" role=\"img\" draggable=\"false\" src=\"https:\/\/s.w.org\/images\/core\/emoji\/17.0.2\/svg\/1f56f.svg\" alt=\"\ud83d\udd6f\ufe0f\" \/> <strong data-start=\"689\" data-end=\"757\">Realizacja zam\u00f3wienia zajmuje zazwyczaj od 10 do 20 dni roboczych<\/strong>, w zale\u017cno\u015bci od ilo\u015bci. Prosimy o uwzgl\u0119dnienie tego czasu przy sk\u0142adaniu zam\u00f3wienia.<\/p>\n<p><img decoding=\"async\" class=\"emoji\" role=\"img\" draggable=\"false\" src=\"https:\/\/s.w.org\/images\/core\/emoji\/17.0.2\/svg\/1f4e6.svg\" alt=\"\ud83d\udce6\" \/> <strong data-start=\"1137\" data-end=\"1261\">Dla zam\u00f3wie\u0144 powy\u017cej 120 szt. obowi\u0105zuje indywidualna wycena \u2013 napisz do nas\u00a0 <\/strong><strong data-start=\"1137\" data-end=\"1261\">(<a class=\"cursor-pointer\" rel=\"noopener\" data-start=\"1091\" data-end=\"1130\"><span style=\"color: #e0b49d;\">kontakt@mandarinoart.pl<\/span>)<\/a>, a przygotujemy specjaln\u0105 ofert\u0119!\u00a0<\/strong><\/p>\n<p><img decoding=\"async\" class=\"emoji\" role=\"img\" draggable=\"false\" src=\"https:\/\/s.w.org\/images\/core\/emoji\/17.0.2\/svg\/1f56f.svg\" alt=\"\ud83d\udd6f\ufe0f\" \/> <strong>OFERTA HURT (pow. 50 szt):<\/strong><\/p>\n<p><a href=\"https:\/\/mandarinoart.pl\/index.php\/produkt\/tulipany-w-tiulu-eleganckie-podziekowania-50szt\/\"> <img decoding=\"async\" class=\"alignnone wp-image-8607\" src=\"https:\/\/mandarinoart.pl\/wp-content\/uploads\/2026\/03\/20260222_151208k-300x194.jpg\" alt=\"\" width=\"203\" height=\"131\" srcset=\"https:\/\/mandarinoart.pl\/wp-content\/uploads\/2026\/03\/20260222_151208k-300x194.jpg 300w, https:\/\/mandarinoart.pl\/wp-content\/uploads\/2026\/03\/20260222_151208k-1024x662.jpg 1024w, https:\/\/mandarinoart.pl\/wp-content\/uploads\/2026\/03\/20260222_151208k-768x496.jpg 768w, https:\/\/mandarinoart.pl\/wp-content\/uploads\/2026\/03\/20260222_151208k-1536x993.jpg 1536w, https:\/\/mandarinoart.pl\/wp-content\/uploads\/2026\/03\/20260222_151208k-2048x1324.jpg 2048w, https:\/\/mandarinoart.pl\/wp-content\/uploads\/2026\/03\/20260222_151208k-600x388.jpg 600w\" sizes=\"(max-width: 203px) 100vw, 203px\" \/><\/a><\/p>\n","protected":false},"featured_media":6745,"template":"","meta":{"site-sidebar-layout":"default","site-content-layout":"","ast-site-content-layout":"default","site-content-style":"default","site-sidebar-style":"default","ast-global-header-display":"","ast-banner-title-visibility":"","ast-main-header-display":"","ast-hfb-above-header-display":"","ast-hfb-below-header-display":"","ast-hfb-mobile-header-display":"","site-post-title":"","ast-breadcrumbs-content":"","ast-featured-img":"","footer-sml-layout":"","theme-transparent-header-meta":"default","adv-header-id-meta":"","stick-header-meta":"","header-above-stick-meta":"","header-main-stick-meta":"","header-below-stick-meta":"","astra-migrate-meta-layouts":"set","ast-page-background-enabled":"default","ast-page-background-meta":{"desktop":{"background-color":"var(--ast-global-color-5)","background-image":"","background-repeat":"repeat","background-position":"center center","background-size":"auto","background-attachment":"scroll","background-type":"","background-media":"","overlay-type":"","overlay-color":"","overlay-opacity":"","overlay-gradient":""},"tablet":{"background-color":"","background-image":"","background-repeat":"repeat","background-position":"center center","background-size":"auto","background-attachment":"scroll","background-type":"","background-media":"","overlay-type":"","overlay-color":"","overlay-opacity":"","overlay-gradient":""},"mobile":{"background-color":"","background-image":"","background-repeat":"repeat","background-position":"center center","background-size":"auto","background-attachment":"scroll","background-type":"","background-media":"","overlay-type":"","overlay-color":"","overlay-opacity":"","overlay-gradient":""}},"ast-content-background-meta":{"desktop":{"background-color":"var(--ast-global-color-4)","background-image":"","background-repeat":"repeat","background-position":"center center","background-size":"auto","background-attachment":"scroll","background-type":"","background-media":"","overlay-type":"","overlay-color":"","overlay-opacity":"","overlay-gradient":""},"tablet":{"background-color":"var(--ast-global-color-4)","background-image":"","background-repeat":"repeat","background-position":"center center","background-size":"auto","background-attachment":"scroll","background-type":"","background-media":"","overlay-type":"","overlay-color":"","overlay-opacity":"","overlay-gradient":""},"mobile":{"background-color":"var(--ast-global-color-4)","background-image":"","background-repeat":"repeat","background-position":"center center","background-size":"auto","background-attachment":"scroll","background-type":"","background-media":"","overlay-type":"","overlay-color":"","overlay-opacity":"","overlay-gradient":""}}},"product_brand":[],"product_cat":[55,51,52,21,19,56,57,53,54],"product_tag":[91,102,86,125,85,111],"class_list":{"0":"post-6748","1":"product","2":"type-product","3":"status-publish","4":"has-post-thumbnail","6":"product_cat-baby-shower","7":"product_cat-chrzest","8":"product_cat-komunia-swieta","9":"product_cat-nowosci","10":"product_cat-podziekowania-dla-gosci","11":"product_cat-roczek","12":"product_cat-urodziny","13":"product_cat-wesele","14":"product_cat-wieczor-panienski","15":"product_tag-komunia","16":"product_tag-nowosc","17":"product_tag-podziekowania-dla-gosci","18":"product_tag-podziekowanie-na-komunie","19":"product_tag-swiece-na-podziekowania","20":"product_tag-swiece-roze","21":"desktop-align-left","22":"tablet-align-left","23":"mobile-align-left","25":"first","26":"instock","27":"shipping-taxable","28":"purchasable","29":"product-type-variable"},"yoast_head":"<!-- This site is optimized with the Yoast SEO plugin v26.5 - https:\/\/yoast.com\/wordpress\/plugins\/seo\/ -->\n<title>Tulipany w tiulu jako szykowne podzi\u0119kowania<\/title>\n<meta name=\"description\" content=\"Zaskocz swoich go\u015bci unikalnymi \u015bwiecami - na Komuni\u0119, \u015alub, Chrzest, Utodziny. Stw\u00f3rz niezapomniane wspomnienia z naszymi wyj\u0105tkowymi wzorami! \u2665\u2665\" \/>\n<meta name=\"robots\" content=\"index, follow, max-snippet:-1, max-image-preview:large, max-video-preview:-1\" \/>\n<link rel=\"canonical\" href=\"https:\/\/mandarinoart.pl\/index.php\/produkt\/tulipany-tiul\/\" \/>\n<meta property=\"og:locale\" content=\"pl_PL\" \/>\n<meta property=\"og:type\" content=\"article\" \/>\n<meta property=\"og:title\" content=\"Tulipany w tiulu jako szykowne podzi\u0119kowania\" \/>\n<meta property=\"og:description\" content=\"Zaskocz swoich go\u015bci unikalnymi \u015bwiecami - na Komuni\u0119, \u015alub, Chrzest, Utodziny. Stw\u00f3rz niezapomniane wspomnienia z naszymi wyj\u0105tkowymi wzorami! \u2665\u2665\" \/>\n<meta property=\"og:url\" content=\"https:\/\/mandarinoart.pl\/index.php\/produkt\/tulipany-tiul\/\" \/>\n<meta property=\"og:site_name\" content=\"Mandarino Art\" \/>\n<meta property=\"article:publisher\" content=\"https:\/\/www.facebook.com\/profile.php?id=61553468730793\" \/>\n<meta property=\"article:modified_time\" content=\"2026-04-18T10:45:21+00:00\" \/>\n<meta property=\"og:image\" content=\"https:\/\/mandarinoart.pl\/wp-content\/uploads\/2026\/03\/20260310_105231-scaled-e1773352888980.jpg\" \/>\n\t<meta property=\"og:image:width\" content=\"1440\" \/>\n\t<meta property=\"og:image:height\" content=\"1860\" \/>\n\t<meta property=\"og:image:type\" content=\"image\/jpeg\" \/>\n<meta name=\"twitter:card\" content=\"summary_large_image\" \/>\n<meta name=\"twitter:label1\" content=\"Szacowany czas czytania\" \/>\n\t<meta name=\"twitter:data1\" content=\"4 minuty\" \/>\n<script type=\"application\/ld+json\" class=\"yoast-schema-graph\">{\"@context\":\"https:\/\/schema.org\",\"@graph\":[{\"@type\":\"WebPage\",\"@id\":\"https:\/\/mandarinoart.pl\/index.php\/produkt\/tulipany-tiul\/\",\"url\":\"https:\/\/mandarinoart.pl\/index.php\/produkt\/tulipany-tiul\/\",\"name\":\"Tulipany w tiulu jako szykowne podzi\u0119kowania\",\"isPartOf\":{\"@id\":\"https:\/\/mandarinoart.pl\/#website\"},\"primaryImageOfPage\":{\"@id\":\"https:\/\/mandarinoart.pl\/index.php\/produkt\/tulipany-tiul\/#primaryimage\"},\"image\":{\"@id\":\"https:\/\/mandarinoart.pl\/index.php\/produkt\/tulipany-tiul\/#primaryimage\"},\"thumbnailUrl\":\"https:\/\/mandarinoart.pl\/wp-content\/uploads\/2026\/03\/20260310_105231-scaled-e1773352888980.jpg\",\"datePublished\":\"2026-03-12T17:17:16+00:00\",\"dateModified\":\"2026-04-18T10:45:21+00:00\",\"description\":\"Zaskocz swoich go\u015bci unikalnymi \u015bwiecami - na Komuni\u0119, \u015alub, Chrzest, Utodziny. Stw\u00f3rz niezapomniane wspomnienia z naszymi wyj\u0105tkowymi wzorami! \u2665\u2665\",\"breadcrumb\":{\"@id\":\"https:\/\/mandarinoart.pl\/index.php\/produkt\/tulipany-tiul\/#breadcrumb\"},\"inLanguage\":\"pl-PL\",\"potentialAction\":[{\"@type\":\"ReadAction\",\"target\":[\"https:\/\/mandarinoart.pl\/index.php\/produkt\/tulipany-tiul\/\"]}]},{\"@type\":\"ImageObject\",\"inLanguage\":\"pl-PL\",\"@id\":\"https:\/\/mandarinoart.pl\/index.php\/produkt\/tulipany-tiul\/#primaryimage\",\"url\":\"https:\/\/mandarinoart.pl\/wp-content\/uploads\/2026\/03\/20260310_105231-scaled-e1773352888980.jpg\",\"contentUrl\":\"https:\/\/mandarinoart.pl\/wp-content\/uploads\/2026\/03\/20260310_105231-scaled-e1773352888980.jpg\",\"width\":1440,\"height\":1860},{\"@type\":\"BreadcrumbList\",\"@id\":\"https:\/\/mandarinoart.pl\/index.php\/produkt\/tulipany-tiul\/#breadcrumb\",\"itemListElement\":[{\"@type\":\"ListItem\",\"position\":1,\"name\":\"Strona g\u0142\u00f3wna\",\"item\":\"https:\/\/mandarinoart.pl\/\"},{\"@type\":\"ListItem\",\"position\":2,\"name\":\"Sklep\",\"item\":\"https:\/\/mandarinoart.pl\/index.php\/sklep\/\"},{\"@type\":\"ListItem\",\"position\":3,\"name\":\"Tulipany w tiulu &#8211; Eleganckie podzi\u0119kowania\"}]},{\"@type\":\"WebSite\",\"@id\":\"https:\/\/mandarinoart.pl\/#website\",\"url\":\"https:\/\/mandarinoart.pl\/\",\"name\":\"Mandarino Art Decor\",\"description\":\"\",\"publisher\":{\"@id\":\"https:\/\/mandarinoart.pl\/#organization\"},\"potentialAction\":[{\"@type\":\"SearchAction\",\"target\":{\"@type\":\"EntryPoint\",\"urlTemplate\":\"https:\/\/mandarinoart.pl\/?s={search_term_string}\"},\"query-input\":{\"@type\":\"PropertyValueSpecification\",\"valueRequired\":true,\"valueName\":\"search_term_string\"}}],\"inLanguage\":\"pl-PL\"},{\"@type\":\"Organization\",\"@id\":\"https:\/\/mandarinoart.pl\/#organization\",\"name\":\"Mandarino Art Decor\",\"url\":\"https:\/\/mandarinoart.pl\/\",\"logo\":{\"@type\":\"ImageObject\",\"inLanguage\":\"pl-PL\",\"@id\":\"https:\/\/mandarinoart.pl\/#\/schema\/logo\/image\/\",\"url\":\"https:\/\/mandarinoart.pl\/wp-content\/uploads\/2025\/02\/cropped-Logo_transparent.png\",\"contentUrl\":\"https:\/\/mandarinoart.pl\/wp-content\/uploads\/2025\/02\/cropped-Logo_transparent.png\",\"width\":591,\"height\":197,\"caption\":\"Mandarino Art Decor\"},\"image\":{\"@id\":\"https:\/\/mandarinoart.pl\/#\/schema\/logo\/image\/\"},\"sameAs\":[\"https:\/\/www.facebook.com\/profile.php?id=61553468730793\",\"https:\/\/www.instagram.com\/Mandarino_Candle\/?fbclid=IwY2xjawIoRQZleHRuA2FlbQIxMAABHV0lW5lNE7hJxvGNQtw42Ns1dw_Ll4G4YQ9LZaRsOkieykrFA3lNfCyS3g_aem_Nx9Tw7e5op2DlxHJ5Bc5Lg#\"]}]}<\/script>\n<!-- \/ Yoast SEO plugin. -->","yoast_head_json":{"title":"Tulipany w tiulu jako szykowne podzi\u0119kowania","description":"Zaskocz swoich go\u015bci unikalnymi \u015bwiecami - na Komuni\u0119, \u015alub, Chrzest, Utodziny. Stw\u00f3rz niezapomniane wspomnienia z naszymi wyj\u0105tkowymi wzorami! \u2665\u2665","robots":{"index":"index","follow":"follow","max-snippet":"max-snippet:-1","max-image-preview":"max-image-preview:large","max-video-preview":"max-video-preview:-1"},"canonical":"https:\/\/mandarinoart.pl\/index.php\/produkt\/tulipany-tiul\/","og_locale":"pl_PL","og_type":"article","og_title":"Tulipany w tiulu jako szykowne podzi\u0119kowania","og_description":"Zaskocz swoich go\u015bci unikalnymi \u015bwiecami - na Komuni\u0119, \u015alub, Chrzest, Utodziny. Stw\u00f3rz niezapomniane wspomnienia z naszymi wyj\u0105tkowymi wzorami! \u2665\u2665","og_url":"https:\/\/mandarinoart.pl\/index.php\/produkt\/tulipany-tiul\/","og_site_name":"Mandarino Art","article_publisher":"https:\/\/www.facebook.com\/profile.php?id=61553468730793","article_modified_time":"2026-04-18T10:45:21+00:00","og_image":[{"width":1440,"height":1860,"url":"https:\/\/mandarinoart.pl\/wp-content\/uploads\/2026\/03\/20260310_105231-scaled-e1773352888980.jpg","type":"image\/jpeg"}],"twitter_card":"summary_large_image","twitter_misc":{"Szacowany czas czytania":"4 minuty"},"schema":{"@context":"https:\/\/schema.org","@graph":[{"@type":"WebPage","@id":"https:\/\/mandarinoart.pl\/index.php\/produkt\/tulipany-tiul\/","url":"https:\/\/mandarinoart.pl\/index.php\/produkt\/tulipany-tiul\/","name":"Tulipany w tiulu jako szykowne podzi\u0119kowania","isPartOf":{"@id":"https:\/\/mandarinoart.pl\/#website"},"primaryImageOfPage":{"@id":"https:\/\/mandarinoart.pl\/index.php\/produkt\/tulipany-tiul\/#primaryimage"},"image":{"@id":"https:\/\/mandarinoart.pl\/index.php\/produkt\/tulipany-tiul\/#primaryimage"},"thumbnailUrl":"https:\/\/mandarinoart.pl\/wp-content\/uploads\/2026\/03\/20260310_105231-scaled-e1773352888980.jpg","datePublished":"2026-03-12T17:17:16+00:00","dateModified":"2026-04-18T10:45:21+00:00","description":"Zaskocz swoich go\u015bci unikalnymi \u015bwiecami - na Komuni\u0119, \u015alub, Chrzest, Utodziny. Stw\u00f3rz niezapomniane wspomnienia z naszymi wyj\u0105tkowymi wzorami! \u2665\u2665","breadcrumb":{"@id":"https:\/\/mandarinoart.pl\/index.php\/produkt\/tulipany-tiul\/#breadcrumb"},"inLanguage":"pl-PL","potentialAction":[{"@type":"ReadAction","target":["https:\/\/mandarinoart.pl\/index.php\/produkt\/tulipany-tiul\/"]}]},{"@type":"ImageObject","inLanguage":"pl-PL","@id":"https:\/\/mandarinoart.pl\/index.php\/produkt\/tulipany-tiul\/#primaryimage","url":"https:\/\/mandarinoart.pl\/wp-content\/uploads\/2026\/03\/20260310_105231-scaled-e1773352888980.jpg","contentUrl":"https:\/\/mandarinoart.pl\/wp-content\/uploads\/2026\/03\/20260310_105231-scaled-e1773352888980.jpg","width":1440,"height":1860},{"@type":"BreadcrumbList","@id":"https:\/\/mandarinoart.pl\/index.php\/produkt\/tulipany-tiul\/#breadcrumb","itemListElement":[{"@type":"ListItem","position":1,"name":"Strona g\u0142\u00f3wna","item":"https:\/\/mandarinoart.pl\/"},{"@type":"ListItem","position":2,"name":"Sklep","item":"https:\/\/mandarinoart.pl\/index.php\/sklep\/"},{"@type":"ListItem","position":3,"name":"Tulipany w tiulu &#8211; Eleganckie podzi\u0119kowania"}]},{"@type":"WebSite","@id":"https:\/\/mandarinoart.pl\/#website","url":"https:\/\/mandarinoart.pl\/","name":"Mandarino Art Decor","description":"","publisher":{"@id":"https:\/\/mandarinoart.pl\/#organization"},"potentialAction":[{"@type":"SearchAction","target":{"@type":"EntryPoint","urlTemplate":"https:\/\/mandarinoart.pl\/?s={search_term_string}"},"query-input":{"@type":"PropertyValueSpecification","valueRequired":true,"valueName":"search_term_string"}}],"inLanguage":"pl-PL"},{"@type":"Organization","@id":"https:\/\/mandarinoart.pl\/#organization","name":"Mandarino Art Decor","url":"https:\/\/mandarinoart.pl\/","logo":{"@type":"ImageObject","inLanguage":"pl-PL","@id":"https:\/\/mandarinoart.pl\/#\/schema\/logo\/image\/","url":"https:\/\/mandarinoart.pl\/wp-content\/uploads\/2025\/02\/cropped-Logo_transparent.png","contentUrl":"https:\/\/mandarinoart.pl\/wp-content\/uploads\/2025\/02\/cropped-Logo_transparent.png","width":591,"height":197,"caption":"Mandarino Art Decor"},"image":{"@id":"https:\/\/mandarinoart.pl\/#\/schema\/logo\/image\/"},"sameAs":["https:\/\/www.facebook.com\/profile.php?id=61553468730793","https:\/\/www.instagram.com\/Mandarino_Candle\/?fbclid=IwY2xjawIoRQZleHRuA2FlbQIxMAABHV0lW5lNE7hJxvGNQtw42Ns1dw_Ll4G4YQ9LZaRsOkieykrFA3lNfCyS3g_aem_Nx9Tw7e5op2DlxHJ5Bc5Lg#"]}]}},"_links":{"self":[{"href":"https:\/\/mandarinoart.pl\/index.php\/wp-json\/wp\/v2\/product\/6748","targetHints":{"allow":["GET"]}}],"collection":[{"href":"https:\/\/mandarinoart.pl\/index.php\/wp-json\/wp\/v2\/product"}],"about":[{"href":"https:\/\/mandarinoart.pl\/index.php\/wp-json\/wp\/v2\/types\/product"}],"wp:featuredmedia":[{"embeddable":true,"href":"https:\/\/mandarinoart.pl\/index.php\/wp-json\/wp\/v2\/media\/6745"}],"wp:attachment":[{"href":"https:\/\/mandarinoart.pl\/index.php\/wp-json\/wp\/v2\/media?parent=6748"}],"wp:term":[{"taxonomy":"product_brand","embeddable":true,"href":"https:\/\/mandarinoart.pl\/index.php\/wp-json\/wp\/v2\/product_brand?post=6748"},{"taxonomy":"product_cat","embeddable":true,"href":"https:\/\/mandarinoart.pl\/index.php\/wp-json\/wp\/v2\/product_cat?post=6748"},{"taxonomy":"product_tag","embeddable":true,"href":"https:\/\/mandarinoart.pl\/index.php\/wp-json\/wp\/v2\/product_tag?post=6748"}],"curies":[{"name":"wp","href":"https:\/\/api.w.org\/{rel}","templated":true}]}}