{"id":5279,"date":"2025-11-24T17:37:34","date_gmt":"2025-11-24T16:37:34","guid":{"rendered":"https:\/\/mandarinoart.pl\/?post_type=product&#038;p=5279"},"modified":"2026-02-23T18:49:12","modified_gmt":"2026-02-23T17:49:12","slug":"box-swiateczny-bestsellerowe-swiece","status":"publish","type":"product","link":"https:\/\/mandarinoart.pl\/index.php\/produkt\/box-swiateczny-bestsellerowe-swiece\/","title":{"rendered":"BOX \u015aWI\u0104TECZNY BESTSELLEROWE \u015aWIECE !!"},"content":{"rendered":"<h2><a href=\"https:\/\/mandarinoart.pl\/index.php\/kategoria-produktu\/swiece-sojowe\/zestawy-na-prezent\/\"><img fetchpriority=\"high\" decoding=\"async\" class=\"wp-image-4874 aligncenter\" src=\"https:\/\/mandarinoart.pl\/wp-content\/uploads\/2025\/11\/CHRISTMAS-1-300x134.png\" alt=\"\" width=\"622\" height=\"278\" srcset=\"https:\/\/mandarinoart.pl\/wp-content\/uploads\/2025\/11\/CHRISTMAS-1-300x134.png 300w, https:\/\/mandarinoart.pl\/wp-content\/uploads\/2025\/11\/CHRISTMAS-1-1024x459.png 1024w, https:\/\/mandarinoart.pl\/wp-content\/uploads\/2025\/11\/CHRISTMAS-1-768x344.png 768w, https:\/\/mandarinoart.pl\/wp-content\/uploads\/2025\/11\/CHRISTMAS-1-600x269.png 600w, https:\/\/mandarinoart.pl\/wp-content\/uploads\/2025\/11\/CHRISTMAS-1.png 1340w\" sizes=\"(max-width: 622px) 100vw, 622px\" \/><\/a><\/h2>\n<h2 style=\"text-align: center;\"><span style=\"color: #ad8910;\">Poznaj wyj\u0105tkowe \u015awi\u0105teczne \u015awiece<\/span><\/h2>\n<p style=\"text-align: center;\"><span style=\"color: #ad8910;\"><em>by Mandarino Art Decor<\/em><\/span><\/p>\n<p>Szukasz pi\u0119knego, oryginalnego prezentu?<\/p>\n<p>Nasze r\u0119czne robione \u015bwiece sojowe zachwyc\u0105 uroczymi dekoracjami inspirowanymi bo\u017conarodzeniowymi tradycjami. W naszej ofercie \u015bwi\u0105tecznej znajdziesz:<\/p>\n<ul>\n<li>boxy prezentowe<\/li>\n<li>pi\u0119kne \u015bwiece w szkle<\/li>\n<li>ma\u0142e \u015bwiece jako podarunki dla Bliskich, Klient\u00f3w, Pracownik\u00f3w<\/li>\n<\/ul>\n<p>Czas realizacji wynosi do 14 dni roboczych ze wzgl\u0119du na r\u0119czne wykonanie oraz unikalny charakter produktu.<\/p>\n<p><strong>Spraw, aby te \u015awi\u0119ta by\u0142y radosne i pe\u0142ne magii \u2665<\/strong><\/p>\n<hr \/>\n<h2 style=\"text-align: center;\"><span style=\"color: #bfb606;\">Jak zam\u00f3wi\u0107 \u015bwiece na podzi\u0119kowania ?<\/span><\/h2>\n<p style=\"text-align: center;\">\u221a <em><span style=\"color: #993300;\">Wybierz<\/span> <\/em>zapach \u015bwiec.<\/p>\n<p style=\"text-align: center;\">\u221a <span style=\"color: #993300;\"><em>Wybierz<\/em><\/span> elementy dekoracyjne: <em>KOLOR WST\u0104\u017bKI \/ KOKARDY<\/em> oraz stw\u00f3rz w pe\u0142ni peronalizowane zawieszki<\/p>\n<p style=\"text-align: center;\">(w <em>polu &#8222;NAPIS NA ZAWIESZCE&#8221;<\/em>: <span style=\"color: #993300;\">Podaj IMI\u0118<\/span>, kt\u00f3re umie\u015bcimy na zwieszce oraz <span style=\"color: #993300;\">DAT\u0118 UROCZYSTO\u015aCI<\/span>)<\/p>\n<p style=\"text-align: center;\"><span style=\"color: #993300;\"><em>\u221a Dodaj do koszyka<\/em><\/span> (1 sztuka &#8211; 1\u00a0 \u015bwieczka) i przejd\u017a do zakupu.<\/p>\n<hr \/>\n<h2 style=\"text-align: center;\"><span style=\"color: #bfb606;\"><strong>Dlaczego warto wybra\u0107 \u015bwiece sojowe Mandarino ART DECOR?<\/strong><\/span><\/h2>\n<p>&nbsp;<\/p>\n<ul>\n<li><strong>U\u017cywamy wysokiej jako\u015bci sk\u0142adnik\u00f3w:<\/strong> 100% wosk sojowy pochodzenia ro\u015blinnego, eco barwniki bez paraben\u00f3w zgodne z normami REACH, wysokiej jako\u015bci olejki zapachowe z certyfikatem IFRA.<\/li>\n<li><strong>Wykonanie HANDMADE:<\/strong>\u00a0 \u015awiece tworzymy r\u0119cznie z niezwyk\u0142\u0105 staranno\u015bci\u0105, dbaj\u0105c o ka\u017cdy detal.<\/li>\n<li><strong>Szeroki wyb\u00f3r zapach\u00f3w<\/strong>: Dost\u0119pnych jest 8 r\u00f3\u017cnych zapach\u00f3w do wyboru.<\/li>\n<li><strong>Nasze \u015bwiece charakteryzuje wyj\u0105tkowy DESIGN:<\/strong> Kwiatowe dekoracje, z\u0142ote dodatki.<\/li>\n<\/ul>\n<p><img decoding=\"async\" class=\"wp-image-1084 aligncenter\" src=\"https:\/\/mandarinoart.pl\/wp-content\/uploads\/2025\/03\/DM1-300x111.png\" alt=\"\" width=\"427\" height=\"158\" srcset=\"https:\/\/mandarinoart.pl\/wp-content\/uploads\/2025\/03\/DM1-300x111.png 300w, https:\/\/mandarinoart.pl\/wp-content\/uploads\/2025\/03\/DM1-768x284.png 768w, https:\/\/mandarinoart.pl\/wp-content\/uploads\/2025\/03\/DM1-600x222.png 600w, https:\/\/mandarinoart.pl\/wp-content\/uploads\/2025\/03\/DM1.png 851w\" sizes=\"(max-width: 427px) 100vw, 427px\" \/><\/p>\n<hr \/>\n<div><\/div>\n","protected":false},"excerpt":{"rendered":"<p>Nie masz pomys\u0142u na gotowy prezent? \u2665<\/p>\n<p>BOX PREZENTOWY w formie 5 \u015aWIEC NASZYCH BESTSELLER\u00d3W !!!<\/p>\n<ul>\n<li>5 R\u00d3\u017bNYCH \u015aWIEC<\/li>\n<li>5 AKCENT\u00d3W BO\u017bONARODZENIOWYCH<\/li>\n<li>W\u0141ASNE PROJEKTY by Mandarino Art Decor<\/li>\n<\/ul>\n<p>Pi\u0119kne detale, zdobienia \u015bwiec, akcenty bo\u017conarodzeniowe zachwyc\u0105 wygl\u0105dem Twoich Bliskich, Go\u015bci, Klient\u00f3w. \u015awiece wykonane w 100%\u00a0 z wosku sojowego oraz r\u0119czne zdobienia, kt\u00f3re nadaj\u0105 unikatowo\u015bci \u015bwiec.<\/p>\n<h3 style=\"text-align: center;\">Najpi\u0119kniejsze prezenty &#8211; s\u0105 te spersonalizowane&#8230; i od serca!<\/h3>\n<p>&nbsp;<\/p>\n<p><strong>SK\u0141AD BOXU \u015aWI\u0104TECZNEGO :<\/strong><\/p>\n<ul>\n<li>\u015awieca &#8222;GWIAZDA BETLEJEMSKA&#8221;<\/li>\n<li>\u015awieca &#8222;CHOINKA&#8221;<\/li>\n<li>\u015awieca &#8222;BA\u0141WAN&#8221;<\/li>\n<li>\u015awieca &#8222;\u015aWI\u0104TECZNY PIERNIK&#8221;<\/li>\n<li>\u015awieca &#8222;\u015aWI\u0104TECZNY MI\u015a&#8221;<\/li>\n<li><strong>Wymiary \u015bwiec:<\/strong> \u015brednica: 5,7 cm; wysoko\u015b\u0107: 4,5 cm; Waga: 50-70g<\/li>\n<li>Pi\u0119kne, \u015bwi\u0105teczne pude\u0142ko prezentowe ze wst\u0105\u017ckami + zdobienia (pere\u0142ki, \u015bnie\u017cynka, naklejka, ozdoba z listkiem&amp;kokard\u0105)<\/li>\n<\/ul>\n<p><span style=\"color: #b5990d;\"><strong>WA\u017bNE: CZAS REALIZACJI to ok 14 dni<\/strong><\/span><\/p>\n<p><span style=\"color: #b5990d;\"><strong>Opcjonalnie mo\u017cesz umie\u015bci\u0107 napis \/ \u017cyczenia na zawieszce. <\/strong><\/span><\/p>\n<p><span style=\"color: #b5990d;\"><strong>Dost\u0119pne inne boxy:<\/strong><\/span><\/p>\n<p><a href=\"https:\/\/mandarinoart.pl\/index.php\/produkt\/box-swiateczny-nr-4\/\"><img decoding=\"async\" class=\"alignnone wp-image-4936\" src=\"https:\/\/mandarinoart.pl\/wp-content\/uploads\/2025\/11\/20251116_201141-187x300.jpg\" alt=\"\" width=\"173\" height=\"278\" srcset=\"https:\/\/mandarinoart.pl\/wp-content\/uploads\/2025\/11\/20251116_201141-187x300.jpg 187w, https:\/\/mandarinoart.pl\/wp-content\/uploads\/2025\/11\/20251116_201141-639x1024.jpg 639w, https:\/\/mandarinoart.pl\/wp-content\/uploads\/2025\/11\/20251116_201141-768x1230.jpg 768w, https:\/\/mandarinoart.pl\/wp-content\/uploads\/2025\/11\/20251116_201141-959x1536.jpg 959w, https:\/\/mandarinoart.pl\/wp-content\/uploads\/2025\/11\/20251116_201141-1279x2048.jpg 1279w, https:\/\/mandarinoart.pl\/wp-content\/uploads\/2025\/11\/20251116_201141-600x961.jpg 600w, https:\/\/mandarinoart.pl\/wp-content\/uploads\/2025\/11\/20251116_201141-scaled.jpg 1599w\" sizes=\"(max-width: 173px) 100vw, 173px\" \/><\/a><\/p>\n","protected":false},"featured_media":5250,"template":"","meta":{"site-sidebar-layout":"default","site-content-layout":"","ast-site-content-layout":"default","site-content-style":"default","site-sidebar-style":"default","ast-global-header-display":"","ast-banner-title-visibility":"","ast-main-header-display":"","ast-hfb-above-header-display":"","ast-hfb-below-header-display":"","ast-hfb-mobile-header-display":"","site-post-title":"","ast-breadcrumbs-content":"","ast-featured-img":"","footer-sml-layout":"","theme-transparent-header-meta":"default","adv-header-id-meta":"","stick-header-meta":"","header-above-stick-meta":"","header-main-stick-meta":"","header-below-stick-meta":"","astra-migrate-meta-layouts":"set","ast-page-background-enabled":"default","ast-page-background-meta":{"desktop":{"background-color":"var(--ast-global-color-5)","background-image":"","background-repeat":"repeat","background-position":"center center","background-size":"auto","background-attachment":"scroll","background-type":"","background-media":"","overlay-type":"","overlay-color":"","overlay-opacity":"","overlay-gradient":""},"tablet":{"background-color":"","background-image":"","background-repeat":"repeat","background-position":"center center","background-size":"auto","background-attachment":"scroll","background-type":"","background-media":"","overlay-type":"","overlay-color":"","overlay-opacity":"","overlay-gradient":""},"mobile":{"background-color":"","background-image":"","background-repeat":"repeat","background-position":"center center","background-size":"auto","background-attachment":"scroll","background-type":"","background-media":"","overlay-type":"","overlay-color":"","overlay-opacity":"","overlay-gradient":""}},"ast-content-background-meta":{"desktop":{"background-color":"var(--ast-global-color-4)","background-image":"","background-repeat":"repeat","background-position":"center center","background-size":"auto","background-attachment":"scroll","background-type":"","background-media":"","overlay-type":"","overlay-color":"","overlay-opacity":"","overlay-gradient":""},"tablet":{"background-color":"var(--ast-global-color-4)","background-image":"","background-repeat":"repeat","background-position":"center center","background-size":"auto","background-attachment":"scroll","background-type":"","background-media":"","overlay-type":"","overlay-color":"","overlay-opacity":"","overlay-gradient":""},"mobile":{"background-color":"var(--ast-global-color-4)","background-image":"","background-repeat":"repeat","background-position":"center center","background-size":"auto","background-attachment":"scroll","background-type":"","background-media":"","overlay-type":"","overlay-color":"","overlay-opacity":"","overlay-gradient":""}}},"product_brand":[],"product_cat":[50],"product_tag":[190,183,85,182],"class_list":{"0":"post-5279","1":"product","2":"type-product","3":"status-publish","4":"has-post-thumbnail","6":"product_cat-zestawy-na-prezent","7":"product_tag-box-swiateczny","8":"product_tag-boze-narodzenie","9":"product_tag-swiece-na-podziekowania","10":"product_tag-swiece-swiateczne","11":"desktop-align-left","12":"tablet-align-left","13":"mobile-align-left","15":"first","16":"outofstock","17":"shipping-taxable","18":"purchasable","19":"product-type-variable"},"yoast_head":"<!-- This site is optimized with the Yoast SEO plugin v26.5 - https:\/\/yoast.com\/wordpress\/plugins\/seo\/ -->\n<title>BOX BESTSELLEROWE \u015aWIECE PREZENT<\/title>\n<meta name=\"description\" content=\"Box prezentowy w formie \u015bwiec sojowych. Idealna jako podarunek pod choink\u0119. BOX \u015aWI\u0104TECZNY - 5 BESTSELLEROWYCH \u015aWIEC by Mandarino Art Decor mandarinoart.pl\" \/>\n<meta name=\"robots\" content=\"index, follow, max-snippet:-1, max-image-preview:large, max-video-preview:-1\" \/>\n<link rel=\"canonical\" href=\"https:\/\/mandarinoart.pl\/index.php\/produkt\/box-swiateczny-bestsellerowe-swiece\/\" \/>\n<meta property=\"og:locale\" content=\"pl_PL\" \/>\n<meta property=\"og:type\" content=\"article\" \/>\n<meta property=\"og:title\" content=\"BOX BESTSELLEROWE \u015aWIECE PREZENT\" \/>\n<meta property=\"og:description\" content=\"Box prezentowy w formie \u015bwiec sojowych. Idealna jako podarunek pod choink\u0119. BOX \u015aWI\u0104TECZNY - 5 BESTSELLEROWYCH \u015aWIEC by Mandarino Art Decor mandarinoart.pl\" \/>\n<meta property=\"og:url\" content=\"https:\/\/mandarinoart.pl\/index.php\/produkt\/box-swiateczny-bestsellerowe-swiece\/\" \/>\n<meta property=\"og:site_name\" content=\"Mandarino Art\" \/>\n<meta property=\"article:publisher\" content=\"https:\/\/www.facebook.com\/profile.php?id=61553468730793\" \/>\n<meta property=\"article:modified_time\" content=\"2026-02-23T17:49:12+00:00\" \/>\n<meta property=\"og:image\" content=\"https:\/\/mandarinoart.pl\/wp-content\/uploads\/2025\/11\/20251122_203951-scaled.jpg\" \/>\n\t<meta property=\"og:image:width\" content=\"1903\" \/>\n\t<meta property=\"og:image:height\" content=\"2560\" \/>\n\t<meta property=\"og:image:type\" content=\"image\/jpeg\" \/>\n<meta name=\"twitter:card\" content=\"summary_large_image\" \/>\n<meta name=\"twitter:label1\" content=\"Szacowany czas czytania\" \/>\n\t<meta name=\"twitter:data1\" content=\"2 minuty\" \/>\n<script type=\"application\/ld+json\" class=\"yoast-schema-graph\">{\"@context\":\"https:\/\/schema.org\",\"@graph\":[{\"@type\":\"WebPage\",\"@id\":\"https:\/\/mandarinoart.pl\/index.php\/produkt\/box-swiateczny-bestsellerowe-swiece\/\",\"url\":\"https:\/\/mandarinoart.pl\/index.php\/produkt\/box-swiateczny-bestsellerowe-swiece\/\",\"name\":\"BOX BESTSELLEROWE \u015aWIECE PREZENT\",\"isPartOf\":{\"@id\":\"https:\/\/mandarinoart.pl\/#website\"},\"primaryImageOfPage\":{\"@id\":\"https:\/\/mandarinoart.pl\/index.php\/produkt\/box-swiateczny-bestsellerowe-swiece\/#primaryimage\"},\"image\":{\"@id\":\"https:\/\/mandarinoart.pl\/index.php\/produkt\/box-swiateczny-bestsellerowe-swiece\/#primaryimage\"},\"thumbnailUrl\":\"https:\/\/mandarinoart.pl\/wp-content\/uploads\/2025\/11\/20251122_203951-scaled.jpg\",\"datePublished\":\"2025-11-24T16:37:34+00:00\",\"dateModified\":\"2026-02-23T17:49:12+00:00\",\"description\":\"Box prezentowy w formie \u015bwiec sojowych. Idealna jako podarunek pod choink\u0119. BOX \u015aWI\u0104TECZNY - 5 BESTSELLEROWYCH \u015aWIEC by Mandarino Art Decor mandarinoart.pl\",\"breadcrumb\":{\"@id\":\"https:\/\/mandarinoart.pl\/index.php\/produkt\/box-swiateczny-bestsellerowe-swiece\/#breadcrumb\"},\"inLanguage\":\"pl-PL\",\"potentialAction\":[{\"@type\":\"ReadAction\",\"target\":[\"https:\/\/mandarinoart.pl\/index.php\/produkt\/box-swiateczny-bestsellerowe-swiece\/\"]}]},{\"@type\":\"ImageObject\",\"inLanguage\":\"pl-PL\",\"@id\":\"https:\/\/mandarinoart.pl\/index.php\/produkt\/box-swiateczny-bestsellerowe-swiece\/#primaryimage\",\"url\":\"https:\/\/mandarinoart.pl\/wp-content\/uploads\/2025\/11\/20251122_203951-scaled.jpg\",\"contentUrl\":\"https:\/\/mandarinoart.pl\/wp-content\/uploads\/2025\/11\/20251122_203951-scaled.jpg\",\"width\":1903,\"height\":2560},{\"@type\":\"BreadcrumbList\",\"@id\":\"https:\/\/mandarinoart.pl\/index.php\/produkt\/box-swiateczny-bestsellerowe-swiece\/#breadcrumb\",\"itemListElement\":[{\"@type\":\"ListItem\",\"position\":1,\"name\":\"Strona g\u0142\u00f3wna\",\"item\":\"https:\/\/mandarinoart.pl\/\"},{\"@type\":\"ListItem\",\"position\":2,\"name\":\"Sklep\",\"item\":\"https:\/\/mandarinoart.pl\/index.php\/sklep\/\"},{\"@type\":\"ListItem\",\"position\":3,\"name\":\"BOX \u015aWI\u0104TECZNY BESTSELLEROWE \u015aWIECE !!\"}]},{\"@type\":\"WebSite\",\"@id\":\"https:\/\/mandarinoart.pl\/#website\",\"url\":\"https:\/\/mandarinoart.pl\/\",\"name\":\"Mandarino Art Decor\",\"description\":\"\",\"publisher\":{\"@id\":\"https:\/\/mandarinoart.pl\/#organization\"},\"potentialAction\":[{\"@type\":\"SearchAction\",\"target\":{\"@type\":\"EntryPoint\",\"urlTemplate\":\"https:\/\/mandarinoart.pl\/?s={search_term_string}\"},\"query-input\":{\"@type\":\"PropertyValueSpecification\",\"valueRequired\":true,\"valueName\":\"search_term_string\"}}],\"inLanguage\":\"pl-PL\"},{\"@type\":\"Organization\",\"@id\":\"https:\/\/mandarinoart.pl\/#organization\",\"name\":\"Mandarino Art Decor\",\"url\":\"https:\/\/mandarinoart.pl\/\",\"logo\":{\"@type\":\"ImageObject\",\"inLanguage\":\"pl-PL\",\"@id\":\"https:\/\/mandarinoart.pl\/#\/schema\/logo\/image\/\",\"url\":\"https:\/\/mandarinoart.pl\/wp-content\/uploads\/2025\/02\/cropped-Logo_transparent.png\",\"contentUrl\":\"https:\/\/mandarinoart.pl\/wp-content\/uploads\/2025\/02\/cropped-Logo_transparent.png\",\"width\":591,\"height\":197,\"caption\":\"Mandarino Art Decor\"},\"image\":{\"@id\":\"https:\/\/mandarinoart.pl\/#\/schema\/logo\/image\/\"},\"sameAs\":[\"https:\/\/www.facebook.com\/profile.php?id=61553468730793\",\"https:\/\/www.instagram.com\/Mandarino_Candle\/?fbclid=IwY2xjawIoRQZleHRuA2FlbQIxMAABHV0lW5lNE7hJxvGNQtw42Ns1dw_Ll4G4YQ9LZaRsOkieykrFA3lNfCyS3g_aem_Nx9Tw7e5op2DlxHJ5Bc5Lg#\"]}]}<\/script>\n<!-- \/ Yoast SEO plugin. -->","yoast_head_json":{"title":"BOX BESTSELLEROWE \u015aWIECE PREZENT","description":"Box prezentowy w formie \u015bwiec sojowych. Idealna jako podarunek pod choink\u0119. BOX \u015aWI\u0104TECZNY - 5 BESTSELLEROWYCH \u015aWIEC by Mandarino Art Decor mandarinoart.pl","robots":{"index":"index","follow":"follow","max-snippet":"max-snippet:-1","max-image-preview":"max-image-preview:large","max-video-preview":"max-video-preview:-1"},"canonical":"https:\/\/mandarinoart.pl\/index.php\/produkt\/box-swiateczny-bestsellerowe-swiece\/","og_locale":"pl_PL","og_type":"article","og_title":"BOX BESTSELLEROWE \u015aWIECE PREZENT","og_description":"Box prezentowy w formie \u015bwiec sojowych. Idealna jako podarunek pod choink\u0119. BOX \u015aWI\u0104TECZNY - 5 BESTSELLEROWYCH \u015aWIEC by Mandarino Art Decor mandarinoart.pl","og_url":"https:\/\/mandarinoart.pl\/index.php\/produkt\/box-swiateczny-bestsellerowe-swiece\/","og_site_name":"Mandarino Art","article_publisher":"https:\/\/www.facebook.com\/profile.php?id=61553468730793","article_modified_time":"2026-02-23T17:49:12+00:00","og_image":[{"width":1903,"height":2560,"url":"https:\/\/mandarinoart.pl\/wp-content\/uploads\/2025\/11\/20251122_203951-scaled.jpg","type":"image\/jpeg"}],"twitter_card":"summary_large_image","twitter_misc":{"Szacowany czas czytania":"2 minuty"},"schema":{"@context":"https:\/\/schema.org","@graph":[{"@type":"WebPage","@id":"https:\/\/mandarinoart.pl\/index.php\/produkt\/box-swiateczny-bestsellerowe-swiece\/","url":"https:\/\/mandarinoart.pl\/index.php\/produkt\/box-swiateczny-bestsellerowe-swiece\/","name":"BOX BESTSELLEROWE \u015aWIECE PREZENT","isPartOf":{"@id":"https:\/\/mandarinoart.pl\/#website"},"primaryImageOfPage":{"@id":"https:\/\/mandarinoart.pl\/index.php\/produkt\/box-swiateczny-bestsellerowe-swiece\/#primaryimage"},"image":{"@id":"https:\/\/mandarinoart.pl\/index.php\/produkt\/box-swiateczny-bestsellerowe-swiece\/#primaryimage"},"thumbnailUrl":"https:\/\/mandarinoart.pl\/wp-content\/uploads\/2025\/11\/20251122_203951-scaled.jpg","datePublished":"2025-11-24T16:37:34+00:00","dateModified":"2026-02-23T17:49:12+00:00","description":"Box prezentowy w formie \u015bwiec sojowych. Idealna jako podarunek pod choink\u0119. BOX \u015aWI\u0104TECZNY - 5 BESTSELLEROWYCH \u015aWIEC by Mandarino Art Decor mandarinoart.pl","breadcrumb":{"@id":"https:\/\/mandarinoart.pl\/index.php\/produkt\/box-swiateczny-bestsellerowe-swiece\/#breadcrumb"},"inLanguage":"pl-PL","potentialAction":[{"@type":"ReadAction","target":["https:\/\/mandarinoart.pl\/index.php\/produkt\/box-swiateczny-bestsellerowe-swiece\/"]}]},{"@type":"ImageObject","inLanguage":"pl-PL","@id":"https:\/\/mandarinoart.pl\/index.php\/produkt\/box-swiateczny-bestsellerowe-swiece\/#primaryimage","url":"https:\/\/mandarinoart.pl\/wp-content\/uploads\/2025\/11\/20251122_203951-scaled.jpg","contentUrl":"https:\/\/mandarinoart.pl\/wp-content\/uploads\/2025\/11\/20251122_203951-scaled.jpg","width":1903,"height":2560},{"@type":"BreadcrumbList","@id":"https:\/\/mandarinoart.pl\/index.php\/produkt\/box-swiateczny-bestsellerowe-swiece\/#breadcrumb","itemListElement":[{"@type":"ListItem","position":1,"name":"Strona g\u0142\u00f3wna","item":"https:\/\/mandarinoart.pl\/"},{"@type":"ListItem","position":2,"name":"Sklep","item":"https:\/\/mandarinoart.pl\/index.php\/sklep\/"},{"@type":"ListItem","position":3,"name":"BOX \u015aWI\u0104TECZNY BESTSELLEROWE \u015aWIECE !!"}]},{"@type":"WebSite","@id":"https:\/\/mandarinoart.pl\/#website","url":"https:\/\/mandarinoart.pl\/","name":"Mandarino Art Decor","description":"","publisher":{"@id":"https:\/\/mandarinoart.pl\/#organization"},"potentialAction":[{"@type":"SearchAction","target":{"@type":"EntryPoint","urlTemplate":"https:\/\/mandarinoart.pl\/?s={search_term_string}"},"query-input":{"@type":"PropertyValueSpecification","valueRequired":true,"valueName":"search_term_string"}}],"inLanguage":"pl-PL"},{"@type":"Organization","@id":"https:\/\/mandarinoart.pl\/#organization","name":"Mandarino Art Decor","url":"https:\/\/mandarinoart.pl\/","logo":{"@type":"ImageObject","inLanguage":"pl-PL","@id":"https:\/\/mandarinoart.pl\/#\/schema\/logo\/image\/","url":"https:\/\/mandarinoart.pl\/wp-content\/uploads\/2025\/02\/cropped-Logo_transparent.png","contentUrl":"https:\/\/mandarinoart.pl\/wp-content\/uploads\/2025\/02\/cropped-Logo_transparent.png","width":591,"height":197,"caption":"Mandarino Art Decor"},"image":{"@id":"https:\/\/mandarinoart.pl\/#\/schema\/logo\/image\/"},"sameAs":["https:\/\/www.facebook.com\/profile.php?id=61553468730793","https:\/\/www.instagram.com\/Mandarino_Candle\/?fbclid=IwY2xjawIoRQZleHRuA2FlbQIxMAABHV0lW5lNE7hJxvGNQtw42Ns1dw_Ll4G4YQ9LZaRsOkieykrFA3lNfCyS3g_aem_Nx9Tw7e5op2DlxHJ5Bc5Lg#"]}]}},"_links":{"self":[{"href":"https:\/\/mandarinoart.pl\/index.php\/wp-json\/wp\/v2\/product\/5279","targetHints":{"allow":["GET"]}}],"collection":[{"href":"https:\/\/mandarinoart.pl\/index.php\/wp-json\/wp\/v2\/product"}],"about":[{"href":"https:\/\/mandarinoart.pl\/index.php\/wp-json\/wp\/v2\/types\/product"}],"wp:featuredmedia":[{"embeddable":true,"href":"https:\/\/mandarinoart.pl\/index.php\/wp-json\/wp\/v2\/media\/5250"}],"wp:attachment":[{"href":"https:\/\/mandarinoart.pl\/index.php\/wp-json\/wp\/v2\/media?parent=5279"}],"wp:term":[{"taxonomy":"product_brand","embeddable":true,"href":"https:\/\/mandarinoart.pl\/index.php\/wp-json\/wp\/v2\/product_brand?post=5279"},{"taxonomy":"product_cat","embeddable":true,"href":"https:\/\/mandarinoart.pl\/index.php\/wp-json\/wp\/v2\/product_cat?post=5279"},{"taxonomy":"product_tag","embeddable":true,"href":"https:\/\/mandarinoart.pl\/index.php\/wp-json\/wp\/v2\/product_tag?post=5279"}],"curies":[{"name":"wp","href":"https:\/\/api.w.org\/{rel}","templated":true}]}}