{"id":5208,"date":"2025-11-22T23:38:25","date_gmt":"2025-11-22T22:38:25","guid":{"rendered":"https:\/\/mandarinoart.pl\/?post_type=product&#038;p=5208"},"modified":"2026-02-23T18:49:39","modified_gmt":"2026-02-23T17:49:39","slug":"swiece-aniolki-w-tiulu-upominki","status":"publish","type":"product","link":"https:\/\/mandarinoart.pl\/index.php\/produkt\/swiece-aniolki-w-tiulu-upominki\/","title":{"rendered":"\u015awiece &#8222;Anio\u0142ki z kokard\u0105&#8221; w tiulu upominki \u015bwi\u0105teczne"},"content":{"rendered":"<h2 style=\"text-align: center;\"><a href=\"https:\/\/mandarinoart.pl\/index.php\/kategoria-produktu\/swiece-sojowe\/zestawy-na-prezent\/\"><img fetchpriority=\"high\" decoding=\"async\" class=\"alignnone wp-image-4874\" src=\"https:\/\/mandarinoart.pl\/wp-content\/uploads\/2025\/11\/CHRISTMAS-1-300x134.png\" alt=\"\" width=\"535\" height=\"239\" srcset=\"https:\/\/mandarinoart.pl\/wp-content\/uploads\/2025\/11\/CHRISTMAS-1-300x134.png 300w, https:\/\/mandarinoart.pl\/wp-content\/uploads\/2025\/11\/CHRISTMAS-1-1024x459.png 1024w, https:\/\/mandarinoart.pl\/wp-content\/uploads\/2025\/11\/CHRISTMAS-1-768x344.png 768w, https:\/\/mandarinoart.pl\/wp-content\/uploads\/2025\/11\/CHRISTMAS-1-600x269.png 600w, https:\/\/mandarinoart.pl\/wp-content\/uploads\/2025\/11\/CHRISTMAS-1.png 1340w\" sizes=\"(max-width: 535px) 100vw, 535px\" \/><\/a><\/h2>\n<h2><\/h2>\n<h2 style=\"text-align: center;\"><span style=\"color: #b37b0c;\">Poznaj wyj\u0105tkowe \u015awi\u0105teczne \u015awiece<\/span><\/h2>\n<p style=\"text-align: center;\"><span style=\"color: #b37b0c;\"><em>by Mandarino Art Decor<\/em><\/span><\/p>\n<p>Szukasz pi\u0119knego, oryginalnego prezentu?<\/p>\n<p>Nasze r\u0119czne robione \u015bwiece sojowe zachwyc\u0105 uroczymi dekoracjami inspirowanymi bo\u017conarodzeniowymi tradycjami. W naszej ofercie \u015bwi\u0105tecznej znajdziesz:<\/p>\n<ul>\n<li>boxy prezentowe<\/li>\n<li>pi\u0119kne \u015bwiece w szkle<\/li>\n<li>ma\u0142e \u015bwiece jako podarunki dla Bliskich, Klient\u00f3w, Pracownik\u00f3w<\/li>\n<\/ul>\n<p>Czas realizacji wynosi do 14 dni roboczych ze wzgl\u0119du na r\u0119czne wykonanie oraz unikalny charakter produktu.<\/p>\n<p><strong>Spraw, aby te \u015awi\u0119ta by\u0142y radosne i pe\u0142ne magii \u2665<\/strong><\/p>\n<hr \/>\n<h2 style=\"text-align: center;\"><span style=\"color: #bfb606;\">Jak zam\u00f3wi\u0107 \u015bwiece na podzi\u0119kowania ?<\/span><\/h2>\n<p style=\"text-align: center;\">\u221a <em><span style=\"color: #993300;\">Wybierz<\/span> <\/em>zapach \u015bwiec.<\/p>\n<p style=\"text-align: center;\">\u221a <span style=\"color: #993300;\"><em>Wybierz<\/em> <\/span>ilo\u015b\u0107 \u015bwiec jak\u0105 chcesz zakupi\u0107\u00a0 (1 sztuka \u2013 1\u00a0 \u015bwieczka)<\/p>\n<p style=\"text-align: center;\">\u221a <span style=\"color: #993300;\">Podaj NAPIS \u017bYCZENIA NA ZAWIESZCE<\/span>, kt\u00f3re chcesz by\u015bmy umie\u015bcili.<\/p>\n<p style=\"text-align: center;\"><em>\u221a<span style=\"color: #993300;\"> Dodaj do koszyka<\/span><\/em> i przejd\u017a do zakupu.<\/p>\n<hr \/>\n<h2 style=\"text-align: center;\"><span style=\"color: #bfb606;\"><strong>Dlaczego warto wybra\u0107 \u015bwiece sojowe Mandarino ART DECOR?<\/strong><\/span><\/h2>\n<p>&nbsp;<\/p>\n<ul>\n<li><strong>U\u017cywamy wysokiej jako\u015bci sk\u0142adnik\u00f3w:<\/strong> 100% wosk sojowy pochodzenia ro\u015blinnego, eco barwniki bez paraben\u00f3w zgodne z normami REACH, wysokiej jako\u015bci olejki zapachowe z certyfikatem IFRA.<\/li>\n<li><strong>Wykonanie HANDMADE:<\/strong>\u00a0 \u015awiece tworzymy r\u0119cznie z niezwyk\u0142\u0105 staranno\u015bci\u0105, dbaj\u0105c o ka\u017cdy detal.<\/li>\n<li><strong>Szeroki wyb\u00f3r zapach\u00f3w<\/strong>: Dost\u0119pnych jest 8 r\u00f3\u017cnych zapach\u00f3w do wyboru.<\/li>\n<li><strong>Nasze \u015bwiece charakteryzuje wyj\u0105tkowy DESIGN:<\/strong> Kwiatowe dekoracje, z\u0142ote dodatki.<\/li>\n<\/ul>\n<p><img decoding=\"async\" class=\"wp-image-1084 aligncenter\" src=\"https:\/\/mandarinoart.pl\/wp-content\/uploads\/2025\/03\/DM1-300x111.png\" alt=\"\" width=\"427\" height=\"158\" srcset=\"https:\/\/mandarinoart.pl\/wp-content\/uploads\/2025\/03\/DM1-300x111.png 300w, https:\/\/mandarinoart.pl\/wp-content\/uploads\/2025\/03\/DM1-768x284.png 768w, https:\/\/mandarinoart.pl\/wp-content\/uploads\/2025\/03\/DM1-600x222.png 600w, https:\/\/mandarinoart.pl\/wp-content\/uploads\/2025\/03\/DM1.png 851w\" sizes=\"(max-width: 427px) 100vw, 427px\" \/><\/p>\n<hr \/>\n<div><\/div>\n","protected":false},"excerpt":{"rendered":"<p>Je\u015bli szukasz idealnego prezentu \u015bwi\u0105tecznego dla Twoich Bliskich, Go\u015bci, Klient\u00f3w, Pracownik\u00f3w, Go\u015bci jako podzi\u0119kowa\u0144 ?<\/p>\n<p>TO IDEALNIE TRAFI\u0141E\u015a \u2665<\/p>\n<p>Oferujemy wyj\u0105tkowe \u015bwiece w ozdobnym tiulu ze wst\u0105\u017ck\u0105. Pi\u0119kne detale, z\u0142ote zdobienia \u015bwiecy, akcenty bo\u017conarodzeniowe. Prezenty gotowe do wr\u0119czenia.<\/p>\n<h3 style=\"text-align: center;\">Najpi\u0119kniejsze prezenty &#8211; s\u0105 te spersonalizowane&#8230; i od serca!<\/h3>\n<p>&nbsp;<\/p>\n<ul>\n<li><strong>Wymiary \u015bwiecy Anio\u0142ek:<\/strong> \u015brednica: 7 cm; wysoko\u015b\u0107 z kokardk\u0105: 9 cm<\/li>\n<li><strong>\u015awieca sojowa, zapachowa<\/strong><\/li>\n<li><strong>W cenie wliczone jest<\/strong>: pakowanie w ozdobny tiul + czerwona wst\u0105\u017cka + zawieszka &#8222;Weso\u0142ych \u015awi\u0105t&#8221;<\/li>\n<\/ul>\n<p><strong>Cena dotyczy<\/strong>: 1 szt. \u015bwiecy. Je\u015bli chcesz zam\u00f3wi\u0107 wi\u0119ksz\u0105 ilo\u015b\u0107 (np. 10szt \u2013 KLIKNIJ 10)<\/p>\n<p><span style=\"color: #ad0707;\"><strong>Istotne informacje:<\/strong><\/span><\/p>\n<ul>\n<li><span style=\"color: #ad0707;\"><strong>UWAGA !! Oferta cenowa dotyczy zakupu hurtowego (powy\u017cej 10 sztuk)<\/strong><\/span><\/li>\n<li><span style=\"color: #ad0707;\"><strong>\u00a0CZAS REALIZACJI to ok 10-14 dni <\/strong><\/span><\/li>\n<li><span style=\"color: #ad0707;\"><strong>W polu \u201eNapis na zawieszce\u201d mo\u017cesz umie\u015bci\u0107 sw\u00f3j napis np. Weso\u0142ych \u015awi\u0105t \u2026\u2026\u2026.. [nazwa firmy]<\/strong><\/span><\/li>\n<li><span style=\"color: #ad0707;\"><strong>Dost\u0119pna jest te\u017c wersja Anio\u0142k\u00f3w w ozdobnym pude\u0142ku<\/strong><\/span><\/li>\n<\/ul>\n<p style=\"text-align: center;\"><a href=\"https:\/\/mandarinoart.pl\/index.php\/produkt\/swiece-aniolki-w-pudelku-upominki-swiateczne\/\"><img decoding=\"async\" class=\"size-medium wp-image-5192 alignleft\" src=\"https:\/\/mandarinoart.pl\/wp-content\/uploads\/2025\/11\/20251121_180708-207x300.jpg\" alt=\"\" width=\"207\" height=\"300\" srcset=\"https:\/\/mandarinoart.pl\/wp-content\/uploads\/2025\/11\/20251121_180708-207x300.jpg 207w, https:\/\/mandarinoart.pl\/wp-content\/uploads\/2025\/11\/20251121_180708-706x1024.jpg 706w, https:\/\/mandarinoart.pl\/wp-content\/uploads\/2025\/11\/20251121_180708-768x1114.jpg 768w, https:\/\/mandarinoart.pl\/wp-content\/uploads\/2025\/11\/20251121_180708-1059x1536.jpg 1059w, https:\/\/mandarinoart.pl\/wp-content\/uploads\/2025\/11\/20251121_180708-1412x2048.jpg 1412w, https:\/\/mandarinoart.pl\/wp-content\/uploads\/2025\/11\/20251121_180708-600x870.jpg 600w, https:\/\/mandarinoart.pl\/wp-content\/uploads\/2025\/11\/20251121_180708-scaled.jpg 1765w\" sizes=\"(max-width: 207px) 100vw, 207px\" \/><\/a><\/p>\n","protected":false},"featured_media":5194,"template":"","meta":{"site-sidebar-layout":"default","site-content-layout":"","ast-site-content-layout":"default","site-content-style":"default","site-sidebar-style":"default","ast-global-header-display":"","ast-banner-title-visibility":"","ast-main-header-display":"","ast-hfb-above-header-display":"","ast-hfb-below-header-display":"","ast-hfb-mobile-header-display":"","site-post-title":"","ast-breadcrumbs-content":"","ast-featured-img":"","footer-sml-layout":"","theme-transparent-header-meta":"default","adv-header-id-meta":"","stick-header-meta":"","header-above-stick-meta":"","header-main-stick-meta":"","header-below-stick-meta":"","astra-migrate-meta-layouts":"set","ast-page-background-enabled":"default","ast-page-background-meta":{"desktop":{"background-color":"var(--ast-global-color-5)","background-image":"","background-repeat":"repeat","background-position":"center center","background-size":"auto","background-attachment":"scroll","background-type":"","background-media":"","overlay-type":"","overlay-color":"","overlay-opacity":"","overlay-gradient":""},"tablet":{"background-color":"","background-image":"","background-repeat":"repeat","background-position":"center center","background-size":"auto","background-attachment":"scroll","background-type":"","background-media":"","overlay-type":"","overlay-color":"","overlay-opacity":"","overlay-gradient":""},"mobile":{"background-color":"","background-image":"","background-repeat":"repeat","background-position":"center center","background-size":"auto","background-attachment":"scroll","background-type":"","background-media":"","overlay-type":"","overlay-color":"","overlay-opacity":"","overlay-gradient":""}},"ast-content-background-meta":{"desktop":{"background-color":"var(--ast-global-color-4)","background-image":"","background-repeat":"repeat","background-position":"center center","background-size":"auto","background-attachment":"scroll","background-type":"","background-media":"","overlay-type":"","overlay-color":"","overlay-opacity":"","overlay-gradient":""},"tablet":{"background-color":"var(--ast-global-color-4)","background-image":"","background-repeat":"repeat","background-position":"center center","background-size":"auto","background-attachment":"scroll","background-type":"","background-media":"","overlay-type":"","overlay-color":"","overlay-opacity":"","overlay-gradient":""},"mobile":{"background-color":"var(--ast-global-color-4)","background-image":"","background-repeat":"repeat","background-position":"center center","background-size":"auto","background-attachment":"scroll","background-type":"","background-media":"","overlay-type":"","overlay-color":"","overlay-opacity":"","overlay-gradient":""}}},"product_brand":[],"product_cat":[50],"product_tag":[196,183,86,85,194,193],"class_list":{"0":"post-5208","1":"product","2":"type-product","3":"status-publish","4":"has-post-thumbnail","6":"product_cat-zestawy-na-prezent","7":"product_tag-aniolki","8":"product_tag-boze-narodzenie","9":"product_tag-podziekowania-dla-gosci","10":"product_tag-swiece-na-podziekowania","11":"product_tag-upominki-dla-klientow","12":"product_tag-upominki-firmowe","13":"desktop-align-left","14":"tablet-align-left","15":"mobile-align-left","17":"first","18":"outofstock","19":"shipping-taxable","20":"purchasable","21":"product-type-variable"},"yoast_head":"<!-- This site is optimized with the Yoast SEO plugin v26.5 - https:\/\/yoast.com\/wordpress\/plugins\/seo\/ -->\n<title>\u015awiece &quot;Anio\u0142ki z kokard\u0105&quot; w tiulu upominki \u015bwi\u0105teczne<\/title>\n<meta name=\"description\" content=\"Szukasz wyj\u0105tkowych upomink\u00f3w firmowych? Poznaj nasz\u0105 ofert\u0119 pi\u0119knych prezent\u00f3w bo\u017conarodzeniowych. \u015awiece &quot;Anio\u0142ki z kokard\u0105&quot; w tiulu upominki \u015bwi\u0105teczne\" \/>\n<meta name=\"robots\" content=\"index, follow, max-snippet:-1, max-image-preview:large, max-video-preview:-1\" \/>\n<link rel=\"canonical\" href=\"https:\/\/mandarinoart.pl\/index.php\/produkt\/swiece-aniolki-w-tiulu-upominki\/\" \/>\n<meta property=\"og:locale\" content=\"pl_PL\" \/>\n<meta property=\"og:type\" content=\"article\" \/>\n<meta property=\"og:title\" content=\"\u015awiece &quot;Anio\u0142ki z kokard\u0105&quot; w tiulu upominki \u015bwi\u0105teczne\" \/>\n<meta property=\"og:description\" content=\"Szukasz wyj\u0105tkowych upomink\u00f3w firmowych? Poznaj nasz\u0105 ofert\u0119 pi\u0119knych prezent\u00f3w bo\u017conarodzeniowych. \u015awiece &quot;Anio\u0142ki z kokard\u0105&quot; w tiulu upominki \u015bwi\u0105teczne\" \/>\n<meta property=\"og:url\" content=\"https:\/\/mandarinoart.pl\/index.php\/produkt\/swiece-aniolki-w-tiulu-upominki\/\" \/>\n<meta property=\"og:site_name\" content=\"Mandarino Art\" \/>\n<meta property=\"article:publisher\" content=\"https:\/\/www.facebook.com\/profile.php?id=61553468730793\" \/>\n<meta property=\"article:modified_time\" content=\"2026-02-23T17:49:39+00:00\" \/>\n<meta property=\"og:image\" content=\"https:\/\/mandarinoart.pl\/wp-content\/uploads\/2025\/11\/20251122_203703-scaled.jpg\" \/>\n\t<meta property=\"og:image:width\" content=\"1871\" \/>\n\t<meta property=\"og:image:height\" content=\"2560\" \/>\n\t<meta property=\"og:image:type\" content=\"image\/jpeg\" \/>\n<meta name=\"twitter:card\" content=\"summary_large_image\" \/>\n<meta name=\"twitter:label1\" content=\"Szacowany czas czytania\" \/>\n\t<meta name=\"twitter:data1\" content=\"2 minuty\" \/>\n<script type=\"application\/ld+json\" class=\"yoast-schema-graph\">{\"@context\":\"https:\/\/schema.org\",\"@graph\":[{\"@type\":\"WebPage\",\"@id\":\"https:\/\/mandarinoart.pl\/index.php\/produkt\/swiece-aniolki-w-tiulu-upominki\/\",\"url\":\"https:\/\/mandarinoart.pl\/index.php\/produkt\/swiece-aniolki-w-tiulu-upominki\/\",\"name\":\"\u015awiece \\\"Anio\u0142ki z kokard\u0105\\\" w tiulu upominki \u015bwi\u0105teczne\",\"isPartOf\":{\"@id\":\"https:\/\/mandarinoart.pl\/#website\"},\"primaryImageOfPage\":{\"@id\":\"https:\/\/mandarinoart.pl\/index.php\/produkt\/swiece-aniolki-w-tiulu-upominki\/#primaryimage\"},\"image\":{\"@id\":\"https:\/\/mandarinoart.pl\/index.php\/produkt\/swiece-aniolki-w-tiulu-upominki\/#primaryimage\"},\"thumbnailUrl\":\"https:\/\/mandarinoart.pl\/wp-content\/uploads\/2025\/11\/20251122_203703-scaled.jpg\",\"datePublished\":\"2025-11-22T22:38:25+00:00\",\"dateModified\":\"2026-02-23T17:49:39+00:00\",\"description\":\"Szukasz wyj\u0105tkowych upomink\u00f3w firmowych? Poznaj nasz\u0105 ofert\u0119 pi\u0119knych prezent\u00f3w bo\u017conarodzeniowych. \u015awiece \\\"Anio\u0142ki z kokard\u0105\\\" w tiulu upominki \u015bwi\u0105teczne\",\"breadcrumb\":{\"@id\":\"https:\/\/mandarinoart.pl\/index.php\/produkt\/swiece-aniolki-w-tiulu-upominki\/#breadcrumb\"},\"inLanguage\":\"pl-PL\",\"potentialAction\":[{\"@type\":\"ReadAction\",\"target\":[\"https:\/\/mandarinoart.pl\/index.php\/produkt\/swiece-aniolki-w-tiulu-upominki\/\"]}]},{\"@type\":\"ImageObject\",\"inLanguage\":\"pl-PL\",\"@id\":\"https:\/\/mandarinoart.pl\/index.php\/produkt\/swiece-aniolki-w-tiulu-upominki\/#primaryimage\",\"url\":\"https:\/\/mandarinoart.pl\/wp-content\/uploads\/2025\/11\/20251122_203703-scaled.jpg\",\"contentUrl\":\"https:\/\/mandarinoart.pl\/wp-content\/uploads\/2025\/11\/20251122_203703-scaled.jpg\",\"width\":1871,\"height\":2560},{\"@type\":\"BreadcrumbList\",\"@id\":\"https:\/\/mandarinoart.pl\/index.php\/produkt\/swiece-aniolki-w-tiulu-upominki\/#breadcrumb\",\"itemListElement\":[{\"@type\":\"ListItem\",\"position\":1,\"name\":\"Strona g\u0142\u00f3wna\",\"item\":\"https:\/\/mandarinoart.pl\/\"},{\"@type\":\"ListItem\",\"position\":2,\"name\":\"Sklep\",\"item\":\"https:\/\/mandarinoart.pl\/index.php\/sklep\/\"},{\"@type\":\"ListItem\",\"position\":3,\"name\":\"\u015awiece &#8222;Anio\u0142ki z kokard\u0105&#8221; w tiulu upominki \u015bwi\u0105teczne\"}]},{\"@type\":\"WebSite\",\"@id\":\"https:\/\/mandarinoart.pl\/#website\",\"url\":\"https:\/\/mandarinoart.pl\/\",\"name\":\"Mandarino Art Decor\",\"description\":\"\",\"publisher\":{\"@id\":\"https:\/\/mandarinoart.pl\/#organization\"},\"potentialAction\":[{\"@type\":\"SearchAction\",\"target\":{\"@type\":\"EntryPoint\",\"urlTemplate\":\"https:\/\/mandarinoart.pl\/?s={search_term_string}\"},\"query-input\":{\"@type\":\"PropertyValueSpecification\",\"valueRequired\":true,\"valueName\":\"search_term_string\"}}],\"inLanguage\":\"pl-PL\"},{\"@type\":\"Organization\",\"@id\":\"https:\/\/mandarinoart.pl\/#organization\",\"name\":\"Mandarino Art Decor\",\"url\":\"https:\/\/mandarinoart.pl\/\",\"logo\":{\"@type\":\"ImageObject\",\"inLanguage\":\"pl-PL\",\"@id\":\"https:\/\/mandarinoart.pl\/#\/schema\/logo\/image\/\",\"url\":\"https:\/\/mandarinoart.pl\/wp-content\/uploads\/2025\/02\/cropped-Logo_transparent.png\",\"contentUrl\":\"https:\/\/mandarinoart.pl\/wp-content\/uploads\/2025\/02\/cropped-Logo_transparent.png\",\"width\":591,\"height\":197,\"caption\":\"Mandarino Art Decor\"},\"image\":{\"@id\":\"https:\/\/mandarinoart.pl\/#\/schema\/logo\/image\/\"},\"sameAs\":[\"https:\/\/www.facebook.com\/profile.php?id=61553468730793\",\"https:\/\/www.instagram.com\/Mandarino_Candle\/?fbclid=IwY2xjawIoRQZleHRuA2FlbQIxMAABHV0lW5lNE7hJxvGNQtw42Ns1dw_Ll4G4YQ9LZaRsOkieykrFA3lNfCyS3g_aem_Nx9Tw7e5op2DlxHJ5Bc5Lg#\"]}]}<\/script>\n<!-- \/ Yoast SEO plugin. -->","yoast_head_json":{"title":"\u015awiece \"Anio\u0142ki z kokard\u0105\" w tiulu upominki \u015bwi\u0105teczne","description":"Szukasz wyj\u0105tkowych upomink\u00f3w firmowych? Poznaj nasz\u0105 ofert\u0119 pi\u0119knych prezent\u00f3w bo\u017conarodzeniowych. \u015awiece \"Anio\u0142ki z kokard\u0105\" w tiulu upominki \u015bwi\u0105teczne","robots":{"index":"index","follow":"follow","max-snippet":"max-snippet:-1","max-image-preview":"max-image-preview:large","max-video-preview":"max-video-preview:-1"},"canonical":"https:\/\/mandarinoart.pl\/index.php\/produkt\/swiece-aniolki-w-tiulu-upominki\/","og_locale":"pl_PL","og_type":"article","og_title":"\u015awiece \"Anio\u0142ki z kokard\u0105\" w tiulu upominki \u015bwi\u0105teczne","og_description":"Szukasz wyj\u0105tkowych upomink\u00f3w firmowych? Poznaj nasz\u0105 ofert\u0119 pi\u0119knych prezent\u00f3w bo\u017conarodzeniowych. \u015awiece \"Anio\u0142ki z kokard\u0105\" w tiulu upominki \u015bwi\u0105teczne","og_url":"https:\/\/mandarinoart.pl\/index.php\/produkt\/swiece-aniolki-w-tiulu-upominki\/","og_site_name":"Mandarino Art","article_publisher":"https:\/\/www.facebook.com\/profile.php?id=61553468730793","article_modified_time":"2026-02-23T17:49:39+00:00","og_image":[{"width":1871,"height":2560,"url":"https:\/\/mandarinoart.pl\/wp-content\/uploads\/2025\/11\/20251122_203703-scaled.jpg","type":"image\/jpeg"}],"twitter_card":"summary_large_image","twitter_misc":{"Szacowany czas czytania":"2 minuty"},"schema":{"@context":"https:\/\/schema.org","@graph":[{"@type":"WebPage","@id":"https:\/\/mandarinoart.pl\/index.php\/produkt\/swiece-aniolki-w-tiulu-upominki\/","url":"https:\/\/mandarinoart.pl\/index.php\/produkt\/swiece-aniolki-w-tiulu-upominki\/","name":"\u015awiece \"Anio\u0142ki z kokard\u0105\" w tiulu upominki \u015bwi\u0105teczne","isPartOf":{"@id":"https:\/\/mandarinoart.pl\/#website"},"primaryImageOfPage":{"@id":"https:\/\/mandarinoart.pl\/index.php\/produkt\/swiece-aniolki-w-tiulu-upominki\/#primaryimage"},"image":{"@id":"https:\/\/mandarinoart.pl\/index.php\/produkt\/swiece-aniolki-w-tiulu-upominki\/#primaryimage"},"thumbnailUrl":"https:\/\/mandarinoart.pl\/wp-content\/uploads\/2025\/11\/20251122_203703-scaled.jpg","datePublished":"2025-11-22T22:38:25+00:00","dateModified":"2026-02-23T17:49:39+00:00","description":"Szukasz wyj\u0105tkowych upomink\u00f3w firmowych? Poznaj nasz\u0105 ofert\u0119 pi\u0119knych prezent\u00f3w bo\u017conarodzeniowych. \u015awiece \"Anio\u0142ki z kokard\u0105\" w tiulu upominki \u015bwi\u0105teczne","breadcrumb":{"@id":"https:\/\/mandarinoart.pl\/index.php\/produkt\/swiece-aniolki-w-tiulu-upominki\/#breadcrumb"},"inLanguage":"pl-PL","potentialAction":[{"@type":"ReadAction","target":["https:\/\/mandarinoart.pl\/index.php\/produkt\/swiece-aniolki-w-tiulu-upominki\/"]}]},{"@type":"ImageObject","inLanguage":"pl-PL","@id":"https:\/\/mandarinoart.pl\/index.php\/produkt\/swiece-aniolki-w-tiulu-upominki\/#primaryimage","url":"https:\/\/mandarinoart.pl\/wp-content\/uploads\/2025\/11\/20251122_203703-scaled.jpg","contentUrl":"https:\/\/mandarinoart.pl\/wp-content\/uploads\/2025\/11\/20251122_203703-scaled.jpg","width":1871,"height":2560},{"@type":"BreadcrumbList","@id":"https:\/\/mandarinoart.pl\/index.php\/produkt\/swiece-aniolki-w-tiulu-upominki\/#breadcrumb","itemListElement":[{"@type":"ListItem","position":1,"name":"Strona g\u0142\u00f3wna","item":"https:\/\/mandarinoart.pl\/"},{"@type":"ListItem","position":2,"name":"Sklep","item":"https:\/\/mandarinoart.pl\/index.php\/sklep\/"},{"@type":"ListItem","position":3,"name":"\u015awiece &#8222;Anio\u0142ki z kokard\u0105&#8221; w tiulu upominki \u015bwi\u0105teczne"}]},{"@type":"WebSite","@id":"https:\/\/mandarinoart.pl\/#website","url":"https:\/\/mandarinoart.pl\/","name":"Mandarino Art Decor","description":"","publisher":{"@id":"https:\/\/mandarinoart.pl\/#organization"},"potentialAction":[{"@type":"SearchAction","target":{"@type":"EntryPoint","urlTemplate":"https:\/\/mandarinoart.pl\/?s={search_term_string}"},"query-input":{"@type":"PropertyValueSpecification","valueRequired":true,"valueName":"search_term_string"}}],"inLanguage":"pl-PL"},{"@type":"Organization","@id":"https:\/\/mandarinoart.pl\/#organization","name":"Mandarino Art Decor","url":"https:\/\/mandarinoart.pl\/","logo":{"@type":"ImageObject","inLanguage":"pl-PL","@id":"https:\/\/mandarinoart.pl\/#\/schema\/logo\/image\/","url":"https:\/\/mandarinoart.pl\/wp-content\/uploads\/2025\/02\/cropped-Logo_transparent.png","contentUrl":"https:\/\/mandarinoart.pl\/wp-content\/uploads\/2025\/02\/cropped-Logo_transparent.png","width":591,"height":197,"caption":"Mandarino Art Decor"},"image":{"@id":"https:\/\/mandarinoart.pl\/#\/schema\/logo\/image\/"},"sameAs":["https:\/\/www.facebook.com\/profile.php?id=61553468730793","https:\/\/www.instagram.com\/Mandarino_Candle\/?fbclid=IwY2xjawIoRQZleHRuA2FlbQIxMAABHV0lW5lNE7hJxvGNQtw42Ns1dw_Ll4G4YQ9LZaRsOkieykrFA3lNfCyS3g_aem_Nx9Tw7e5op2DlxHJ5Bc5Lg#"]}]}},"_links":{"self":[{"href":"https:\/\/mandarinoart.pl\/index.php\/wp-json\/wp\/v2\/product\/5208","targetHints":{"allow":["GET"]}}],"collection":[{"href":"https:\/\/mandarinoart.pl\/index.php\/wp-json\/wp\/v2\/product"}],"about":[{"href":"https:\/\/mandarinoart.pl\/index.php\/wp-json\/wp\/v2\/types\/product"}],"wp:featuredmedia":[{"embeddable":true,"href":"https:\/\/mandarinoart.pl\/index.php\/wp-json\/wp\/v2\/media\/5194"}],"wp:attachment":[{"href":"https:\/\/mandarinoart.pl\/index.php\/wp-json\/wp\/v2\/media?parent=5208"}],"wp:term":[{"taxonomy":"product_brand","embeddable":true,"href":"https:\/\/mandarinoart.pl\/index.php\/wp-json\/wp\/v2\/product_brand?post=5208"},{"taxonomy":"product_cat","embeddable":true,"href":"https:\/\/mandarinoart.pl\/index.php\/wp-json\/wp\/v2\/product_cat?post=5208"},{"taxonomy":"product_tag","embeddable":true,"href":"https:\/\/mandarinoart.pl\/index.php\/wp-json\/wp\/v2\/product_tag?post=5208"}],"curies":[{"name":"wp","href":"https:\/\/api.w.org\/{rel}","templated":true}]}}