{"id":4552,"date":"2025-09-15T21:45:06","date_gmt":"2025-09-15T19:45:06","guid":{"rendered":"https:\/\/mandarinoart.pl\/?post_type=product&#038;p=4552"},"modified":"2025-11-22T19:18:17","modified_gmt":"2025-11-22T18:18:17","slug":"swieca-tulipany-w-szkle-dzien-nauczyciela","status":"publish","type":"product","link":"https:\/\/mandarinoart.pl\/index.php\/produkt\/swieca-tulipany-w-szkle-dzien-nauczyciela\/","title":{"rendered":"\u015awieca&#8221;TULIPANY W SZKLE&#8221; na DZIE\u0143 NAUCZYCIELA"},"content":{"rendered":"<h3 style=\"text-align: center;\"><span style=\"color: #ba8c27;\">POZNAJ PE\u0141N\u0104 OFERT\u0118 \u015aWIEC NA DZIE\u0143 NAUCZYCIELA<\/span><\/h3>\n<p style=\"text-align: center;\"><a href=\"https:\/\/mandarinoart.pl\/index.php\/kategoria-produktu\/swiece-sojowe\/swiece-basic\/\"><img fetchpriority=\"high\" decoding=\"async\" class=\"alignnone wp-image-4532\" src=\"https:\/\/mandarinoart.pl\/wp-content\/uploads\/2025\/09\/slider-tel-dzien-nauczyciela-200x300.png\" alt=\"\" width=\"343\" height=\"515\" srcset=\"https:\/\/mandarinoart.pl\/wp-content\/uploads\/2025\/09\/slider-tel-dzien-nauczyciela-200x300.png 200w, https:\/\/mandarinoart.pl\/wp-content\/uploads\/2025\/09\/slider-tel-dzien-nauczyciela-682x1024.png 682w, https:\/\/mandarinoart.pl\/wp-content\/uploads\/2025\/09\/slider-tel-dzien-nauczyciela-768x1152.png 768w, https:\/\/mandarinoart.pl\/wp-content\/uploads\/2025\/09\/slider-tel-dzien-nauczyciela-1024x1536.png 1024w, https:\/\/mandarinoart.pl\/wp-content\/uploads\/2025\/09\/slider-tel-dzien-nauczyciela-600x900.png 600w, https:\/\/mandarinoart.pl\/wp-content\/uploads\/2025\/09\/slider-tel-dzien-nauczyciela.png 1333w\" sizes=\"(max-width: 343px) 100vw, 343px\" \/><\/a><\/p>\n<p style=\"text-align: center;\">Poznaj wi\u0119cej wyj\u0105tkowych wzor\u00f3w \u015bwiec w naszym <a href=\"https:\/\/mandarinoart.pl\/index.php\/kategoria-produktu\/swiece-sojowe\/swiece-basic\/\">SKLEPIE<\/a> !<\/p>\n<hr \/>\n<h2 style=\"text-align: center;\"><span style=\"color: #b5aa09;\"><strong>DLACZEGO WARTO WYBRA\u0106 \u015aWIECE SOJOWE Mandarino ART Decor?<\/strong><\/span><\/h2>\n<p>&nbsp;<\/p>\n<ul>\n<li><strong>U\u017cywamy wysokiej jako\u015bci sk\u0142adnik\u00f3w:<\/strong> 100% wosk sojowy pochodzenia ro\u015blinnego, eco barwniki bez paraben\u00f3w zgodne z normami REACH, wysokiej jako\u015bci olejki zapachowe z certyfikatem IFRA.<\/li>\n<li><strong>Wykonanie HANDMADE:<\/strong>\u00a0 \u015awiece tworzymy r\u0119cznie z niezwyk\u0142\u0105 staranno\u015bci\u0105, dbaj\u0105c o ka\u017cdy detal.<\/li>\n<li><strong>Szeroki wyb\u00f3r zapach\u00f3w<\/strong>: Dost\u0119pnych jest 8 r\u00f3\u017cnych zapach\u00f3w do wyboru.<\/li>\n<li><strong>Nasze \u015bwiece charakteryzuje wyj\u0105tkowy DESIGN:<\/strong> Kwiatowe dekoracje, z\u0142ote dodatki.<\/li>\n<\/ul>\n<p><img decoding=\"async\" class=\"wp-image-1084 aligncenter\" src=\"https:\/\/mandarinoart.pl\/wp-content\/uploads\/2025\/03\/DM1-300x111.png\" sizes=\"(max-width: 427px) 100vw, 427px\" srcset=\"https:\/\/mandarinoart.pl\/wp-content\/uploads\/2025\/03\/DM1-300x111.png 300w, https:\/\/mandarinoart.pl\/wp-content\/uploads\/2025\/03\/DM1-768x284.png 768w, https:\/\/mandarinoart.pl\/wp-content\/uploads\/2025\/03\/DM1-600x222.png 600w, https:\/\/mandarinoart.pl\/wp-content\/uploads\/2025\/03\/DM1.png 851w\" alt=\"\" width=\"427\" height=\"158\" \/><\/p>\n<p>Karty charakterystyki sk\u0142adnik\u00f3w stosowanych do produkcji \u015bwiec udost\u0119pniamy na \u017cyczenie klienta.<\/p>\n<hr \/>\n<p>&nbsp;<\/p>\n","protected":false},"excerpt":{"rendered":"<div class=\"woocommerce-product-details__short-description\">\n<p>\u015arednia \u015bwieca wieca sojowa &#8222;TULIPANY W SZKLE&#8221;. \u015awieca w tonacji\u00a0 bieli o pi\u0119knym, aromatycznym zapachu Ja\u015bminu to esencja \u015bwie\u017co\u015bci i subtelno\u015bci. Oka\u017c swoj\u0105 wdzi\u0119czno\u015b\u0107 na Edukacj\u0119, wr\u0119czaj\u0105c Nauczycielom pi\u0119kny prezent, kt\u00f3ry zachwyci !!<\/p>\n<ul>\n<li><strong>Wysokiej jako\u015bci sk\u0142ad \u015bwiecy: <\/strong>certyfikowany wosk sojowy w 100% naturalny, bawe\u0142niany knot, eco barwnik w p\u0142ynie, wysokiej jako\u015bci olejek zapachowy z certyfikatem IFRA.<\/li>\n<li><strong>Szeroko\u015b\u0107: <\/strong>8,5 cm<\/li>\n<li><strong>Wysoko\u015b\u0107:\u00a0 <\/strong>9 cm<\/li>\n<li><strong>Waga wosku:<\/strong> ok 280 g naturalnego wosku sojowego<\/li>\n<li><strong>Zapach:\u00a0 <\/strong>Ja\u015bmin<\/li>\n<\/ul>\n<p style=\"text-align: center;\"><span style=\"color: #de2828;\"><strong>W CENIE PAKOWANIE \u015aWIECY W PUDE\u0141KO OZDOBNE ZE Z\u0141OT\u0104 KOKARD\u0104 <\/strong><\/span><\/p>\n<p style=\"text-align: center;\"><span style=\"color: #de2828;\"><strong>ORAZ\u00a0 NAKLEJK\u0104 &#8222;DZI\u0118KUJ\u0118 ZA EDUKACJ\u0118&#8221;\u00a0<\/strong><\/span><\/p>\n<\/div>\n","protected":false},"featured_media":4288,"template":"","meta":{"site-sidebar-layout":"default","site-content-layout":"","ast-site-content-layout":"default","site-content-style":"default","site-sidebar-style":"default","ast-global-header-display":"","ast-banner-title-visibility":"","ast-main-header-display":"","ast-hfb-above-header-display":"","ast-hfb-below-header-display":"","ast-hfb-mobile-header-display":"","site-post-title":"","ast-breadcrumbs-content":"","ast-featured-img":"","footer-sml-layout":"","theme-transparent-header-meta":"default","adv-header-id-meta":"","stick-header-meta":"","header-above-stick-meta":"","header-main-stick-meta":"","header-below-stick-meta":"","astra-migrate-meta-layouts":"set","ast-page-background-enabled":"default","ast-page-background-meta":{"desktop":{"background-color":"var(--ast-global-color-5)","background-image":"","background-repeat":"repeat","background-position":"center center","background-size":"auto","background-attachment":"scroll","background-type":"","background-media":"","overlay-type":"","overlay-color":"","overlay-opacity":"","overlay-gradient":""},"tablet":{"background-color":"","background-image":"","background-repeat":"repeat","background-position":"center center","background-size":"auto","background-attachment":"scroll","background-type":"","background-media":"","overlay-type":"","overlay-color":"","overlay-opacity":"","overlay-gradient":""},"mobile":{"background-color":"","background-image":"","background-repeat":"repeat","background-position":"center center","background-size":"auto","background-attachment":"scroll","background-type":"","background-media":"","overlay-type":"","overlay-color":"","overlay-opacity":"","overlay-gradient":""}},"ast-content-background-meta":{"desktop":{"background-color":"var(--ast-global-color-4)","background-image":"","background-repeat":"repeat","background-position":"center center","background-size":"auto","background-attachment":"scroll","background-type":"","background-media":"","overlay-type":"","overlay-color":"","overlay-opacity":"","overlay-gradient":""},"tablet":{"background-color":"var(--ast-global-color-4)","background-image":"","background-repeat":"repeat","background-position":"center center","background-size":"auto","background-attachment":"scroll","background-type":"","background-media":"","overlay-type":"","overlay-color":"","overlay-opacity":"","overlay-gradient":""},"mobile":{"background-color":"var(--ast-global-color-4)","background-image":"","background-repeat":"repeat","background-position":"center center","background-size":"auto","background-attachment":"scroll","background-type":"","background-media":"","overlay-type":"","overlay-color":"","overlay-opacity":"","overlay-gradient":""}}},"product_brand":[],"product_cat":[47],"product_tag":[166,179,172,28,26,32,169,170],"class_list":{"0":"post-4552","1":"product","2":"type-product","3":"status-publish","4":"has-post-thumbnail","6":"product_cat-swiece-basic","7":"product_tag-dla-nauczycieli","8":"product_tag-dzien-nauczyciela","9":"product_tag-prezent-dla-nauczyciela","10":"product_tag-swieca-kwiatowa","11":"product_tag-swieca-sojowa","12":"product_tag-swieca-w-szkle","13":"product_tag-tulipany","14":"product_tag-tulipany-w-szkle","15":"desktop-align-left","16":"tablet-align-left","17":"mobile-align-left","19":"first","20":"outofstock","21":"shipping-taxable","22":"purchasable","23":"product-type-variable"},"yoast_head":"<!-- This site is optimized with the Yoast SEO plugin v26.5 - https:\/\/yoast.com\/wordpress\/plugins\/seo\/ -->\n<title>\u015awieca Tulipany w szkle<\/title>\n<meta name=\"description\" content=\"Pi\u0119kna \u015bwieca naturalna &quot;TULIPANY W SZKLE&quot;, o aromatycznym zapachu Ja\u015bminu, z bawe\u0142nianym knotem. Wyj\u0105tkowy prezent na Dzie\u0144 Nauczyciela!\" \/>\n<meta name=\"robots\" content=\"index, follow, max-snippet:-1, max-image-preview:large, max-video-preview:-1\" \/>\n<link rel=\"canonical\" href=\"https:\/\/mandarinoart.pl\/index.php\/produkt\/swieca-tulipany-w-szkle-dzien-nauczyciela\/\" \/>\n<meta property=\"og:locale\" content=\"pl_PL\" \/>\n<meta property=\"og:type\" content=\"article\" \/>\n<meta property=\"og:title\" content=\"\u015awieca Tulipany w szkle\" \/>\n<meta property=\"og:description\" content=\"Pi\u0119kna \u015bwieca naturalna &quot;TULIPANY W SZKLE&quot;, o aromatycznym zapachu Ja\u015bminu, z bawe\u0142nianym knotem. Wyj\u0105tkowy prezent na Dzie\u0144 Nauczyciela!\" \/>\n<meta property=\"og:url\" content=\"https:\/\/mandarinoart.pl\/index.php\/produkt\/swieca-tulipany-w-szkle-dzien-nauczyciela\/\" \/>\n<meta property=\"og:site_name\" content=\"Mandarino Art\" \/>\n<meta property=\"article:publisher\" content=\"https:\/\/www.facebook.com\/profile.php?id=61553468730793\" \/>\n<meta property=\"article:modified_time\" content=\"2025-11-22T18:18:17+00:00\" \/>\n<meta property=\"og:image\" content=\"https:\/\/mandarinoart.pl\/wp-content\/uploads\/2025\/06\/tulipany5-825x1024.png\" \/>\n\t<meta property=\"og:image:width\" content=\"825\" \/>\n\t<meta property=\"og:image:height\" content=\"1024\" \/>\n\t<meta property=\"og:image:type\" content=\"image\/png\" \/>\n<meta name=\"twitter:card\" content=\"summary_large_image\" \/>\n<meta name=\"twitter:label1\" content=\"Szacowany czas czytania\" \/>\n\t<meta name=\"twitter:data1\" content=\"2 minuty\" \/>\n<script type=\"application\/ld+json\" class=\"yoast-schema-graph\">{\"@context\":\"https:\/\/schema.org\",\"@graph\":[{\"@type\":\"WebPage\",\"@id\":\"https:\/\/mandarinoart.pl\/index.php\/produkt\/swieca-tulipany-w-szkle-dzien-nauczyciela\/\",\"url\":\"https:\/\/mandarinoart.pl\/index.php\/produkt\/swieca-tulipany-w-szkle-dzien-nauczyciela\/\",\"name\":\"\u015awieca Tulipany w szkle\",\"isPartOf\":{\"@id\":\"https:\/\/mandarinoart.pl\/#website\"},\"primaryImageOfPage\":{\"@id\":\"https:\/\/mandarinoart.pl\/index.php\/produkt\/swieca-tulipany-w-szkle-dzien-nauczyciela\/#primaryimage\"},\"image\":{\"@id\":\"https:\/\/mandarinoart.pl\/index.php\/produkt\/swieca-tulipany-w-szkle-dzien-nauczyciela\/#primaryimage\"},\"thumbnailUrl\":\"https:\/\/mandarinoart.pl\/wp-content\/uploads\/2025\/06\/tulipany5.png\",\"datePublished\":\"2025-09-15T19:45:06+00:00\",\"dateModified\":\"2025-11-22T18:18:17+00:00\",\"description\":\"Pi\u0119kna \u015bwieca naturalna \\\"TULIPANY W SZKLE\\\", o aromatycznym zapachu Ja\u015bminu, z bawe\u0142nianym knotem. Wyj\u0105tkowy prezent na Dzie\u0144 Nauczyciela!\",\"breadcrumb\":{\"@id\":\"https:\/\/mandarinoart.pl\/index.php\/produkt\/swieca-tulipany-w-szkle-dzien-nauczyciela\/#breadcrumb\"},\"inLanguage\":\"pl-PL\",\"potentialAction\":[{\"@type\":\"ReadAction\",\"target\":[\"https:\/\/mandarinoart.pl\/index.php\/produkt\/swieca-tulipany-w-szkle-dzien-nauczyciela\/\"]}]},{\"@type\":\"ImageObject\",\"inLanguage\":\"pl-PL\",\"@id\":\"https:\/\/mandarinoart.pl\/index.php\/produkt\/swieca-tulipany-w-szkle-dzien-nauczyciela\/#primaryimage\",\"url\":\"https:\/\/mandarinoart.pl\/wp-content\/uploads\/2025\/06\/tulipany5.png\",\"contentUrl\":\"https:\/\/mandarinoart.pl\/wp-content\/uploads\/2025\/06\/tulipany5.png\",\"width\":1080,\"height\":1341},{\"@type\":\"BreadcrumbList\",\"@id\":\"https:\/\/mandarinoart.pl\/index.php\/produkt\/swieca-tulipany-w-szkle-dzien-nauczyciela\/#breadcrumb\",\"itemListElement\":[{\"@type\":\"ListItem\",\"position\":1,\"name\":\"Strona g\u0142\u00f3wna\",\"item\":\"https:\/\/mandarinoart.pl\/\"},{\"@type\":\"ListItem\",\"position\":2,\"name\":\"Sklep\",\"item\":\"https:\/\/mandarinoart.pl\/index.php\/sklep\/\"},{\"@type\":\"ListItem\",\"position\":3,\"name\":\"\u015awieca&#8221;TULIPANY W SZKLE&#8221; na DZIE\u0143 NAUCZYCIELA\"}]},{\"@type\":\"WebSite\",\"@id\":\"https:\/\/mandarinoart.pl\/#website\",\"url\":\"https:\/\/mandarinoart.pl\/\",\"name\":\"Mandarino Art Decor\",\"description\":\"\",\"publisher\":{\"@id\":\"https:\/\/mandarinoart.pl\/#organization\"},\"potentialAction\":[{\"@type\":\"SearchAction\",\"target\":{\"@type\":\"EntryPoint\",\"urlTemplate\":\"https:\/\/mandarinoart.pl\/?s={search_term_string}\"},\"query-input\":{\"@type\":\"PropertyValueSpecification\",\"valueRequired\":true,\"valueName\":\"search_term_string\"}}],\"inLanguage\":\"pl-PL\"},{\"@type\":\"Organization\",\"@id\":\"https:\/\/mandarinoart.pl\/#organization\",\"name\":\"Mandarino Art Decor\",\"url\":\"https:\/\/mandarinoart.pl\/\",\"logo\":{\"@type\":\"ImageObject\",\"inLanguage\":\"pl-PL\",\"@id\":\"https:\/\/mandarinoart.pl\/#\/schema\/logo\/image\/\",\"url\":\"https:\/\/mandarinoart.pl\/wp-content\/uploads\/2025\/02\/cropped-Logo_transparent.png\",\"contentUrl\":\"https:\/\/mandarinoart.pl\/wp-content\/uploads\/2025\/02\/cropped-Logo_transparent.png\",\"width\":591,\"height\":197,\"caption\":\"Mandarino Art Decor\"},\"image\":{\"@id\":\"https:\/\/mandarinoart.pl\/#\/schema\/logo\/image\/\"},\"sameAs\":[\"https:\/\/www.facebook.com\/profile.php?id=61553468730793\",\"https:\/\/www.instagram.com\/Mandarino_Candle\/?fbclid=IwY2xjawIoRQZleHRuA2FlbQIxMAABHV0lW5lNE7hJxvGNQtw42Ns1dw_Ll4G4YQ9LZaRsOkieykrFA3lNfCyS3g_aem_Nx9Tw7e5op2DlxHJ5Bc5Lg#\"]}]}<\/script>\n<!-- \/ Yoast SEO plugin. -->","yoast_head_json":{"title":"\u015awieca Tulipany w szkle","description":"Pi\u0119kna \u015bwieca naturalna \"TULIPANY W SZKLE\", o aromatycznym zapachu Ja\u015bminu, z bawe\u0142nianym knotem. Wyj\u0105tkowy prezent na Dzie\u0144 Nauczyciela!","robots":{"index":"index","follow":"follow","max-snippet":"max-snippet:-1","max-image-preview":"max-image-preview:large","max-video-preview":"max-video-preview:-1"},"canonical":"https:\/\/mandarinoart.pl\/index.php\/produkt\/swieca-tulipany-w-szkle-dzien-nauczyciela\/","og_locale":"pl_PL","og_type":"article","og_title":"\u015awieca Tulipany w szkle","og_description":"Pi\u0119kna \u015bwieca naturalna \"TULIPANY W SZKLE\", o aromatycznym zapachu Ja\u015bminu, z bawe\u0142nianym knotem. Wyj\u0105tkowy prezent na Dzie\u0144 Nauczyciela!","og_url":"https:\/\/mandarinoart.pl\/index.php\/produkt\/swieca-tulipany-w-szkle-dzien-nauczyciela\/","og_site_name":"Mandarino Art","article_publisher":"https:\/\/www.facebook.com\/profile.php?id=61553468730793","article_modified_time":"2025-11-22T18:18:17+00:00","og_image":[{"width":825,"height":1024,"url":"https:\/\/mandarinoart.pl\/wp-content\/uploads\/2025\/06\/tulipany5-825x1024.png","type":"image\/png"}],"twitter_card":"summary_large_image","twitter_misc":{"Szacowany czas czytania":"2 minuty"},"schema":{"@context":"https:\/\/schema.org","@graph":[{"@type":"WebPage","@id":"https:\/\/mandarinoart.pl\/index.php\/produkt\/swieca-tulipany-w-szkle-dzien-nauczyciela\/","url":"https:\/\/mandarinoart.pl\/index.php\/produkt\/swieca-tulipany-w-szkle-dzien-nauczyciela\/","name":"\u015awieca Tulipany w szkle","isPartOf":{"@id":"https:\/\/mandarinoart.pl\/#website"},"primaryImageOfPage":{"@id":"https:\/\/mandarinoart.pl\/index.php\/produkt\/swieca-tulipany-w-szkle-dzien-nauczyciela\/#primaryimage"},"image":{"@id":"https:\/\/mandarinoart.pl\/index.php\/produkt\/swieca-tulipany-w-szkle-dzien-nauczyciela\/#primaryimage"},"thumbnailUrl":"https:\/\/mandarinoart.pl\/wp-content\/uploads\/2025\/06\/tulipany5.png","datePublished":"2025-09-15T19:45:06+00:00","dateModified":"2025-11-22T18:18:17+00:00","description":"Pi\u0119kna \u015bwieca naturalna \"TULIPANY W SZKLE\", o aromatycznym zapachu Ja\u015bminu, z bawe\u0142nianym knotem. Wyj\u0105tkowy prezent na Dzie\u0144 Nauczyciela!","breadcrumb":{"@id":"https:\/\/mandarinoart.pl\/index.php\/produkt\/swieca-tulipany-w-szkle-dzien-nauczyciela\/#breadcrumb"},"inLanguage":"pl-PL","potentialAction":[{"@type":"ReadAction","target":["https:\/\/mandarinoart.pl\/index.php\/produkt\/swieca-tulipany-w-szkle-dzien-nauczyciela\/"]}]},{"@type":"ImageObject","inLanguage":"pl-PL","@id":"https:\/\/mandarinoart.pl\/index.php\/produkt\/swieca-tulipany-w-szkle-dzien-nauczyciela\/#primaryimage","url":"https:\/\/mandarinoart.pl\/wp-content\/uploads\/2025\/06\/tulipany5.png","contentUrl":"https:\/\/mandarinoart.pl\/wp-content\/uploads\/2025\/06\/tulipany5.png","width":1080,"height":1341},{"@type":"BreadcrumbList","@id":"https:\/\/mandarinoart.pl\/index.php\/produkt\/swieca-tulipany-w-szkle-dzien-nauczyciela\/#breadcrumb","itemListElement":[{"@type":"ListItem","position":1,"name":"Strona g\u0142\u00f3wna","item":"https:\/\/mandarinoart.pl\/"},{"@type":"ListItem","position":2,"name":"Sklep","item":"https:\/\/mandarinoart.pl\/index.php\/sklep\/"},{"@type":"ListItem","position":3,"name":"\u015awieca&#8221;TULIPANY W SZKLE&#8221; na DZIE\u0143 NAUCZYCIELA"}]},{"@type":"WebSite","@id":"https:\/\/mandarinoart.pl\/#website","url":"https:\/\/mandarinoart.pl\/","name":"Mandarino Art Decor","description":"","publisher":{"@id":"https:\/\/mandarinoart.pl\/#organization"},"potentialAction":[{"@type":"SearchAction","target":{"@type":"EntryPoint","urlTemplate":"https:\/\/mandarinoart.pl\/?s={search_term_string}"},"query-input":{"@type":"PropertyValueSpecification","valueRequired":true,"valueName":"search_term_string"}}],"inLanguage":"pl-PL"},{"@type":"Organization","@id":"https:\/\/mandarinoart.pl\/#organization","name":"Mandarino Art Decor","url":"https:\/\/mandarinoart.pl\/","logo":{"@type":"ImageObject","inLanguage":"pl-PL","@id":"https:\/\/mandarinoart.pl\/#\/schema\/logo\/image\/","url":"https:\/\/mandarinoart.pl\/wp-content\/uploads\/2025\/02\/cropped-Logo_transparent.png","contentUrl":"https:\/\/mandarinoart.pl\/wp-content\/uploads\/2025\/02\/cropped-Logo_transparent.png","width":591,"height":197,"caption":"Mandarino Art Decor"},"image":{"@id":"https:\/\/mandarinoart.pl\/#\/schema\/logo\/image\/"},"sameAs":["https:\/\/www.facebook.com\/profile.php?id=61553468730793","https:\/\/www.instagram.com\/Mandarino_Candle\/?fbclid=IwY2xjawIoRQZleHRuA2FlbQIxMAABHV0lW5lNE7hJxvGNQtw42Ns1dw_Ll4G4YQ9LZaRsOkieykrFA3lNfCyS3g_aem_Nx9Tw7e5op2DlxHJ5Bc5Lg#"]}]}},"_links":{"self":[{"href":"https:\/\/mandarinoart.pl\/index.php\/wp-json\/wp\/v2\/product\/4552","targetHints":{"allow":["GET"]}}],"collection":[{"href":"https:\/\/mandarinoart.pl\/index.php\/wp-json\/wp\/v2\/product"}],"about":[{"href":"https:\/\/mandarinoart.pl\/index.php\/wp-json\/wp\/v2\/types\/product"}],"wp:featuredmedia":[{"embeddable":true,"href":"https:\/\/mandarinoart.pl\/index.php\/wp-json\/wp\/v2\/media\/4288"}],"wp:attachment":[{"href":"https:\/\/mandarinoart.pl\/index.php\/wp-json\/wp\/v2\/media?parent=4552"}],"wp:term":[{"taxonomy":"product_brand","embeddable":true,"href":"https:\/\/mandarinoart.pl\/index.php\/wp-json\/wp\/v2\/product_brand?post=4552"},{"taxonomy":"product_cat","embeddable":true,"href":"https:\/\/mandarinoart.pl\/index.php\/wp-json\/wp\/v2\/product_cat?post=4552"},{"taxonomy":"product_tag","embeddable":true,"href":"https:\/\/mandarinoart.pl\/index.php\/wp-json\/wp\/v2\/product_tag?post=4552"}],"curies":[{"name":"wp","href":"https:\/\/api.w.org\/{rel}","templated":true}]}}