{"id":3658,"date":"2025-05-05T15:11:05","date_gmt":"2025-05-05T13:11:05","guid":{"rendered":"https:\/\/mandarinoart.pl\/?post_type=product&#038;p=3658"},"modified":"2025-05-27T18:31:09","modified_gmt":"2025-05-27T16:31:09","slug":"duza-swieca-dla-mamy-tulipany","status":"publish","type":"product","link":"https:\/\/mandarinoart.pl\/index.php\/produkt\/duza-swieca-dla-mamy-tulipany\/","title":{"rendered":"DU\u017bA \u015aWIECA DLA MAMY TULIPANY"},"content":{"rendered":"<h2 style=\"text-align: center;\"><span style=\"color: #b5aa09;\">POZNAJ PE\u0141N\u0104 OFERT\u0118 WYJ\u0104TKOWYCH \u015aWIEC <\/span><\/h2>\n<h1 style=\"text-align: center;\"><span style=\"color: #be42cf;\">\u2665 NA DZIE\u0143 MAMY \u2665<\/span><\/h1>\n<p style=\"text-align: center;\"><a href=\"https:\/\/mandarinoart.pl\/index.php\/kategoria-produktu\/swiece-sojowe\/swiece-premium\/\"><img fetchpriority=\"high\" decoding=\"async\" class=\"alignnone wp-image-3437\" src=\"https:\/\/mandarinoart.pl\/wp-content\/uploads\/2025\/05\/dzienmamy6-240x300.jpg\" alt=\"\" width=\"361\" height=\"451\" srcset=\"https:\/\/mandarinoart.pl\/wp-content\/uploads\/2025\/05\/dzienmamy6-240x300.jpg 240w, https:\/\/mandarinoart.pl\/wp-content\/uploads\/2025\/05\/dzienmamy6-819x1024.jpg 819w, https:\/\/mandarinoart.pl\/wp-content\/uploads\/2025\/05\/dzienmamy6-768x960.jpg 768w, https:\/\/mandarinoart.pl\/wp-content\/uploads\/2025\/05\/dzienmamy6-600x750.jpg 600w, https:\/\/mandarinoart.pl\/wp-content\/uploads\/2025\/05\/dzienmamy6.jpg 1080w\" sizes=\"(max-width: 361px) 100vw, 361px\" \/><\/a><\/p>\n<p style=\"text-align: center;\">Poznaj wi\u0119cej wyj\u0105tkowych wzor\u00f3w \u015bwiec na DZIE\u0143 MAMY w naszym <a href=\"https:\/\/mandarinoart.pl\/index.php\/kategoria-produktu\/swiece-sojowe\/swiece-premium\/\">SKLEP<\/a><a href=\"https:\/\/mandarinoart.pl\/index.php\/kategoria-produktu\/swiece-sojowe\/swiece-premium\/\">IE<\/a> !<\/p>\n<hr \/>\n<h2 style=\"text-align: center;\"><span style=\"color: #b5aa09;\"><strong>DLACZEGO WARTO WYBRA\u0106 \u015aWIECE SOJOWE Mandarino ART Decor?<\/strong><\/span><\/h2>\n<p>&nbsp;<\/p>\n<ul>\n<li><strong>U\u017cywamy wysokiej jako\u015bci sk\u0142adnik\u00f3w:<\/strong> 100% wosk sojowy pochodzenia ro\u015blinnego, eco barwniki bez paraben\u00f3w zgodne z normami REACH, wysokiej jako\u015bci olejki zapachowe z certyfikatem IFRA.<\/li>\n<li><strong>Wykonanie HANDMADE:<\/strong>\u00a0 \u015awiece tworzymy r\u0119cznie z niezwyk\u0142\u0105 staranno\u015bci\u0105, dbaj\u0105c o ka\u017cdy detal.<\/li>\n<li><strong>Szeroki wyb\u00f3r zapach\u00f3w<\/strong>: Dost\u0119pnych jest 8 r\u00f3\u017cnych zapach\u00f3w do wyboru.<\/li>\n<li><strong>Nasze \u015bwiece charakteryzuje wyj\u0105tkowy DESIGN:<\/strong> Kwiatowe dekoracje, z\u0142ote dodatki.<\/li>\n<\/ul>\n<p><img decoding=\"async\" class=\"wp-image-1084 aligncenter\" src=\"https:\/\/mandarinoart.pl\/wp-content\/uploads\/2025\/03\/DM1-300x111.png\" sizes=\"(max-width: 427px) 100vw, 427px\" srcset=\"https:\/\/mandarinoart.pl\/wp-content\/uploads\/2025\/03\/DM1-300x111.png 300w, https:\/\/mandarinoart.pl\/wp-content\/uploads\/2025\/03\/DM1-768x284.png 768w, https:\/\/mandarinoart.pl\/wp-content\/uploads\/2025\/03\/DM1-600x222.png 600w, https:\/\/mandarinoart.pl\/wp-content\/uploads\/2025\/03\/DM1.png 851w\" alt=\"\" width=\"427\" height=\"158\" \/><\/p>\n<p>Karty charakterystyki sk\u0142adnik\u00f3w stosowanych do produkcji \u015bwiec udost\u0119pniamy na \u017cyczenie klienta.<\/p>\n<hr \/>\n<p>&nbsp;<\/p>\n","protected":false},"excerpt":{"rendered":"<div class=\"woocommerce-product-details__short-description\">\n<p>Du\u017ca \u015bwieca sojowa XL &#8222;TULIPANY DLA MAMY&#8221; stworzona, by podzi\u0119kowa\u0107 i okaza\u0107 swoj\u0105 mi\u0142o\u015b\u0107 w tym wa\u017cnym dniu jak DZIE\u0143 MAMY.\u00a0 \u015awieca z tulipanami z sercem w tonacji wrzosowej,\u00a0 pi\u0119kne detale &#8211; r\u00f3\u017ce 3D, s\u0142onecznik, motyle, kt\u00f3re zachwycaj\u0105. \u015awieca b\u0119dzie pi\u0119knym gestem, pokazuj\u0105cym wi\u0119cej ni\u017c tysi\u0105c s\u0142\u00f3w! Zachwy\u0107 swoj\u0105 Mam\u0119 i poka\u017c jej wdzi\u0119czno\u015b\u0107 oraz mi\u0142o\u015b\u0107. Elegancki wygl\u0105d \u015bwiecy \u015bwietnie b\u0119dzie komponowa\u0142 si\u0119 z ka\u017cdym wystrojem wn\u0119trza oraz doda wiosennego akcentu w domu. Dodatkowo mo\u017cemy zapakowa\u0107 \u015bwiec\u0119 w prezentowe pude\u0142ko wraz ze zdobieniami &#8211; gotowe do wr\u0119czenia.<\/p>\n<ul>\n<li><strong>Wysokiej jako\u015bci sk\u0142ad \u015bwiecy: <\/strong>certyfikowany wosk sojowy w 100% naturalny, bawe\u0142nianr knoty, eco barwnik w p\u0142ynie, wysokiej jako\u015bci olejek zapachowy z certyfikatem IFRA.<\/li>\n<li><strong>Szeroko\u015b\u0107: <\/strong>19 cm !!!<\/li>\n<li><strong>Wysoko\u015b\u0107:\u00a0 <\/strong>8 cm<\/li>\n<li><strong>Waga wosku:<\/strong> ok 600 g naturalnego wosku sojowego<\/li>\n<li><strong>Czas palenia:<\/strong> ~ 70h<\/li>\n<\/ul>\n<p><span style=\"color: #f05bad;\"><strong>Na \u017cyczenie \u015bwiec\u0119 zapakujemy w eleganckie pude\u0142ko ze zdobieniami oraz umie\u015bcimy kr\u00f3tkie \u017cyczenia. W polu &#8222;Napis na \u015bwiecy&#8221; wpisz kr\u00f3tkie \u017cyczenia, kt\u00f3re chcesz by\u015bmy umie\u015bcili na zawieszce (opcja dost\u0119pna gdy wybierzesz dodatkow\u0105 us\u0142ug\u0119 &#8211; &#8222;Pakowanie na prezent&#8221;)<\/strong><\/span><\/p>\n<\/div>\n","protected":false},"featured_media":3662,"template":"","meta":{"site-sidebar-layout":"default","site-content-layout":"","ast-site-content-layout":"default","site-content-style":"default","site-sidebar-style":"default","ast-global-header-display":"","ast-banner-title-visibility":"","ast-main-header-display":"","ast-hfb-above-header-display":"","ast-hfb-below-header-display":"","ast-hfb-mobile-header-display":"","site-post-title":"","ast-breadcrumbs-content":"","ast-featured-img":"","footer-sml-layout":"","theme-transparent-header-meta":"default","adv-header-id-meta":"","stick-header-meta":"","header-above-stick-meta":"","header-main-stick-meta":"","header-below-stick-meta":"","astra-migrate-meta-layouts":"set","ast-page-background-enabled":"default","ast-page-background-meta":{"desktop":{"background-color":"var(--ast-global-color-5)","background-image":"","background-repeat":"repeat","background-position":"center center","background-size":"auto","background-attachment":"scroll","background-type":"","background-media":"","overlay-type":"","overlay-color":"","overlay-opacity":"","overlay-gradient":""},"tablet":{"background-color":"","background-image":"","background-repeat":"repeat","background-position":"center center","background-size":"auto","background-attachment":"scroll","background-type":"","background-media":"","overlay-type":"","overlay-color":"","overlay-opacity":"","overlay-gradient":""},"mobile":{"background-color":"","background-image":"","background-repeat":"repeat","background-position":"center center","background-size":"auto","background-attachment":"scroll","background-type":"","background-media":"","overlay-type":"","overlay-color":"","overlay-opacity":"","overlay-gradient":""}},"ast-content-background-meta":{"desktop":{"background-color":"var(--ast-global-color-4)","background-image":"","background-repeat":"repeat","background-position":"center center","background-size":"auto","background-attachment":"scroll","background-type":"","background-media":"","overlay-type":"","overlay-color":"","overlay-opacity":"","overlay-gradient":""},"tablet":{"background-color":"var(--ast-global-color-4)","background-image":"","background-repeat":"repeat","background-position":"center center","background-size":"auto","background-attachment":"scroll","background-type":"","background-media":"","overlay-type":"","overlay-color":"","overlay-opacity":"","overlay-gradient":""},"mobile":{"background-color":"var(--ast-global-color-4)","background-image":"","background-repeat":"repeat","background-position":"center center","background-size":"auto","background-attachment":"scroll","background-type":"","background-media":"","overlay-type":"","overlay-color":"","overlay-opacity":"","overlay-gradient":""}}},"product_brand":[],"product_cat":[21,18],"product_tag":[156,28,157,26,32,158],"class_list":{"0":"post-3658","1":"product","2":"type-product","3":"status-publish","4":"has-post-thumbnail","6":"product_cat-nowosci","7":"product_cat-swiece-okolicznosciowe","8":"product_tag-dzien-mamy","9":"product_tag-swieca-kwiatowa","10":"product_tag-swieca-na-dzien-mamy","11":"product_tag-swieca-sojowa","12":"product_tag-swieca-w-szkle","13":"product_tag-swieca-xl","14":"desktop-align-left","15":"tablet-align-left","16":"mobile-align-left","18":"first","19":"instock","20":"shipping-taxable","21":"purchasable","22":"product-type-variable"},"yoast_head":"<!-- This site is optimized with the Yoast SEO plugin v26.5 - https:\/\/yoast.com\/wordpress\/plugins\/seo\/ -->\n<title>DU\u017bA \u015aWIECA TULIPANY DLA MAMY<\/title>\n<meta name=\"description\" content=\"Du\u017ca \u015bwieca XL z tulipanami w tonacji wrzosowej - to pi\u0119kny gest, pkazuj\u0105cy wi\u0119cej ni\u017c tysi\u0105c s\u0142\u00f3w! Z\u0142oty napis &quot;KOCHANEJ MAMIE&quot;. Wspania\u0142y prezent dla Mamy!\" \/>\n<meta name=\"robots\" content=\"index, follow, max-snippet:-1, max-image-preview:large, max-video-preview:-1\" \/>\n<link rel=\"canonical\" href=\"https:\/\/mandarinoart.pl\/index.php\/produkt\/duza-swieca-dla-mamy-tulipany\/\" \/>\n<meta property=\"og:locale\" content=\"pl_PL\" \/>\n<meta property=\"og:type\" content=\"article\" \/>\n<meta property=\"og:title\" content=\"DU\u017bA \u015aWIECA TULIPANY DLA MAMY\" \/>\n<meta property=\"og:description\" content=\"Du\u017ca \u015bwieca XL z tulipanami w tonacji wrzosowej - to pi\u0119kny gest, pkazuj\u0105cy wi\u0119cej ni\u017c tysi\u0105c s\u0142\u00f3w! Z\u0142oty napis &quot;KOCHANEJ MAMIE&quot;. Wspania\u0142y prezent dla Mamy!\" \/>\n<meta property=\"og:url\" content=\"https:\/\/mandarinoart.pl\/index.php\/produkt\/duza-swieca-dla-mamy-tulipany\/\" \/>\n<meta property=\"og:site_name\" content=\"Mandarino Art\" \/>\n<meta property=\"article:publisher\" content=\"https:\/\/www.facebook.com\/profile.php?id=61553468730793\" \/>\n<meta property=\"article:modified_time\" content=\"2025-05-27T16:31:09+00:00\" \/>\n<meta property=\"og:image\" content=\"https:\/\/mandarinoart.pl\/wp-content\/uploads\/2025\/05\/dlamamy01-1.jpg\" \/>\n\t<meta property=\"og:image:width\" content=\"1080\" \/>\n\t<meta property=\"og:image:height\" content=\"1464\" \/>\n\t<meta property=\"og:image:type\" content=\"image\/jpeg\" \/>\n<meta name=\"twitter:card\" content=\"summary_large_image\" \/>\n<meta name=\"twitter:label1\" content=\"Szacowany czas czytania\" \/>\n\t<meta name=\"twitter:data1\" content=\"2 minuty\" \/>\n<script type=\"application\/ld+json\" class=\"yoast-schema-graph\">{\"@context\":\"https:\/\/schema.org\",\"@graph\":[{\"@type\":\"WebPage\",\"@id\":\"https:\/\/mandarinoart.pl\/index.php\/produkt\/duza-swieca-dla-mamy-tulipany\/\",\"url\":\"https:\/\/mandarinoart.pl\/index.php\/produkt\/duza-swieca-dla-mamy-tulipany\/\",\"name\":\"DU\u017bA \u015aWIECA TULIPANY DLA MAMY\",\"isPartOf\":{\"@id\":\"https:\/\/mandarinoart.pl\/#website\"},\"primaryImageOfPage\":{\"@id\":\"https:\/\/mandarinoart.pl\/index.php\/produkt\/duza-swieca-dla-mamy-tulipany\/#primaryimage\"},\"image\":{\"@id\":\"https:\/\/mandarinoart.pl\/index.php\/produkt\/duza-swieca-dla-mamy-tulipany\/#primaryimage\"},\"thumbnailUrl\":\"https:\/\/mandarinoart.pl\/wp-content\/uploads\/2025\/05\/dlamamy01-1.jpg\",\"datePublished\":\"2025-05-05T13:11:05+00:00\",\"dateModified\":\"2025-05-27T16:31:09+00:00\",\"description\":\"Du\u017ca \u015bwieca XL z tulipanami w tonacji wrzosowej - to pi\u0119kny gest, pkazuj\u0105cy wi\u0119cej ni\u017c tysi\u0105c s\u0142\u00f3w! Z\u0142oty napis \\\"KOCHANEJ MAMIE\\\". Wspania\u0142y prezent dla Mamy!\",\"breadcrumb\":{\"@id\":\"https:\/\/mandarinoart.pl\/index.php\/produkt\/duza-swieca-dla-mamy-tulipany\/#breadcrumb\"},\"inLanguage\":\"pl-PL\",\"potentialAction\":[{\"@type\":\"ReadAction\",\"target\":[\"https:\/\/mandarinoart.pl\/index.php\/produkt\/duza-swieca-dla-mamy-tulipany\/\"]}]},{\"@type\":\"ImageObject\",\"inLanguage\":\"pl-PL\",\"@id\":\"https:\/\/mandarinoart.pl\/index.php\/produkt\/duza-swieca-dla-mamy-tulipany\/#primaryimage\",\"url\":\"https:\/\/mandarinoart.pl\/wp-content\/uploads\/2025\/05\/dlamamy01-1.jpg\",\"contentUrl\":\"https:\/\/mandarinoart.pl\/wp-content\/uploads\/2025\/05\/dlamamy01-1.jpg\",\"width\":1080,\"height\":1464,\"caption\":\"Bia\u0142y i Czarny Zdj\u0119cie Kola\u017c Podarty Papier Instagram Story - 4\"},{\"@type\":\"BreadcrumbList\",\"@id\":\"https:\/\/mandarinoart.pl\/index.php\/produkt\/duza-swieca-dla-mamy-tulipany\/#breadcrumb\",\"itemListElement\":[{\"@type\":\"ListItem\",\"position\":1,\"name\":\"Strona g\u0142\u00f3wna\",\"item\":\"https:\/\/mandarinoart.pl\/\"},{\"@type\":\"ListItem\",\"position\":2,\"name\":\"Sklep\",\"item\":\"https:\/\/mandarinoart.pl\/index.php\/sklep\/\"},{\"@type\":\"ListItem\",\"position\":3,\"name\":\"DU\u017bA \u015aWIECA DLA MAMY TULIPANY\"}]},{\"@type\":\"WebSite\",\"@id\":\"https:\/\/mandarinoart.pl\/#website\",\"url\":\"https:\/\/mandarinoart.pl\/\",\"name\":\"Mandarino Art Decor\",\"description\":\"\",\"publisher\":{\"@id\":\"https:\/\/mandarinoart.pl\/#organization\"},\"potentialAction\":[{\"@type\":\"SearchAction\",\"target\":{\"@type\":\"EntryPoint\",\"urlTemplate\":\"https:\/\/mandarinoart.pl\/?s={search_term_string}\"},\"query-input\":{\"@type\":\"PropertyValueSpecification\",\"valueRequired\":true,\"valueName\":\"search_term_string\"}}],\"inLanguage\":\"pl-PL\"},{\"@type\":\"Organization\",\"@id\":\"https:\/\/mandarinoart.pl\/#organization\",\"name\":\"Mandarino Art Decor\",\"url\":\"https:\/\/mandarinoart.pl\/\",\"logo\":{\"@type\":\"ImageObject\",\"inLanguage\":\"pl-PL\",\"@id\":\"https:\/\/mandarinoart.pl\/#\/schema\/logo\/image\/\",\"url\":\"https:\/\/mandarinoart.pl\/wp-content\/uploads\/2025\/02\/cropped-Logo_transparent.png\",\"contentUrl\":\"https:\/\/mandarinoart.pl\/wp-content\/uploads\/2025\/02\/cropped-Logo_transparent.png\",\"width\":591,\"height\":197,\"caption\":\"Mandarino Art Decor\"},\"image\":{\"@id\":\"https:\/\/mandarinoart.pl\/#\/schema\/logo\/image\/\"},\"sameAs\":[\"https:\/\/www.facebook.com\/profile.php?id=61553468730793\",\"https:\/\/www.instagram.com\/Mandarino_Candle\/?fbclid=IwY2xjawIoRQZleHRuA2FlbQIxMAABHV0lW5lNE7hJxvGNQtw42Ns1dw_Ll4G4YQ9LZaRsOkieykrFA3lNfCyS3g_aem_Nx9Tw7e5op2DlxHJ5Bc5Lg#\"]}]}<\/script>\n<!-- \/ Yoast SEO plugin. -->","yoast_head_json":{"title":"DU\u017bA \u015aWIECA TULIPANY DLA MAMY","description":"Du\u017ca \u015bwieca XL z tulipanami w tonacji wrzosowej - to pi\u0119kny gest, pkazuj\u0105cy wi\u0119cej ni\u017c tysi\u0105c s\u0142\u00f3w! Z\u0142oty napis \"KOCHANEJ MAMIE\". Wspania\u0142y prezent dla Mamy!","robots":{"index":"index","follow":"follow","max-snippet":"max-snippet:-1","max-image-preview":"max-image-preview:large","max-video-preview":"max-video-preview:-1"},"canonical":"https:\/\/mandarinoart.pl\/index.php\/produkt\/duza-swieca-dla-mamy-tulipany\/","og_locale":"pl_PL","og_type":"article","og_title":"DU\u017bA \u015aWIECA TULIPANY DLA MAMY","og_description":"Du\u017ca \u015bwieca XL z tulipanami w tonacji wrzosowej - to pi\u0119kny gest, pkazuj\u0105cy wi\u0119cej ni\u017c tysi\u0105c s\u0142\u00f3w! Z\u0142oty napis \"KOCHANEJ MAMIE\". Wspania\u0142y prezent dla Mamy!","og_url":"https:\/\/mandarinoart.pl\/index.php\/produkt\/duza-swieca-dla-mamy-tulipany\/","og_site_name":"Mandarino Art","article_publisher":"https:\/\/www.facebook.com\/profile.php?id=61553468730793","article_modified_time":"2025-05-27T16:31:09+00:00","og_image":[{"width":1080,"height":1464,"url":"https:\/\/mandarinoart.pl\/wp-content\/uploads\/2025\/05\/dlamamy01-1.jpg","type":"image\/jpeg"}],"twitter_card":"summary_large_image","twitter_misc":{"Szacowany czas czytania":"2 minuty"},"schema":{"@context":"https:\/\/schema.org","@graph":[{"@type":"WebPage","@id":"https:\/\/mandarinoart.pl\/index.php\/produkt\/duza-swieca-dla-mamy-tulipany\/","url":"https:\/\/mandarinoart.pl\/index.php\/produkt\/duza-swieca-dla-mamy-tulipany\/","name":"DU\u017bA \u015aWIECA TULIPANY DLA MAMY","isPartOf":{"@id":"https:\/\/mandarinoart.pl\/#website"},"primaryImageOfPage":{"@id":"https:\/\/mandarinoart.pl\/index.php\/produkt\/duza-swieca-dla-mamy-tulipany\/#primaryimage"},"image":{"@id":"https:\/\/mandarinoart.pl\/index.php\/produkt\/duza-swieca-dla-mamy-tulipany\/#primaryimage"},"thumbnailUrl":"https:\/\/mandarinoart.pl\/wp-content\/uploads\/2025\/05\/dlamamy01-1.jpg","datePublished":"2025-05-05T13:11:05+00:00","dateModified":"2025-05-27T16:31:09+00:00","description":"Du\u017ca \u015bwieca XL z tulipanami w tonacji wrzosowej - to pi\u0119kny gest, pkazuj\u0105cy wi\u0119cej ni\u017c tysi\u0105c s\u0142\u00f3w! Z\u0142oty napis \"KOCHANEJ MAMIE\". Wspania\u0142y prezent dla Mamy!","breadcrumb":{"@id":"https:\/\/mandarinoart.pl\/index.php\/produkt\/duza-swieca-dla-mamy-tulipany\/#breadcrumb"},"inLanguage":"pl-PL","potentialAction":[{"@type":"ReadAction","target":["https:\/\/mandarinoart.pl\/index.php\/produkt\/duza-swieca-dla-mamy-tulipany\/"]}]},{"@type":"ImageObject","inLanguage":"pl-PL","@id":"https:\/\/mandarinoart.pl\/index.php\/produkt\/duza-swieca-dla-mamy-tulipany\/#primaryimage","url":"https:\/\/mandarinoart.pl\/wp-content\/uploads\/2025\/05\/dlamamy01-1.jpg","contentUrl":"https:\/\/mandarinoart.pl\/wp-content\/uploads\/2025\/05\/dlamamy01-1.jpg","width":1080,"height":1464,"caption":"Bia\u0142y i Czarny Zdj\u0119cie Kola\u017c Podarty Papier Instagram Story - 4"},{"@type":"BreadcrumbList","@id":"https:\/\/mandarinoart.pl\/index.php\/produkt\/duza-swieca-dla-mamy-tulipany\/#breadcrumb","itemListElement":[{"@type":"ListItem","position":1,"name":"Strona g\u0142\u00f3wna","item":"https:\/\/mandarinoart.pl\/"},{"@type":"ListItem","position":2,"name":"Sklep","item":"https:\/\/mandarinoart.pl\/index.php\/sklep\/"},{"@type":"ListItem","position":3,"name":"DU\u017bA \u015aWIECA DLA MAMY TULIPANY"}]},{"@type":"WebSite","@id":"https:\/\/mandarinoart.pl\/#website","url":"https:\/\/mandarinoart.pl\/","name":"Mandarino Art Decor","description":"","publisher":{"@id":"https:\/\/mandarinoart.pl\/#organization"},"potentialAction":[{"@type":"SearchAction","target":{"@type":"EntryPoint","urlTemplate":"https:\/\/mandarinoart.pl\/?s={search_term_string}"},"query-input":{"@type":"PropertyValueSpecification","valueRequired":true,"valueName":"search_term_string"}}],"inLanguage":"pl-PL"},{"@type":"Organization","@id":"https:\/\/mandarinoart.pl\/#organization","name":"Mandarino Art Decor","url":"https:\/\/mandarinoart.pl\/","logo":{"@type":"ImageObject","inLanguage":"pl-PL","@id":"https:\/\/mandarinoart.pl\/#\/schema\/logo\/image\/","url":"https:\/\/mandarinoart.pl\/wp-content\/uploads\/2025\/02\/cropped-Logo_transparent.png","contentUrl":"https:\/\/mandarinoart.pl\/wp-content\/uploads\/2025\/02\/cropped-Logo_transparent.png","width":591,"height":197,"caption":"Mandarino Art Decor"},"image":{"@id":"https:\/\/mandarinoart.pl\/#\/schema\/logo\/image\/"},"sameAs":["https:\/\/www.facebook.com\/profile.php?id=61553468730793","https:\/\/www.instagram.com\/Mandarino_Candle\/?fbclid=IwY2xjawIoRQZleHRuA2FlbQIxMAABHV0lW5lNE7hJxvGNQtw42Ns1dw_Ll4G4YQ9LZaRsOkieykrFA3lNfCyS3g_aem_Nx9Tw7e5op2DlxHJ5Bc5Lg#"]}]}},"_links":{"self":[{"href":"https:\/\/mandarinoart.pl\/index.php\/wp-json\/wp\/v2\/product\/3658","targetHints":{"allow":["GET"]}}],"collection":[{"href":"https:\/\/mandarinoart.pl\/index.php\/wp-json\/wp\/v2\/product"}],"about":[{"href":"https:\/\/mandarinoart.pl\/index.php\/wp-json\/wp\/v2\/types\/product"}],"wp:featuredmedia":[{"embeddable":true,"href":"https:\/\/mandarinoart.pl\/index.php\/wp-json\/wp\/v2\/media\/3662"}],"wp:attachment":[{"href":"https:\/\/mandarinoart.pl\/index.php\/wp-json\/wp\/v2\/media?parent=3658"}],"wp:term":[{"taxonomy":"product_brand","embeddable":true,"href":"https:\/\/mandarinoart.pl\/index.php\/wp-json\/wp\/v2\/product_brand?post=3658"},{"taxonomy":"product_cat","embeddable":true,"href":"https:\/\/mandarinoart.pl\/index.php\/wp-json\/wp\/v2\/product_cat?post=3658"},{"taxonomy":"product_tag","embeddable":true,"href":"https:\/\/mandarinoart.pl\/index.php\/wp-json\/wp\/v2\/product_tag?post=3658"}],"curies":[{"name":"wp","href":"https:\/\/api.w.org\/{rel}","templated":true}]}}