{"id":2928,"date":"2025-04-18T23:39:00","date_gmt":"2025-04-18T21:39:00","guid":{"rendered":"https:\/\/mandarinoart.pl\/?post_type=product&#038;p=2928"},"modified":"2026-03-08T23:58:55","modified_gmt":"2026-03-08T22:58:55","slug":"swiece-motyl-na-baby-shower","status":"publish","type":"product","link":"https:\/\/mandarinoart.pl\/index.php\/produkt\/swiece-motyl-na-baby-shower\/","title":{"rendered":"\u015awiece &#8222;Motyl&#8221; podzi\u0119kowania na Baby Shower"},"content":{"rendered":"<h3 style=\"text-align: center;\"><span style=\"color: #eb966c;\">Szukasz wyj\u0105tkowych i oryginalnych podzi\u0119kowa\u0144 dla Go\u015bci?<\/span><\/h3>\n<p>&nbsp;<\/p>\n<p style=\"text-align: center;\">\u015awietnie trafi\u0142e\u015b ! Oferujemy wyj\u0105tkowe podzi\u0119kowania w formie \u015bwiec sojowych. To drobny, ale pe\u0142en uroku upominek, kt\u00f3ry doskonale sprawdzi si\u0119 jako <strong>podzi\u0119kowania dla go\u015bci na: Chrzest, Komuni\u0119 \u015awi\u0119t\u0105, Wesele, Wiecz\u00f3r Panie\u0144ski, Roczek, Urodziny czy inne Uroczysto\u015bci.<\/strong><\/p>\n<p data-wp-editing=\"1\"><a href=\"https:\/\/mandarinoart.pl\/index.php\/kategoria-produktu\/podziekowania-dla-gosci\/\"><img fetchpriority=\"high\" decoding=\"async\" class=\" wp-image-950 aligncenter\" src=\"https:\/\/mandarinoart.pl\/wp-content\/uploads\/2025\/03\/rt-300x111.png\" alt=\"\" width=\"779\" height=\"288\" srcset=\"https:\/\/mandarinoart.pl\/wp-content\/uploads\/2025\/03\/rt-300x111.png 300w, https:\/\/mandarinoart.pl\/wp-content\/uploads\/2025\/03\/rt-768x284.png 768w, https:\/\/mandarinoart.pl\/wp-content\/uploads\/2025\/03\/rt-600x222.png 600w, https:\/\/mandarinoart.pl\/wp-content\/uploads\/2025\/03\/rt.png 851w\" sizes=\"(max-width: 779px) 100vw, 779px\" \/><\/a><\/p>\n<p style=\"text-align: center;\">Poznaj wi\u0119cej wyj\u0105tkowych wzor\u00f3w \u015bwiec NA PODZI\u0118KOWANIA w naszym <a href=\"https:\/\/mandarinoart.pl\/index.php\/kategoria-produktu\/podziekowania-dla-gosci\/\">SKLEPIE<\/a> !<\/p>\n<hr \/>\n<h4><img decoding=\"async\" class=\"emoji\" role=\"img\" draggable=\"false\" src=\"https:\/\/s.w.org\/images\/core\/emoji\/17.0.2\/svg\/1f4a1.svg\" alt=\"\ud83d\udca1\" \/><span style=\"color: #eb966c;\"><strong> Jak zam\u00f3wi\u0107 \u015bwiece na podzi\u0119kowania ?\u00a0<\/strong><\/span><\/h4>\n<p>&nbsp;<\/p>\n<p>1. <em>Wybierz \u00a0<\/em>zapach \u015bwiec.<\/p>\n<p>2. <em>Wybierz<\/em>\u00a0 kolor \u015bwiec.<\/p>\n<p>3. <em>Wybierz<\/em> elementy dekoracyjne: <em>KOLOR WST\u0104\u017bKI \/ KOKARDY<\/em><\/p>\n<p>3. <em>Peronalizowane zawieszki<\/em> (w <em>polu &#8222;NAPIS NA ZAWIESZCE&#8221;<\/em>: Podaj IMI\u0118, kt\u00f3re umie\u015bcimy na zwieszce oraz DAT\u0118 UROCZYSTO\u015aCI)<\/p>\n<p><img decoding=\"async\" class=\"emoji\" role=\"img\" draggable=\"false\" src=\"https:\/\/s.w.org\/images\/core\/emoji\/17.0.2\/svg\/1f380.svg\" alt=\"\ud83c\udf80\" \/>\u00a0 \u00a0 Zam\u00f3w ju\u017c dzi\u015b i spraw, by Twoja uroczysto\u015b\u0107 by\u0142a niezapomniana!\u00a0 \u00a0 <img decoding=\"async\" class=\"emoji\" role=\"img\" draggable=\"false\" src=\"https:\/\/s.w.org\/images\/core\/emoji\/17.0.2\/svg\/1f380.svg\" alt=\"\ud83c\udf80\" \/><\/p>\n<p>&nbsp;<\/p>\n<hr \/>\n<h3 style=\"text-align: center;\"><span style=\"color: #eb966c;\"><strong>Dlaczego warto wybra\u0107 \u015bwiece sojowe Mandarino ART DECOR?<\/strong><\/span><\/h3>\n<p>&nbsp;<\/p>\n<ul>\n<li><strong>U\u017cywamy wysokiej jako\u015bci sk\u0142adnik\u00f3w:<\/strong> 100% wosk sojowy pochodzenia ro\u015blinnego, eco barwniki bez paraben\u00f3w zgodne z normami REACH, wysokiej jako\u015bci olejki zapachowe z certyfikatem IFRA.<\/li>\n<li><strong>Wykonanie HANDMADE:<\/strong>\u00a0 \u015awiece tworzymy r\u0119cznie z niezwyk\u0142\u0105 staranno\u015bci\u0105, dbaj\u0105c o ka\u017cdy detal.<\/li>\n<li><strong>Szeroki wyb\u00f3r zapach\u00f3w<\/strong>: Dost\u0119pnych jest 8 r\u00f3\u017cnych zapach\u00f3w do wyboru.<\/li>\n<li><strong>Nasze \u015bwiece charakteryzuje wyj\u0105tkowy DESIGN:<\/strong> Kwiatowe dekoracje, z\u0142ote dodatki.<\/li>\n<\/ul>\n<p><img decoding=\"async\" class=\"wp-image-1084 aligncenter\" src=\"https:\/\/mandarinoart.pl\/wp-content\/uploads\/2025\/03\/DM1-300x111.png\" alt=\"\" width=\"427\" height=\"158\" srcset=\"https:\/\/mandarinoart.pl\/wp-content\/uploads\/2025\/03\/DM1-300x111.png 300w, https:\/\/mandarinoart.pl\/wp-content\/uploads\/2025\/03\/DM1-768x284.png 768w, https:\/\/mandarinoart.pl\/wp-content\/uploads\/2025\/03\/DM1-600x222.png 600w, https:\/\/mandarinoart.pl\/wp-content\/uploads\/2025\/03\/DM1.png 851w\" sizes=\"(max-width: 427px) 100vw, 427px\" \/><\/p>\n<hr \/>\n<div><\/div>\n","protected":false},"excerpt":{"rendered":"<p><span class=\"OYPEnA\">Szukasz idealnego prezentu dla swoich go\u015bci? Nasze wyj\u0105tkowe \u015bwieczki na podzi\u0119kowania to doskona\u0142y spos\u00f3b, aby wyrazi\u0107 wdzi\u0119czno\u015b\u0107 za obecno\u015b\u0107 w najwa\u017cniejszych chwilach Twojego \u017cycia! Pi\u0119kne detale, ozdobne pakowanie oraz indywidualna personalizacja zachwyc\u0105 wygl\u0105dem Twoich go\u015bci.<\/span><\/p>\n<h3 style=\"text-align: center;\">Najpi\u0119kniejsze prezenty &#8211; s\u0105 te spersonalizowane&#8230; i od serca!<\/h3>\n<p>&nbsp;<\/p>\n<ul>\n<li><strong>Wymiary \u015bwiecy:<\/strong> \u015brednica: 5,7 cm; wysoko\u015b\u0107: 4,5 cm<\/li>\n<li><strong>Waga \u015bwiecy:<\/strong> 50g podstawa + 50g motyl<\/li>\n<li>Pude\u0142ko zdobione pi\u0119kn\u0105 kokard\u0105 z cyrkoni\u0105 + urocze, ozdobne &#8222;st\u00f3pki&#8221;<\/li>\n<\/ul>\n<p><img decoding=\"async\" class=\"emoji\" role=\"img\" draggable=\"false\" src=\"https:\/\/s.w.org\/images\/core\/emoji\/17.0.2\/svg\/1f56f.svg\" alt=\"\ud83d\udd6f\ufe0f\" \/> <strong data-start=\"689\" data-end=\"757\">Realizacja zam\u00f3wienia zajmuje zazwyczaj od 10 do 20 dni roboczych<\/strong>, w zale\u017cno\u015bci od ilo\u015bci. Prosimy o uwzgl\u0119dnienie tego czasu przy sk\u0142adaniu zam\u00f3wienia.<\/p>\n<p><img decoding=\"async\" class=\"emoji\" role=\"img\" draggable=\"false\" src=\"https:\/\/s.w.org\/images\/core\/emoji\/17.0.2\/svg\/1f4e6.svg\" alt=\"\ud83d\udce6\" \/> <strong data-start=\"1137\" data-end=\"1261\">Dla zam\u00f3wie\u0144 powy\u017cej 120 szt. obowi\u0105zuje indywidualna wycena \u2013 napisz do nas\u00a0 <\/strong><strong data-start=\"1137\" data-end=\"1261\">(<a class=\"cursor-pointer\" rel=\"noopener\" data-start=\"1091\" data-end=\"1130\"><span style=\"color: #e0b49d;\">kontakt@mandarinoart.pl<\/span>)<\/a>, a przygotujemy specjaln\u0105 ofert\u0119!\u00a0<\/strong><\/p>\n<table class=\"styled-table\" style=\"height: 211px; width: 448px; border-style: ridge;\" width=\"420\">\n<tbody>\n<tr style=\"height: 22px;\">\n<th style=\"width: 410.8px; height: 29px;\"><span style=\"color: #666262;\">Tekst na zawieszce (max 150 liter)<\/span><\/th>\n<\/tr>\n<tr style=\"height: 130px;\">\n<td style=\"width: 410.8px; height: 130px;\"><em>Przyk\u0142adowe wzory i napisy na zawieszk\u0119 w galerii zdj\u0119\u0107<\/em><\/p>\n<p><!-- Atrybut maxlength=\"150\" ogranicza wpisywanie do 150 znak\u00f3w --> <textarea id=\"komentarz\" class=\"my-textarea\" style=\"width: 393px; height: 44px;\" maxlength=\"150\" name=\"komentarz\" placeholder=\"Wpisz tre\u015b\u0107...\"><\/textarea><\/td>\n<\/tr>\n<\/tbody>\n<\/table>\n","protected":false},"featured_media":4543,"template":"","meta":{"site-sidebar-layout":"default","site-content-layout":"","ast-site-content-layout":"default","site-content-style":"default","site-sidebar-style":"default","ast-global-header-display":"","ast-banner-title-visibility":"","ast-main-header-display":"","ast-hfb-above-header-display":"","ast-hfb-below-header-display":"","ast-hfb-mobile-header-display":"","site-post-title":"","ast-breadcrumbs-content":"","ast-featured-img":"","footer-sml-layout":"","theme-transparent-header-meta":"default","adv-header-id-meta":"","stick-header-meta":"","header-above-stick-meta":"","header-main-stick-meta":"","header-below-stick-meta":"","astra-migrate-meta-layouts":"set","ast-page-background-enabled":"default","ast-page-background-meta":{"desktop":{"background-color":"var(--ast-global-color-5)","background-image":"","background-repeat":"repeat","background-position":"center center","background-size":"auto","background-attachment":"scroll","background-type":"","background-media":"","overlay-type":"","overlay-color":"","overlay-opacity":"","overlay-gradient":""},"tablet":{"background-color":"","background-image":"","background-repeat":"repeat","background-position":"center center","background-size":"auto","background-attachment":"scroll","background-type":"","background-media":"","overlay-type":"","overlay-color":"","overlay-opacity":"","overlay-gradient":""},"mobile":{"background-color":"","background-image":"","background-repeat":"repeat","background-position":"center center","background-size":"auto","background-attachment":"scroll","background-type":"","background-media":"","overlay-type":"","overlay-color":"","overlay-opacity":"","overlay-gradient":""}},"ast-content-background-meta":{"desktop":{"background-color":"var(--ast-global-color-4)","background-image":"","background-repeat":"repeat","background-position":"center center","background-size":"auto","background-attachment":"scroll","background-type":"","background-media":"","overlay-type":"","overlay-color":"","overlay-opacity":"","overlay-gradient":""},"tablet":{"background-color":"var(--ast-global-color-4)","background-image":"","background-repeat":"repeat","background-position":"center center","background-size":"auto","background-attachment":"scroll","background-type":"","background-media":"","overlay-type":"","overlay-color":"","overlay-opacity":"","overlay-gradient":""},"mobile":{"background-color":"var(--ast-global-color-4)","background-image":"","background-repeat":"repeat","background-position":"center center","background-size":"auto","background-attachment":"scroll","background-type":"","background-media":"","overlay-type":"","overlay-color":"","overlay-opacity":"","overlay-gradient":""}}},"product_brand":[],"product_cat":[55],"product_tag":[94,139,86,138,85],"class_list":{"0":"post-2928","1":"product","2":"type-product","3":"status-publish","4":"has-post-thumbnail","6":"product_cat-baby-shower","7":"product_tag-baby-shower","8":"product_tag-babygirl","9":"product_tag-podziekowania-dla-gosci","10":"product_tag-podziekowania-na-baby-shower","11":"product_tag-swiece-na-podziekowania","12":"desktop-align-left","13":"tablet-align-left","14":"mobile-align-left","16":"first","17":"instock","18":"shipping-taxable","19":"purchasable","20":"product-type-variable"},"yoast_head":"<!-- This site is optimized with the Yoast SEO plugin v26.5 - https:\/\/yoast.com\/wordpress\/plugins\/seo\/ -->\n<title>\u015awiece Motyl - Urocze podzi\u0119kowania na Baby Shower<\/title>\n<meta name=\"description\" content=\"Tw\u00f3j wyb\u00f3r \u015awiec Motyl na podzi\u0119kowania doda uroku ka\u017cdej uroczysto\u015bci. Stw\u00f3rz wyj\u0105tkowe podzi\u0119kowania z naszymi \u015bwiecami!\" \/>\n<meta name=\"robots\" content=\"index, follow, max-snippet:-1, max-image-preview:large, max-video-preview:-1\" \/>\n<link rel=\"canonical\" href=\"https:\/\/mandarinoart.pl\/index.php\/produkt\/swiece-motyl-na-baby-shower\/\" \/>\n<meta property=\"og:locale\" content=\"pl_PL\" \/>\n<meta property=\"og:type\" content=\"article\" \/>\n<meta property=\"og:title\" content=\"\u015awiece Motyl - Urocze podzi\u0119kowania na Baby Shower\" \/>\n<meta property=\"og:description\" content=\"Tw\u00f3j wyb\u00f3r \u015awiec Motyl na podzi\u0119kowania doda uroku ka\u017cdej uroczysto\u015bci. Stw\u00f3rz wyj\u0105tkowe podzi\u0119kowania z naszymi \u015bwiecami!\" \/>\n<meta property=\"og:url\" content=\"https:\/\/mandarinoart.pl\/index.php\/produkt\/swiece-motyl-na-baby-shower\/\" \/>\n<meta property=\"og:site_name\" content=\"Mandarino Art\" \/>\n<meta property=\"article:publisher\" content=\"https:\/\/www.facebook.com\/profile.php?id=61553468730793\" \/>\n<meta property=\"article:modified_time\" content=\"2026-03-08T22:58:55+00:00\" \/>\n<meta property=\"og:image\" content=\"https:\/\/mandarinoart.pl\/wp-content\/uploads\/2025\/09\/dlanauczyciela_5-scaled.jpg\" \/>\n\t<meta property=\"og:image:width\" content=\"1440\" \/>\n\t<meta property=\"og:image:height\" content=\"2560\" \/>\n\t<meta property=\"og:image:type\" content=\"image\/jpeg\" \/>\n<meta name=\"twitter:card\" content=\"summary_large_image\" \/>\n<meta name=\"twitter:label1\" content=\"Szacowany czas czytania\" \/>\n\t<meta name=\"twitter:data1\" content=\"3 minuty\" \/>\n<script type=\"application\/ld+json\" class=\"yoast-schema-graph\">{\"@context\":\"https:\/\/schema.org\",\"@graph\":[{\"@type\":\"WebPage\",\"@id\":\"https:\/\/mandarinoart.pl\/index.php\/produkt\/swiece-motyl-na-baby-shower\/\",\"url\":\"https:\/\/mandarinoart.pl\/index.php\/produkt\/swiece-motyl-na-baby-shower\/\",\"name\":\"\u015awiece Motyl - Urocze podzi\u0119kowania na Baby Shower\",\"isPartOf\":{\"@id\":\"https:\/\/mandarinoart.pl\/#website\"},\"primaryImageOfPage\":{\"@id\":\"https:\/\/mandarinoart.pl\/index.php\/produkt\/swiece-motyl-na-baby-shower\/#primaryimage\"},\"image\":{\"@id\":\"https:\/\/mandarinoart.pl\/index.php\/produkt\/swiece-motyl-na-baby-shower\/#primaryimage\"},\"thumbnailUrl\":\"https:\/\/mandarinoart.pl\/wp-content\/uploads\/2025\/09\/dlanauczyciela_5-scaled.jpg\",\"datePublished\":\"2025-04-18T21:39:00+00:00\",\"dateModified\":\"2026-03-08T22:58:55+00:00\",\"description\":\"Tw\u00f3j wyb\u00f3r \u015awiec Motyl na podzi\u0119kowania doda uroku ka\u017cdej uroczysto\u015bci. Stw\u00f3rz wyj\u0105tkowe podzi\u0119kowania z naszymi \u015bwiecami!\",\"breadcrumb\":{\"@id\":\"https:\/\/mandarinoart.pl\/index.php\/produkt\/swiece-motyl-na-baby-shower\/#breadcrumb\"},\"inLanguage\":\"pl-PL\",\"potentialAction\":[{\"@type\":\"ReadAction\",\"target\":[\"https:\/\/mandarinoart.pl\/index.php\/produkt\/swiece-motyl-na-baby-shower\/\"]}]},{\"@type\":\"ImageObject\",\"inLanguage\":\"pl-PL\",\"@id\":\"https:\/\/mandarinoart.pl\/index.php\/produkt\/swiece-motyl-na-baby-shower\/#primaryimage\",\"url\":\"https:\/\/mandarinoart.pl\/wp-content\/uploads\/2025\/09\/dlanauczyciela_5-scaled.jpg\",\"contentUrl\":\"https:\/\/mandarinoart.pl\/wp-content\/uploads\/2025\/09\/dlanauczyciela_5-scaled.jpg\",\"width\":1440,\"height\":2560},{\"@type\":\"BreadcrumbList\",\"@id\":\"https:\/\/mandarinoart.pl\/index.php\/produkt\/swiece-motyl-na-baby-shower\/#breadcrumb\",\"itemListElement\":[{\"@type\":\"ListItem\",\"position\":1,\"name\":\"Strona g\u0142\u00f3wna\",\"item\":\"https:\/\/mandarinoart.pl\/\"},{\"@type\":\"ListItem\",\"position\":2,\"name\":\"Sklep\",\"item\":\"https:\/\/mandarinoart.pl\/index.php\/sklep\/\"},{\"@type\":\"ListItem\",\"position\":3,\"name\":\"\u015awiece &#8222;Motyl&#8221; podzi\u0119kowania na Baby Shower\"}]},{\"@type\":\"WebSite\",\"@id\":\"https:\/\/mandarinoart.pl\/#website\",\"url\":\"https:\/\/mandarinoart.pl\/\",\"name\":\"Mandarino Art Decor\",\"description\":\"\",\"publisher\":{\"@id\":\"https:\/\/mandarinoart.pl\/#organization\"},\"potentialAction\":[{\"@type\":\"SearchAction\",\"target\":{\"@type\":\"EntryPoint\",\"urlTemplate\":\"https:\/\/mandarinoart.pl\/?s={search_term_string}\"},\"query-input\":{\"@type\":\"PropertyValueSpecification\",\"valueRequired\":true,\"valueName\":\"search_term_string\"}}],\"inLanguage\":\"pl-PL\"},{\"@type\":\"Organization\",\"@id\":\"https:\/\/mandarinoart.pl\/#organization\",\"name\":\"Mandarino Art Decor\",\"url\":\"https:\/\/mandarinoart.pl\/\",\"logo\":{\"@type\":\"ImageObject\",\"inLanguage\":\"pl-PL\",\"@id\":\"https:\/\/mandarinoart.pl\/#\/schema\/logo\/image\/\",\"url\":\"https:\/\/mandarinoart.pl\/wp-content\/uploads\/2025\/02\/cropped-Logo_transparent.png\",\"contentUrl\":\"https:\/\/mandarinoart.pl\/wp-content\/uploads\/2025\/02\/cropped-Logo_transparent.png\",\"width\":591,\"height\":197,\"caption\":\"Mandarino Art Decor\"},\"image\":{\"@id\":\"https:\/\/mandarinoart.pl\/#\/schema\/logo\/image\/\"},\"sameAs\":[\"https:\/\/www.facebook.com\/profile.php?id=61553468730793\",\"https:\/\/www.instagram.com\/Mandarino_Candle\/?fbclid=IwY2xjawIoRQZleHRuA2FlbQIxMAABHV0lW5lNE7hJxvGNQtw42Ns1dw_Ll4G4YQ9LZaRsOkieykrFA3lNfCyS3g_aem_Nx9Tw7e5op2DlxHJ5Bc5Lg#\"]}]}<\/script>\n<!-- \/ Yoast SEO plugin. -->","yoast_head_json":{"title":"\u015awiece Motyl - Urocze podzi\u0119kowania na Baby Shower","description":"Tw\u00f3j wyb\u00f3r \u015awiec Motyl na podzi\u0119kowania doda uroku ka\u017cdej uroczysto\u015bci. Stw\u00f3rz wyj\u0105tkowe podzi\u0119kowania z naszymi \u015bwiecami!","robots":{"index":"index","follow":"follow","max-snippet":"max-snippet:-1","max-image-preview":"max-image-preview:large","max-video-preview":"max-video-preview:-1"},"canonical":"https:\/\/mandarinoart.pl\/index.php\/produkt\/swiece-motyl-na-baby-shower\/","og_locale":"pl_PL","og_type":"article","og_title":"\u015awiece Motyl - Urocze podzi\u0119kowania na Baby Shower","og_description":"Tw\u00f3j wyb\u00f3r \u015awiec Motyl na podzi\u0119kowania doda uroku ka\u017cdej uroczysto\u015bci. Stw\u00f3rz wyj\u0105tkowe podzi\u0119kowania z naszymi \u015bwiecami!","og_url":"https:\/\/mandarinoart.pl\/index.php\/produkt\/swiece-motyl-na-baby-shower\/","og_site_name":"Mandarino Art","article_publisher":"https:\/\/www.facebook.com\/profile.php?id=61553468730793","article_modified_time":"2026-03-08T22:58:55+00:00","og_image":[{"width":1440,"height":2560,"url":"https:\/\/mandarinoart.pl\/wp-content\/uploads\/2025\/09\/dlanauczyciela_5-scaled.jpg","type":"image\/jpeg"}],"twitter_card":"summary_large_image","twitter_misc":{"Szacowany czas czytania":"3 minuty"},"schema":{"@context":"https:\/\/schema.org","@graph":[{"@type":"WebPage","@id":"https:\/\/mandarinoart.pl\/index.php\/produkt\/swiece-motyl-na-baby-shower\/","url":"https:\/\/mandarinoart.pl\/index.php\/produkt\/swiece-motyl-na-baby-shower\/","name":"\u015awiece Motyl - Urocze podzi\u0119kowania na Baby Shower","isPartOf":{"@id":"https:\/\/mandarinoart.pl\/#website"},"primaryImageOfPage":{"@id":"https:\/\/mandarinoart.pl\/index.php\/produkt\/swiece-motyl-na-baby-shower\/#primaryimage"},"image":{"@id":"https:\/\/mandarinoart.pl\/index.php\/produkt\/swiece-motyl-na-baby-shower\/#primaryimage"},"thumbnailUrl":"https:\/\/mandarinoart.pl\/wp-content\/uploads\/2025\/09\/dlanauczyciela_5-scaled.jpg","datePublished":"2025-04-18T21:39:00+00:00","dateModified":"2026-03-08T22:58:55+00:00","description":"Tw\u00f3j wyb\u00f3r \u015awiec Motyl na podzi\u0119kowania doda uroku ka\u017cdej uroczysto\u015bci. Stw\u00f3rz wyj\u0105tkowe podzi\u0119kowania z naszymi \u015bwiecami!","breadcrumb":{"@id":"https:\/\/mandarinoart.pl\/index.php\/produkt\/swiece-motyl-na-baby-shower\/#breadcrumb"},"inLanguage":"pl-PL","potentialAction":[{"@type":"ReadAction","target":["https:\/\/mandarinoart.pl\/index.php\/produkt\/swiece-motyl-na-baby-shower\/"]}]},{"@type":"ImageObject","inLanguage":"pl-PL","@id":"https:\/\/mandarinoart.pl\/index.php\/produkt\/swiece-motyl-na-baby-shower\/#primaryimage","url":"https:\/\/mandarinoart.pl\/wp-content\/uploads\/2025\/09\/dlanauczyciela_5-scaled.jpg","contentUrl":"https:\/\/mandarinoart.pl\/wp-content\/uploads\/2025\/09\/dlanauczyciela_5-scaled.jpg","width":1440,"height":2560},{"@type":"BreadcrumbList","@id":"https:\/\/mandarinoart.pl\/index.php\/produkt\/swiece-motyl-na-baby-shower\/#breadcrumb","itemListElement":[{"@type":"ListItem","position":1,"name":"Strona g\u0142\u00f3wna","item":"https:\/\/mandarinoart.pl\/"},{"@type":"ListItem","position":2,"name":"Sklep","item":"https:\/\/mandarinoart.pl\/index.php\/sklep\/"},{"@type":"ListItem","position":3,"name":"\u015awiece &#8222;Motyl&#8221; podzi\u0119kowania na Baby Shower"}]},{"@type":"WebSite","@id":"https:\/\/mandarinoart.pl\/#website","url":"https:\/\/mandarinoart.pl\/","name":"Mandarino Art Decor","description":"","publisher":{"@id":"https:\/\/mandarinoart.pl\/#organization"},"potentialAction":[{"@type":"SearchAction","target":{"@type":"EntryPoint","urlTemplate":"https:\/\/mandarinoart.pl\/?s={search_term_string}"},"query-input":{"@type":"PropertyValueSpecification","valueRequired":true,"valueName":"search_term_string"}}],"inLanguage":"pl-PL"},{"@type":"Organization","@id":"https:\/\/mandarinoart.pl\/#organization","name":"Mandarino Art Decor","url":"https:\/\/mandarinoart.pl\/","logo":{"@type":"ImageObject","inLanguage":"pl-PL","@id":"https:\/\/mandarinoart.pl\/#\/schema\/logo\/image\/","url":"https:\/\/mandarinoart.pl\/wp-content\/uploads\/2025\/02\/cropped-Logo_transparent.png","contentUrl":"https:\/\/mandarinoart.pl\/wp-content\/uploads\/2025\/02\/cropped-Logo_transparent.png","width":591,"height":197,"caption":"Mandarino Art Decor"},"image":{"@id":"https:\/\/mandarinoart.pl\/#\/schema\/logo\/image\/"},"sameAs":["https:\/\/www.facebook.com\/profile.php?id=61553468730793","https:\/\/www.instagram.com\/Mandarino_Candle\/?fbclid=IwY2xjawIoRQZleHRuA2FlbQIxMAABHV0lW5lNE7hJxvGNQtw42Ns1dw_Ll4G4YQ9LZaRsOkieykrFA3lNfCyS3g_aem_Nx9Tw7e5op2DlxHJ5Bc5Lg#"]}]}},"_links":{"self":[{"href":"https:\/\/mandarinoart.pl\/index.php\/wp-json\/wp\/v2\/product\/2928","targetHints":{"allow":["GET"]}}],"collection":[{"href":"https:\/\/mandarinoart.pl\/index.php\/wp-json\/wp\/v2\/product"}],"about":[{"href":"https:\/\/mandarinoart.pl\/index.php\/wp-json\/wp\/v2\/types\/product"}],"wp:featuredmedia":[{"embeddable":true,"href":"https:\/\/mandarinoart.pl\/index.php\/wp-json\/wp\/v2\/media\/4543"}],"wp:attachment":[{"href":"https:\/\/mandarinoart.pl\/index.php\/wp-json\/wp\/v2\/media?parent=2928"}],"wp:term":[{"taxonomy":"product_brand","embeddable":true,"href":"https:\/\/mandarinoart.pl\/index.php\/wp-json\/wp\/v2\/product_brand?post=2928"},{"taxonomy":"product_cat","embeddable":true,"href":"https:\/\/mandarinoart.pl\/index.php\/wp-json\/wp\/v2\/product_cat?post=2928"},{"taxonomy":"product_tag","embeddable":true,"href":"https:\/\/mandarinoart.pl\/index.php\/wp-json\/wp\/v2\/product_tag?post=2928"}],"curies":[{"name":"wp","href":"https:\/\/api.w.org\/{rel}","templated":true}]}}