{"id":2681,"date":"2025-04-16T11:53:39","date_gmt":"2025-04-16T09:53:39","guid":{"rendered":"https:\/\/mandarinoart.pl\/?post_type=product&#038;p=2681"},"modified":"2026-03-20T11:25:38","modified_gmt":"2026-03-20T10:25:38","slug":"duza-swieca-komunia-roz","status":"publish","type":"product","link":"https:\/\/mandarinoart.pl\/index.php\/produkt\/duza-swieca-komunia-roz\/","title":{"rendered":"DU\u017bA \u015aWIECA NA PIERWSZ\u0104 KOMUNI\u0118 \u015aWI\u0118T\u0104 (wersja r\u00f3\u017cowa)"},"content":{"rendered":"<h2 style=\"text-align: center;\"><span style=\"color: #c2b60c;\">POZNAJ PE\u0141N\u0104 OFERT\u0118 WYJ\u0104TKOWYCH \u015aWIEC Z IMIENIEM<\/span><\/h2>\n<p style=\"text-align: center;\"><strong>Tworzymy \u015bwiece personalizowane \u2013 mo\u017cesz wybra\u0107 sw\u00f3j w\u0142asny napis, kt\u00f3ry umie\u015bcimy na \u015bwiecy. Dzi\u0119ki temu \u015bwiec\u0119 mo\u017cesz wr\u0119czy\u0107 jako prezent: na CHRZEST (CHRZESTNYCH), na URODZINY (dla SOLENIZANTA) czy inne okazje i Uroczysto\u015bci. Na \u017cyczenie \u015bwiec\u0119 zapakujemy w eleganckie pude\u0142ko, gotowe do wr\u0119czenia.<\/strong><\/p>\n<p><a href=\"https:\/\/mandarinoart.pl\/index.php\/kategoria-produktu\/swiece-okolicznosciowe\/\"><img fetchpriority=\"high\" decoding=\"async\" class=\"wp-image-1085 aligncenter\" src=\"https:\/\/mandarinoart.pl\/wp-content\/uploads\/2025\/03\/ZDJ.BAN_-300x111.png\" sizes=\"(max-width: 795px) 100vw, 795px\" srcset=\"https:\/\/mandarinoart.pl\/wp-content\/uploads\/2025\/03\/ZDJ.BAN_-300x111.png 300w, https:\/\/mandarinoart.pl\/wp-content\/uploads\/2025\/03\/ZDJ.BAN_-768x284.png 768w, https:\/\/mandarinoart.pl\/wp-content\/uploads\/2025\/03\/ZDJ.BAN_-600x222.png 600w, https:\/\/mandarinoart.pl\/wp-content\/uploads\/2025\/03\/ZDJ.BAN_.png 851w\" alt=\"\" width=\"795\" height=\"294\" \/><\/a><\/p>\n<p style=\"text-align: center;\">Poznaj wi\u0119cej wyj\u0105tkowych wzor\u00f3w \u015bwiec w naszym <a href=\"https:\/\/mandarinoart.pl\/index.php\/kategoria-produktu\/swiece-okolicznosciowe\/\">SKLEPIE<\/a> !<\/p>\n<hr \/>\n<h2 style=\"text-align: center;\"><span style=\"color: #c2b60c;\"><strong>DLACZEGO WARTO WYBRA\u0106 \u015aWIECE SOJOWE Mandarino ART Decor?<\/strong><\/span><\/h2>\n<p>&nbsp;<\/p>\n<ul>\n<li><strong>U\u017cywamy wysokiej jako\u015bci sk\u0142adnik\u00f3w:<\/strong> 100% wosk sojowy pochodzenia ro\u015blinnego, eco barwniki bez paraben\u00f3w zgodne z normami REACH, wysokiej jako\u015bci olejki zapachowe z certyfikatem IFRA.<\/li>\n<li><strong>Wykonanie HANDMADE:<\/strong>\u00a0 \u015awiece tworzymy r\u0119cznie z niezwyk\u0142\u0105 staranno\u015bci\u0105, dbaj\u0105c o ka\u017cdy detal.<\/li>\n<li><strong>Szeroki wyb\u00f3r zapach\u00f3w<\/strong>: Dost\u0119pnych jest 8 r\u00f3\u017cnych zapach\u00f3w do wyboru.<\/li>\n<li><strong>Nasze \u015bwiece charakteryzuje wyj\u0105tkowy DESIGN:<\/strong> Kwiatowe dekoracje, z\u0142ote dodatki.<\/li>\n<\/ul>\n<p><img decoding=\"async\" class=\"wp-image-1084 aligncenter\" src=\"https:\/\/mandarinoart.pl\/wp-content\/uploads\/2025\/03\/DM1-300x111.png\" sizes=\"(max-width: 427px) 100vw, 427px\" srcset=\"https:\/\/mandarinoart.pl\/wp-content\/uploads\/2025\/03\/DM1-300x111.png 300w, https:\/\/mandarinoart.pl\/wp-content\/uploads\/2025\/03\/DM1-768x284.png 768w, https:\/\/mandarinoart.pl\/wp-content\/uploads\/2025\/03\/DM1-600x222.png 600w, https:\/\/mandarinoart.pl\/wp-content\/uploads\/2025\/03\/DM1.png 851w\" alt=\"\" width=\"427\" height=\"158\" \/><\/p>\n<p>Karty charakterystyki sk\u0142adnik\u00f3w stosowanych do produkcji \u015bwiec udost\u0119pniamy na \u017cyczenie klienta.<\/p>\n<hr \/>\n<p>&nbsp;<\/p>\n","protected":false},"excerpt":{"rendered":"<p>Du\u017ca \u015awieca <strong>NA PIERWSZ\u0104 KOMUNI\u0118 \u015aWI\u0118T\u0104<\/strong> &#8211; pi\u0119kny i symboliczny prezent na t\u0105 wa\u017cn\u0105 Uroczysto\u015b\u0107. Pi\u0119kne detale, <strong>motywy religijne<\/strong>, <strong>go\u0142\u0119bie symbolizuj\u0105ce czysto\u015b\u0107 i mi\u0142o\u015b\u0107<\/strong>, woskowy napis &#8222;<strong>I KOMUNIA \u015aWI\u0118TA<\/strong>&#8221; zachwycaj\u0105 wygl\u0105dem. R\u0119cznie wykonana \u015bwieca sojowa to wyj\u0105tkowy produkt \u0142\u0105cz\u0105cy w sobie naturalne sk\u0142adniki oraz r\u0119czn\u0105 prac\u0119, co gwarantuje najwy\u017csz\u0105 jako\u015b\u0107 oraz dba\u0142o\u015b\u0107 o szczeg\u00f3\u0142y. \u015awieca w tonacji BIA\u0141O-R\u00d3\u017bOWEJ b\u0119dzie pi\u0119knym prezentem dla dzieczynki przyjmuj\u0105cej Sakrament Pierwszek Komuni\u0119 \u015awi\u0119tej, ale tak\u017ce jako upominek dla Matki \/ Ojca Chrzestnego czy Bliskiej osoby z rodziny. .<\/p>\n<p><span style=\"color: #fc81cf;\"><strong>Na \u017cyczenie \u015bwiec\u0119 zapakujemy w eleganckie pude\u0142ko z komunijn\u0105 wst\u0105\u017ck\u0105 oraz stworzymy personalizowan\u0105 dedykacj\u0119 (np. dla Matki \/ Ojca Chrzestnego \/ Dziadk\u00f3w). Podczas realizacji zam\u00f3wienia w polu &#8222;UWAGI&#8221; wpisz Imi\u0119, Dat\u0119 Uroczysto\u015b\u0107i &#8211; to co mamy umie\u015bci\u0107 na ETYKIECIE NA PUDE\u0141KU !!!<\/strong><\/span><\/p>\n<ul>\n<li><strong>Wysokiej jako\u015bci sk\u0142ad \u015bwiecy: <\/strong>certyfikowany wosk sojowy w 100% naturalny, 2 drewniane knoty, eco barwnik w p\u0142ynie, wysokiej jako\u015bci olejek zapachowy z certyfikatem IFRA.<\/li>\n<li><strong>Szeroko\u015b\u0107: <\/strong>19 cm<\/li>\n<li><strong>Wysoko\u015b\u0107:\u00a0 <\/strong>8 cm<\/li>\n<li><strong>Waga wosku:<\/strong> 600 g naturalnego wosku sojowego<\/li>\n<li><strong>Czas palenia:<\/strong> ~ 70h<\/li>\n<\/ul>\n<p><strong>W polu &#8222;Napis na \u015bwiecy&#8221; wpisz Imi\u0119 Dziewczynki, je\u015bli chcesz by\u015bmy dodatkowo umie\u015bcili Imi\u0119 na \u015bwiecy.<\/strong><\/p>\n<p><strong>Czas realizacji zam\u00f3wienia:\u00a0 ok. 14 dni roboczych !!!<\/strong><\/p>\n","protected":false},"featured_media":2692,"template":"","meta":{"site-sidebar-layout":"default","site-content-layout":"","ast-site-content-layout":"default","site-content-style":"default","site-sidebar-style":"default","ast-global-header-display":"","ast-banner-title-visibility":"","ast-main-header-display":"","ast-hfb-above-header-display":"","ast-hfb-below-header-display":"","ast-hfb-mobile-header-display":"","site-post-title":"","ast-breadcrumbs-content":"","ast-featured-img":"","footer-sml-layout":"","theme-transparent-header-meta":"default","adv-header-id-meta":"","stick-header-meta":"","header-above-stick-meta":"","header-main-stick-meta":"","header-below-stick-meta":"","astra-migrate-meta-layouts":"set","ast-page-background-enabled":"default","ast-page-background-meta":{"desktop":{"background-color":"var(--ast-global-color-5)","background-image":"","background-repeat":"repeat","background-position":"center center","background-size":"auto","background-attachment":"scroll","background-type":"","background-media":"","overlay-type":"","overlay-color":"","overlay-opacity":"","overlay-gradient":""},"tablet":{"background-color":"","background-image":"","background-repeat":"repeat","background-position":"center center","background-size":"auto","background-attachment":"scroll","background-type":"","background-media":"","overlay-type":"","overlay-color":"","overlay-opacity":"","overlay-gradient":""},"mobile":{"background-color":"","background-image":"","background-repeat":"repeat","background-position":"center center","background-size":"auto","background-attachment":"scroll","background-type":"","background-media":"","overlay-type":"","overlay-color":"","overlay-opacity":"","overlay-gradient":""}},"ast-content-background-meta":{"desktop":{"background-color":"var(--ast-global-color-4)","background-image":"","background-repeat":"repeat","background-position":"center center","background-size":"auto","background-attachment":"scroll","background-type":"","background-media":"","overlay-type":"","overlay-color":"","overlay-opacity":"","overlay-gradient":""},"tablet":{"background-color":"var(--ast-global-color-4)","background-image":"","background-repeat":"repeat","background-position":"center center","background-size":"auto","background-attachment":"scroll","background-type":"","background-media":"","overlay-type":"","overlay-color":"","overlay-opacity":"","overlay-gradient":""},"mobile":{"background-color":"var(--ast-global-color-4)","background-image":"","background-repeat":"repeat","background-position":"center center","background-size":"auto","background-attachment":"scroll","background-type":"","background-media":"","overlay-type":"","overlay-color":"","overlay-opacity":"","overlay-gradient":""}}},"product_brand":[],"product_cat":[44,21,18,17,49],"product_tag":[91,149,150,86,125,28,148,26,62,85],"class_list":{"0":"post-2681","1":"product","2":"type-product","3":"status-publish","4":"has-post-thumbnail","6":"product_cat-duze-swiece","7":"product_cat-nowosci","8":"product_cat-swiece-okolicznosciowe","9":"product_cat-swiece-sojowe","10":"product_cat-swiece-z-napisem","11":"product_tag-komunia","12":"product_tag-komunia-swieta","13":"product_tag-komunia-swieta-dziewczynki","14":"product_tag-podziekowania-dla-gosci","15":"product_tag-podziekowanie-na-komunie","16":"product_tag-swieca-kwiatowa","17":"product_tag-swieca-na-komunie","18":"product_tag-swieca-sojowa","19":"product_tag-swieca-z-napisem","20":"product_tag-swiece-na-podziekowania","21":"desktop-align-left","22":"tablet-align-left","23":"mobile-align-left","25":"first","26":"instock","27":"shipping-taxable","28":"purchasable","29":"product-type-variable"},"yoast_head":"<!-- This site is optimized with the Yoast SEO plugin v26.5 - https:\/\/yoast.com\/wordpress\/plugins\/seo\/ -->\n<title>DU\u017bA \u015aWIECA NA KOMUNI\u0118 \u015aWI\u0118T\u0104<\/title>\n<meta name=\"description\" content=\"Szukasz prezentu dla Chrzestnych, Bliskich? Tworzymy wyj\u0105tkowe \u015bwiece z dedykacj\u0105, by zachwyci\u0107 wygl\u0105dem I pi\u0119knym zapachem!!\" \/>\n<meta name=\"robots\" content=\"index, follow, max-snippet:-1, max-image-preview:large, max-video-preview:-1\" \/>\n<link rel=\"canonical\" href=\"https:\/\/mandarinoart.pl\/index.php\/produkt\/duza-swieca-komunia-roz\/\" \/>\n<meta property=\"og:locale\" content=\"pl_PL\" \/>\n<meta property=\"og:type\" content=\"article\" \/>\n<meta property=\"og:title\" content=\"DU\u017bA \u015aWIECA NA KOMUNI\u0118 \u015aWI\u0118T\u0104\" \/>\n<meta property=\"og:description\" content=\"Szukasz prezentu dla Chrzestnych, Bliskich? Tworzymy wyj\u0105tkowe \u015bwiece z dedykacj\u0105, by zachwyci\u0107 wygl\u0105dem I pi\u0119knym zapachem!!\" \/>\n<meta property=\"og:url\" content=\"https:\/\/mandarinoart.pl\/index.php\/produkt\/duza-swieca-komunia-roz\/\" \/>\n<meta property=\"og:site_name\" content=\"Mandarino Art\" \/>\n<meta property=\"article:publisher\" content=\"https:\/\/www.facebook.com\/profile.php?id=61553468730793\" \/>\n<meta property=\"article:modified_time\" content=\"2026-03-20T10:25:38+00:00\" \/>\n<meta property=\"og:image\" content=\"https:\/\/mandarinoart.pl\/wp-content\/uploads\/2025\/04\/kom.2.jpg\" \/>\n\t<meta property=\"og:image:width\" content=\"1080\" \/>\n\t<meta property=\"og:image:height\" content=\"1519\" \/>\n\t<meta property=\"og:image:type\" content=\"image\/jpeg\" \/>\n<meta name=\"twitter:card\" content=\"summary_large_image\" \/>\n<meta name=\"twitter:label1\" content=\"Szacowany czas czytania\" \/>\n\t<meta name=\"twitter:data1\" content=\"2 minuty\" \/>\n<script type=\"application\/ld+json\" class=\"yoast-schema-graph\">{\"@context\":\"https:\/\/schema.org\",\"@graph\":[{\"@type\":\"WebPage\",\"@id\":\"https:\/\/mandarinoart.pl\/index.php\/produkt\/duza-swieca-komunia-roz\/\",\"url\":\"https:\/\/mandarinoart.pl\/index.php\/produkt\/duza-swieca-komunia-roz\/\",\"name\":\"DU\u017bA \u015aWIECA NA KOMUNI\u0118 \u015aWI\u0118T\u0104\",\"isPartOf\":{\"@id\":\"https:\/\/mandarinoart.pl\/#website\"},\"primaryImageOfPage\":{\"@id\":\"https:\/\/mandarinoart.pl\/index.php\/produkt\/duza-swieca-komunia-roz\/#primaryimage\"},\"image\":{\"@id\":\"https:\/\/mandarinoart.pl\/index.php\/produkt\/duza-swieca-komunia-roz\/#primaryimage\"},\"thumbnailUrl\":\"https:\/\/mandarinoart.pl\/wp-content\/uploads\/2025\/04\/kom.2.jpg\",\"datePublished\":\"2025-04-16T09:53:39+00:00\",\"dateModified\":\"2026-03-20T10:25:38+00:00\",\"description\":\"Szukasz prezentu dla Chrzestnych, Bliskich? Tworzymy wyj\u0105tkowe \u015bwiece z dedykacj\u0105, by zachwyci\u0107 wygl\u0105dem I pi\u0119knym zapachem!!\",\"breadcrumb\":{\"@id\":\"https:\/\/mandarinoart.pl\/index.php\/produkt\/duza-swieca-komunia-roz\/#breadcrumb\"},\"inLanguage\":\"pl-PL\",\"potentialAction\":[{\"@type\":\"ReadAction\",\"target\":[\"https:\/\/mandarinoart.pl\/index.php\/produkt\/duza-swieca-komunia-roz\/\"]}]},{\"@type\":\"ImageObject\",\"inLanguage\":\"pl-PL\",\"@id\":\"https:\/\/mandarinoart.pl\/index.php\/produkt\/duza-swieca-komunia-roz\/#primaryimage\",\"url\":\"https:\/\/mandarinoart.pl\/wp-content\/uploads\/2025\/04\/kom.2.jpg\",\"contentUrl\":\"https:\/\/mandarinoart.pl\/wp-content\/uploads\/2025\/04\/kom.2.jpg\",\"width\":1080,\"height\":1519,\"caption\":\"Bia\u0142y i Czarny Zdj\u0119cie Kola\u017c Podarty Papier Instagram Story - 3\"},{\"@type\":\"BreadcrumbList\",\"@id\":\"https:\/\/mandarinoart.pl\/index.php\/produkt\/duza-swieca-komunia-roz\/#breadcrumb\",\"itemListElement\":[{\"@type\":\"ListItem\",\"position\":1,\"name\":\"Strona g\u0142\u00f3wna\",\"item\":\"https:\/\/mandarinoart.pl\/\"},{\"@type\":\"ListItem\",\"position\":2,\"name\":\"Sklep\",\"item\":\"https:\/\/mandarinoart.pl\/index.php\/sklep\/\"},{\"@type\":\"ListItem\",\"position\":3,\"name\":\"DU\u017bA \u015aWIECA NA PIERWSZ\u0104 KOMUNI\u0118 \u015aWI\u0118T\u0104 (wersja r\u00f3\u017cowa)\"}]},{\"@type\":\"WebSite\",\"@id\":\"https:\/\/mandarinoart.pl\/#website\",\"url\":\"https:\/\/mandarinoart.pl\/\",\"name\":\"Mandarino Art Decor\",\"description\":\"\",\"publisher\":{\"@id\":\"https:\/\/mandarinoart.pl\/#organization\"},\"potentialAction\":[{\"@type\":\"SearchAction\",\"target\":{\"@type\":\"EntryPoint\",\"urlTemplate\":\"https:\/\/mandarinoart.pl\/?s={search_term_string}\"},\"query-input\":{\"@type\":\"PropertyValueSpecification\",\"valueRequired\":true,\"valueName\":\"search_term_string\"}}],\"inLanguage\":\"pl-PL\"},{\"@type\":\"Organization\",\"@id\":\"https:\/\/mandarinoart.pl\/#organization\",\"name\":\"Mandarino Art Decor\",\"url\":\"https:\/\/mandarinoart.pl\/\",\"logo\":{\"@type\":\"ImageObject\",\"inLanguage\":\"pl-PL\",\"@id\":\"https:\/\/mandarinoart.pl\/#\/schema\/logo\/image\/\",\"url\":\"https:\/\/mandarinoart.pl\/wp-content\/uploads\/2025\/02\/cropped-Logo_transparent.png\",\"contentUrl\":\"https:\/\/mandarinoart.pl\/wp-content\/uploads\/2025\/02\/cropped-Logo_transparent.png\",\"width\":591,\"height\":197,\"caption\":\"Mandarino Art Decor\"},\"image\":{\"@id\":\"https:\/\/mandarinoart.pl\/#\/schema\/logo\/image\/\"},\"sameAs\":[\"https:\/\/www.facebook.com\/profile.php?id=61553468730793\",\"https:\/\/www.instagram.com\/Mandarino_Candle\/?fbclid=IwY2xjawIoRQZleHRuA2FlbQIxMAABHV0lW5lNE7hJxvGNQtw42Ns1dw_Ll4G4YQ9LZaRsOkieykrFA3lNfCyS3g_aem_Nx9Tw7e5op2DlxHJ5Bc5Lg#\"]}]}<\/script>\n<!-- \/ Yoast SEO plugin. -->","yoast_head_json":{"title":"DU\u017bA \u015aWIECA NA KOMUNI\u0118 \u015aWI\u0118T\u0104","description":"Szukasz prezentu dla Chrzestnych, Bliskich? Tworzymy wyj\u0105tkowe \u015bwiece z dedykacj\u0105, by zachwyci\u0107 wygl\u0105dem I pi\u0119knym zapachem!!","robots":{"index":"index","follow":"follow","max-snippet":"max-snippet:-1","max-image-preview":"max-image-preview:large","max-video-preview":"max-video-preview:-1"},"canonical":"https:\/\/mandarinoart.pl\/index.php\/produkt\/duza-swieca-komunia-roz\/","og_locale":"pl_PL","og_type":"article","og_title":"DU\u017bA \u015aWIECA NA KOMUNI\u0118 \u015aWI\u0118T\u0104","og_description":"Szukasz prezentu dla Chrzestnych, Bliskich? Tworzymy wyj\u0105tkowe \u015bwiece z dedykacj\u0105, by zachwyci\u0107 wygl\u0105dem I pi\u0119knym zapachem!!","og_url":"https:\/\/mandarinoart.pl\/index.php\/produkt\/duza-swieca-komunia-roz\/","og_site_name":"Mandarino Art","article_publisher":"https:\/\/www.facebook.com\/profile.php?id=61553468730793","article_modified_time":"2026-03-20T10:25:38+00:00","og_image":[{"width":1080,"height":1519,"url":"https:\/\/mandarinoart.pl\/wp-content\/uploads\/2025\/04\/kom.2.jpg","type":"image\/jpeg"}],"twitter_card":"summary_large_image","twitter_misc":{"Szacowany czas czytania":"2 minuty"},"schema":{"@context":"https:\/\/schema.org","@graph":[{"@type":"WebPage","@id":"https:\/\/mandarinoart.pl\/index.php\/produkt\/duza-swieca-komunia-roz\/","url":"https:\/\/mandarinoart.pl\/index.php\/produkt\/duza-swieca-komunia-roz\/","name":"DU\u017bA \u015aWIECA NA KOMUNI\u0118 \u015aWI\u0118T\u0104","isPartOf":{"@id":"https:\/\/mandarinoart.pl\/#website"},"primaryImageOfPage":{"@id":"https:\/\/mandarinoart.pl\/index.php\/produkt\/duza-swieca-komunia-roz\/#primaryimage"},"image":{"@id":"https:\/\/mandarinoart.pl\/index.php\/produkt\/duza-swieca-komunia-roz\/#primaryimage"},"thumbnailUrl":"https:\/\/mandarinoart.pl\/wp-content\/uploads\/2025\/04\/kom.2.jpg","datePublished":"2025-04-16T09:53:39+00:00","dateModified":"2026-03-20T10:25:38+00:00","description":"Szukasz prezentu dla Chrzestnych, Bliskich? Tworzymy wyj\u0105tkowe \u015bwiece z dedykacj\u0105, by zachwyci\u0107 wygl\u0105dem I pi\u0119knym zapachem!!","breadcrumb":{"@id":"https:\/\/mandarinoart.pl\/index.php\/produkt\/duza-swieca-komunia-roz\/#breadcrumb"},"inLanguage":"pl-PL","potentialAction":[{"@type":"ReadAction","target":["https:\/\/mandarinoart.pl\/index.php\/produkt\/duza-swieca-komunia-roz\/"]}]},{"@type":"ImageObject","inLanguage":"pl-PL","@id":"https:\/\/mandarinoart.pl\/index.php\/produkt\/duza-swieca-komunia-roz\/#primaryimage","url":"https:\/\/mandarinoart.pl\/wp-content\/uploads\/2025\/04\/kom.2.jpg","contentUrl":"https:\/\/mandarinoart.pl\/wp-content\/uploads\/2025\/04\/kom.2.jpg","width":1080,"height":1519,"caption":"Bia\u0142y i Czarny Zdj\u0119cie Kola\u017c Podarty Papier Instagram Story - 3"},{"@type":"BreadcrumbList","@id":"https:\/\/mandarinoart.pl\/index.php\/produkt\/duza-swieca-komunia-roz\/#breadcrumb","itemListElement":[{"@type":"ListItem","position":1,"name":"Strona g\u0142\u00f3wna","item":"https:\/\/mandarinoart.pl\/"},{"@type":"ListItem","position":2,"name":"Sklep","item":"https:\/\/mandarinoart.pl\/index.php\/sklep\/"},{"@type":"ListItem","position":3,"name":"DU\u017bA \u015aWIECA NA PIERWSZ\u0104 KOMUNI\u0118 \u015aWI\u0118T\u0104 (wersja r\u00f3\u017cowa)"}]},{"@type":"WebSite","@id":"https:\/\/mandarinoart.pl\/#website","url":"https:\/\/mandarinoart.pl\/","name":"Mandarino Art Decor","description":"","publisher":{"@id":"https:\/\/mandarinoart.pl\/#organization"},"potentialAction":[{"@type":"SearchAction","target":{"@type":"EntryPoint","urlTemplate":"https:\/\/mandarinoart.pl\/?s={search_term_string}"},"query-input":{"@type":"PropertyValueSpecification","valueRequired":true,"valueName":"search_term_string"}}],"inLanguage":"pl-PL"},{"@type":"Organization","@id":"https:\/\/mandarinoart.pl\/#organization","name":"Mandarino Art Decor","url":"https:\/\/mandarinoart.pl\/","logo":{"@type":"ImageObject","inLanguage":"pl-PL","@id":"https:\/\/mandarinoart.pl\/#\/schema\/logo\/image\/","url":"https:\/\/mandarinoart.pl\/wp-content\/uploads\/2025\/02\/cropped-Logo_transparent.png","contentUrl":"https:\/\/mandarinoart.pl\/wp-content\/uploads\/2025\/02\/cropped-Logo_transparent.png","width":591,"height":197,"caption":"Mandarino Art Decor"},"image":{"@id":"https:\/\/mandarinoart.pl\/#\/schema\/logo\/image\/"},"sameAs":["https:\/\/www.facebook.com\/profile.php?id=61553468730793","https:\/\/www.instagram.com\/Mandarino_Candle\/?fbclid=IwY2xjawIoRQZleHRuA2FlbQIxMAABHV0lW5lNE7hJxvGNQtw42Ns1dw_Ll4G4YQ9LZaRsOkieykrFA3lNfCyS3g_aem_Nx9Tw7e5op2DlxHJ5Bc5Lg#"]}]}},"_links":{"self":[{"href":"https:\/\/mandarinoart.pl\/index.php\/wp-json\/wp\/v2\/product\/2681","targetHints":{"allow":["GET"]}}],"collection":[{"href":"https:\/\/mandarinoart.pl\/index.php\/wp-json\/wp\/v2\/product"}],"about":[{"href":"https:\/\/mandarinoart.pl\/index.php\/wp-json\/wp\/v2\/types\/product"}],"wp:featuredmedia":[{"embeddable":true,"href":"https:\/\/mandarinoart.pl\/index.php\/wp-json\/wp\/v2\/media\/2692"}],"wp:attachment":[{"href":"https:\/\/mandarinoart.pl\/index.php\/wp-json\/wp\/v2\/media?parent=2681"}],"wp:term":[{"taxonomy":"product_brand","embeddable":true,"href":"https:\/\/mandarinoart.pl\/index.php\/wp-json\/wp\/v2\/product_brand?post=2681"},{"taxonomy":"product_cat","embeddable":true,"href":"https:\/\/mandarinoart.pl\/index.php\/wp-json\/wp\/v2\/product_cat?post=2681"},{"taxonomy":"product_tag","embeddable":true,"href":"https:\/\/mandarinoart.pl\/index.php\/wp-json\/wp\/v2\/product_tag?post=2681"}],"curies":[{"name":"wp","href":"https:\/\/api.w.org\/{rel}","templated":true}]}}