{"id":1645,"date":"2025-03-25T20:20:04","date_gmt":"2025-03-25T19:20:04","guid":{"rendered":"https:\/\/mandarinoart.pl\/?post_type=product&#038;p=1645"},"modified":"2025-05-21T14:02:21","modified_gmt":"2025-05-21T12:02:21","slug":"swiece-stokrotki-wersja-fioletowa-na-podziekowania-wieczor-panienski","status":"publish","type":"product","link":"https:\/\/mandarinoart.pl\/index.php\/produkt\/swiece-stokrotki-wersja-fioletowa-na-podziekowania-wieczor-panienski\/","title":{"rendered":"\u015awiece &#8222;Stokrotki&#8221; (wersja fioletowa) na podzi\u0119kowania Wiecz\u00f3r Panie\u0144ski"},"content":{"rendered":"<h2 style=\"text-align: center;\"><span style=\"color: #bfb606;\">Szukasz wyj\u0105tkowych i oryginalnych podzi\u0119kowa\u0144 dla Go\u015bci?<\/span><\/h2>\n<p>&nbsp;<\/p>\n<p style=\"text-align: center;\">\u015awietnie trafi\u0142e\u015b ! Oferujemy wyj\u0105tkowe podzi\u0119kowania w formie \u015bwiec sojowych. To drobny, ale pe\u0142en uroku upominek, kt\u00f3ry doskonale sprawdzi si\u0119 jako <strong>podzi\u0119kowania dla go\u015bci na: Chrzest, Komuni\u0119 \u015awi\u0119t\u0105, Wesele, Wiecz\u00f3r Panie\u0144ski, Roczek, Urodziny czy inne Uroczysto\u015bci.<\/strong><\/p>\n<p data-wp-editing=\"1\"><a href=\"https:\/\/mandarinoart.pl\/index.php\/kategoria-produktu\/podziekowania-dla-gosci\/\"><img fetchpriority=\"high\" decoding=\"async\" class=\" wp-image-950 aligncenter\" src=\"https:\/\/mandarinoart.pl\/wp-content\/uploads\/2025\/03\/rt-300x111.png\" alt=\"\" width=\"779\" height=\"288\" srcset=\"https:\/\/mandarinoart.pl\/wp-content\/uploads\/2025\/03\/rt-300x111.png 300w, https:\/\/mandarinoart.pl\/wp-content\/uploads\/2025\/03\/rt-768x284.png 768w, https:\/\/mandarinoart.pl\/wp-content\/uploads\/2025\/03\/rt-600x222.png 600w, https:\/\/mandarinoart.pl\/wp-content\/uploads\/2025\/03\/rt.png 851w\" sizes=\"(max-width: 779px) 100vw, 779px\" \/><\/a><\/p>\n<p style=\"text-align: center;\">Poznaj wi\u0119cej wyj\u0105tkowych wzor\u00f3w \u015bwiec NA PODZI\u0118KOWANIA w naszym <a href=\"https:\/\/mandarinoart.pl\/index.php\/kategoria-produktu\/podziekowania-dla-gosci\/\">SKLEPIE<\/a> !<\/p>\n<hr \/>\n<h2 style=\"text-align: center;\"><span style=\"color: #bfb606;\">Jak zam\u00f3wi\u0107 \u015bwiece na podzi\u0119kowania ?<\/span><\/h2>\n<p style=\"text-align: center;\">\u221a <em><span style=\"color: #993300;\">Wybierz<\/span> <\/em>zapach \u015bwiec.<\/p>\n<p style=\"text-align: center;\">\u221a <span style=\"color: #993300;\"><em>Wybierz<\/em><\/span> elementy dekoracyjne: <em>KOLOR WST\u0104\u017bKI \/ KOKARDY<\/em> oraz stw\u00f3rz w pe\u0142ni peronalizowane zawieszki<\/p>\n<p style=\"text-align: center;\">(w <em>polu &#8222;NAPIS NA ZAWIESZCE&#8221;<\/em>: <span style=\"color: #993300;\">Podaj IMI\u0118<\/span>, kt\u00f3re umie\u015bcimy na zwieszce oraz <span style=\"color: #993300;\">DAT\u0118 UROCZYSTO\u015aCI<\/span>)<\/p>\n<p style=\"text-align: center;\"><span style=\"color: #993300;\"><em>\u221a Dodaj do koszyka<\/em><\/span> (1 sztuka &#8211; 1\u00a0 \u015bwieczka) i przejd\u017a do zakupu.<\/p>\n<hr \/>\n<h2 style=\"text-align: center;\"><span style=\"color: #bfb606;\"><strong>Dlaczego warto wybra\u0107 \u015bwiece sojowe Mandarino ART DECOR?<\/strong><\/span><\/h2>\n<p>&nbsp;<\/p>\n<ul>\n<li><strong>U\u017cywamy wysokiej jako\u015bci sk\u0142adnik\u00f3w:<\/strong> 100% wosk sojowy pochodzenia ro\u015blinnego, eco barwniki bez paraben\u00f3w zgodne z normami REACH, wysokiej jako\u015bci olejki zapachowe z certyfikatem IFRA.<\/li>\n<li><strong>Wykonanie HANDMADE:<\/strong>\u00a0 \u015awiece tworzymy r\u0119cznie z niezwyk\u0142\u0105 staranno\u015bci\u0105, dbaj\u0105c o ka\u017cdy detal.<\/li>\n<li><strong>Szeroki wyb\u00f3r zapach\u00f3w<\/strong>: Dost\u0119pnych jest 8 r\u00f3\u017cnych zapach\u00f3w do wyboru.<\/li>\n<li><strong>Nasze \u015bwiece charakteryzuje wyj\u0105tkowy DESIGN:<\/strong> Kwiatowe dekoracje, z\u0142ote dodatki.<\/li>\n<\/ul>\n<p><img decoding=\"async\" class=\"wp-image-1084 aligncenter\" src=\"https:\/\/mandarinoart.pl\/wp-content\/uploads\/2025\/03\/DM1-300x111.png\" alt=\"\" width=\"427\" height=\"158\" srcset=\"https:\/\/mandarinoart.pl\/wp-content\/uploads\/2025\/03\/DM1-300x111.png 300w, https:\/\/mandarinoart.pl\/wp-content\/uploads\/2025\/03\/DM1-768x284.png 768w, https:\/\/mandarinoart.pl\/wp-content\/uploads\/2025\/03\/DM1-600x222.png 600w, https:\/\/mandarinoart.pl\/wp-content\/uploads\/2025\/03\/DM1.png 851w\" sizes=\"(max-width: 427px) 100vw, 427px\" \/><\/p>\n<hr \/>\n<div><\/div>\n","protected":false},"excerpt":{"rendered":"<p>Oferujemy wyj\u0105tkowe podzi\u0119kowania na WIECZ\u00d3R PANIE\u0143SKI w formie \u015bwiec sojowych &#8211; &#8222;STOKROTKI w podstawce&#8221;.\u00a0 Pi\u0119kne detale, ozdobne pakowanie oraz indywidualna personalizacja zachwyc\u0105 wygl\u0105dem Twoje kole\u017canki.<\/p>\n<h3 style=\"text-align: center;\">Najpi\u0119kniejsze prezenty &#8211; s\u0105 te spersonalizowane&#8230; i od serca!<\/h3>\n<p>&nbsp;<\/p>\n<ul>\n<li><strong>Wymiary \u015bwiecy:<\/strong> \u015brednica: 5,7 cm; wysoko\u015b\u0107: 4,5 cm<\/li>\n<li><strong>Waga \u015bwiecy:<\/strong> 50g podstawa + 30g stokrotki<\/li>\n<li><strong>W cenie wliczone jest<\/strong>: pakowanie w ozdobne pude\u0142ka z dekoracjami specjalnie przygotowanymi na Wiecz\u00f3r Panie\u0144ski\u00a0 + personalizowane zawieszki (z Imieniem oraz Dat\u0105 Uroczysto\u015bci).<\/li>\n<li><strong>Cena dotyczy<\/strong>: 1 szt. \u015bwiecy. Je\u015bli chcesz zam\u00f3wi\u0107 wi\u0119ksz\u0105 ilo\u015b\u0107 (np. 20szt \u2013 KLIKNIJ 20)<\/li>\n<li>Mo\u017cemy wykona\u0107 z\u0142ot\u0119 Imi\u0119 (z\u0142ote naklejki) przy\u0142ej Panny M\u0142odej na ka\u017cdej \u015bwiecy.<\/li>\n<\/ul>\n<p style=\"padding-left: 40px;\"><span style=\"color: #de1daa;\"><strong>WA\u017bNE: Przy wyborze zawieszki &#8211; WZORU 2 &#8211; W polu &#8222;NAPIS NA ZAWIESZCE&#8221;\u00a0 podaj Imi\u0119 oraz Dat\u0119 Uroczysto\u015bci.<\/strong><\/span><\/p>\n<p>&nbsp;<\/p>\n","protected":false},"featured_media":1658,"template":"","meta":{"site-sidebar-layout":"default","site-content-layout":"","ast-site-content-layout":"default","site-content-style":"default","site-sidebar-style":"default","ast-global-header-display":"","ast-banner-title-visibility":"","ast-main-header-display":"","ast-hfb-above-header-display":"","ast-hfb-below-header-display":"","ast-hfb-mobile-header-display":"","site-post-title":"","ast-breadcrumbs-content":"","ast-featured-img":"","footer-sml-layout":"","theme-transparent-header-meta":"default","adv-header-id-meta":"","stick-header-meta":"","header-above-stick-meta":"","header-main-stick-meta":"","header-below-stick-meta":"","astra-migrate-meta-layouts":"set","ast-page-background-enabled":"default","ast-page-background-meta":{"desktop":{"background-color":"var(--ast-global-color-5)","background-image":"","background-repeat":"repeat","background-position":"center center","background-size":"auto","background-attachment":"scroll","background-type":"","background-media":"","overlay-type":"","overlay-color":"","overlay-opacity":"","overlay-gradient":""},"tablet":{"background-color":"","background-image":"","background-repeat":"repeat","background-position":"center center","background-size":"auto","background-attachment":"scroll","background-type":"","background-media":"","overlay-type":"","overlay-color":"","overlay-opacity":"","overlay-gradient":""},"mobile":{"background-color":"","background-image":"","background-repeat":"repeat","background-position":"center center","background-size":"auto","background-attachment":"scroll","background-type":"","background-media":"","overlay-type":"","overlay-color":"","overlay-opacity":"","overlay-gradient":""}},"ast-content-background-meta":{"desktop":{"background-color":"var(--ast-global-color-4)","background-image":"","background-repeat":"repeat","background-position":"center center","background-size":"auto","background-attachment":"scroll","background-type":"","background-media":"","overlay-type":"","overlay-color":"","overlay-opacity":"","overlay-gradient":""},"tablet":{"background-color":"var(--ast-global-color-4)","background-image":"","background-repeat":"repeat","background-position":"center center","background-size":"auto","background-attachment":"scroll","background-type":"","background-media":"","overlay-type":"","overlay-color":"","overlay-opacity":"","overlay-gradient":""},"mobile":{"background-color":"var(--ast-global-color-4)","background-image":"","background-repeat":"repeat","background-position":"center center","background-size":"auto","background-attachment":"scroll","background-type":"","background-media":"","overlay-type":"","overlay-color":"","overlay-opacity":"","overlay-gradient":""}}},"product_brand":[],"product_cat":[21,54],"product_tag":[129,86,128,85,127,121],"class_list":{"0":"post-1645","1":"product","2":"type-product","3":"status-publish","4":"has-post-thumbnail","6":"product_cat-nowosci","7":"product_cat-wieczor-panienski","8":"product_tag-bride-to-be","9":"product_tag-podziekowania-dla-gosci","10":"product_tag-podziekowania-na-wieczor-panienski","11":"product_tag-swiece-na-podziekowania","12":"product_tag-team-bride","13":"product_tag-wieczor-panienski","14":"desktop-align-left","15":"tablet-align-left","16":"mobile-align-left","18":"first","19":"instock","20":"shipping-taxable","21":"purchasable","22":"product-type-variable"},"yoast_head":"<!-- This site is optimized with the Yoast SEO plugin v26.5 - https:\/\/yoast.com\/wordpress\/plugins\/seo\/ -->\n<title>\u015awiece Stokrotki - Efektowne podzi\u0119kowania na Wiecz\u00f3r Panie\u0144ski<\/title>\n<meta name=\"description\" content=\"Szukasz oryginalnych podzi\u0119kowa\u0144 na Wiecz\u00f3r Panie\u0144ski? Poznaj wyj\u0105tkowe \u015bwiece sojowe ze strokrotkami, pi\u0119knie zdobione pude\u0142ka, personalizowane zawieszki.\" \/>\n<meta name=\"robots\" content=\"index, follow, max-snippet:-1, max-image-preview:large, max-video-preview:-1\" \/>\n<link rel=\"canonical\" href=\"https:\/\/mandarinoart.pl\/index.php\/produkt\/swiece-stokrotki-wersja-fioletowa-na-podziekowania-wieczor-panienski\/\" \/>\n<meta property=\"og:locale\" content=\"pl_PL\" \/>\n<meta property=\"og:type\" content=\"article\" \/>\n<meta property=\"og:title\" content=\"\u015awiece Stokrotki - Efektowne podzi\u0119kowania na Wiecz\u00f3r Panie\u0144ski\" \/>\n<meta property=\"og:description\" content=\"Szukasz oryginalnych podzi\u0119kowa\u0144 na Wiecz\u00f3r Panie\u0144ski? Poznaj wyj\u0105tkowe \u015bwiece sojowe ze strokrotkami, pi\u0119knie zdobione pude\u0142ka, personalizowane zawieszki.\" \/>\n<meta property=\"og:url\" content=\"https:\/\/mandarinoart.pl\/index.php\/produkt\/swiece-stokrotki-wersja-fioletowa-na-podziekowania-wieczor-panienski\/\" \/>\n<meta property=\"og:site_name\" content=\"Mandarino Art\" \/>\n<meta property=\"article:publisher\" content=\"https:\/\/www.facebook.com\/profile.php?id=61553468730793\" \/>\n<meta property=\"article:modified_time\" content=\"2025-05-21T12:02:21+00:00\" \/>\n<meta property=\"og:image\" content=\"https:\/\/mandarinoart.pl\/wp-content\/uploads\/2025\/03\/adf-8-904x1024.png\" \/>\n\t<meta property=\"og:image:width\" content=\"904\" \/>\n\t<meta property=\"og:image:height\" content=\"1024\" \/>\n\t<meta property=\"og:image:type\" content=\"image\/png\" \/>\n<meta name=\"twitter:card\" content=\"summary_large_image\" \/>\n<meta name=\"twitter:label1\" content=\"Szacowany czas czytania\" \/>\n\t<meta name=\"twitter:data1\" content=\"2 minuty\" \/>\n<script type=\"application\/ld+json\" class=\"yoast-schema-graph\">{\"@context\":\"https:\/\/schema.org\",\"@graph\":[{\"@type\":\"WebPage\",\"@id\":\"https:\/\/mandarinoart.pl\/index.php\/produkt\/swiece-stokrotki-wersja-fioletowa-na-podziekowania-wieczor-panienski\/\",\"url\":\"https:\/\/mandarinoart.pl\/index.php\/produkt\/swiece-stokrotki-wersja-fioletowa-na-podziekowania-wieczor-panienski\/\",\"name\":\"\u015awiece Stokrotki - Efektowne podzi\u0119kowania na Wiecz\u00f3r Panie\u0144ski\",\"isPartOf\":{\"@id\":\"https:\/\/mandarinoart.pl\/#website\"},\"primaryImageOfPage\":{\"@id\":\"https:\/\/mandarinoart.pl\/index.php\/produkt\/swiece-stokrotki-wersja-fioletowa-na-podziekowania-wieczor-panienski\/#primaryimage\"},\"image\":{\"@id\":\"https:\/\/mandarinoart.pl\/index.php\/produkt\/swiece-stokrotki-wersja-fioletowa-na-podziekowania-wieczor-panienski\/#primaryimage\"},\"thumbnailUrl\":\"https:\/\/mandarinoart.pl\/wp-content\/uploads\/2025\/03\/adf-8.png\",\"datePublished\":\"2025-03-25T19:20:04+00:00\",\"dateModified\":\"2025-05-21T12:02:21+00:00\",\"description\":\"Szukasz oryginalnych podzi\u0119kowa\u0144 na Wiecz\u00f3r Panie\u0144ski? Poznaj wyj\u0105tkowe \u015bwiece sojowe ze strokrotkami, pi\u0119knie zdobione pude\u0142ka, personalizowane zawieszki.\",\"breadcrumb\":{\"@id\":\"https:\/\/mandarinoart.pl\/index.php\/produkt\/swiece-stokrotki-wersja-fioletowa-na-podziekowania-wieczor-panienski\/#breadcrumb\"},\"inLanguage\":\"pl-PL\",\"potentialAction\":[{\"@type\":\"ReadAction\",\"target\":[\"https:\/\/mandarinoart.pl\/index.php\/produkt\/swiece-stokrotki-wersja-fioletowa-na-podziekowania-wieczor-panienski\/\"]}]},{\"@type\":\"ImageObject\",\"inLanguage\":\"pl-PL\",\"@id\":\"https:\/\/mandarinoart.pl\/index.php\/produkt\/swiece-stokrotki-wersja-fioletowa-na-podziekowania-wieczor-panienski\/#primaryimage\",\"url\":\"https:\/\/mandarinoart.pl\/wp-content\/uploads\/2025\/03\/adf-8.png\",\"contentUrl\":\"https:\/\/mandarinoart.pl\/wp-content\/uploads\/2025\/03\/adf-8.png\",\"width\":1080,\"height\":1223},{\"@type\":\"BreadcrumbList\",\"@id\":\"https:\/\/mandarinoart.pl\/index.php\/produkt\/swiece-stokrotki-wersja-fioletowa-na-podziekowania-wieczor-panienski\/#breadcrumb\",\"itemListElement\":[{\"@type\":\"ListItem\",\"position\":1,\"name\":\"Strona g\u0142\u00f3wna\",\"item\":\"https:\/\/mandarinoart.pl\/\"},{\"@type\":\"ListItem\",\"position\":2,\"name\":\"Sklep\",\"item\":\"https:\/\/mandarinoart.pl\/index.php\/sklep\/\"},{\"@type\":\"ListItem\",\"position\":3,\"name\":\"\u015awiece &#8222;Stokrotki&#8221; (wersja fioletowa) na podzi\u0119kowania Wiecz\u00f3r Panie\u0144ski\"}]},{\"@type\":\"WebSite\",\"@id\":\"https:\/\/mandarinoart.pl\/#website\",\"url\":\"https:\/\/mandarinoart.pl\/\",\"name\":\"Mandarino Art Decor\",\"description\":\"\",\"publisher\":{\"@id\":\"https:\/\/mandarinoart.pl\/#organization\"},\"potentialAction\":[{\"@type\":\"SearchAction\",\"target\":{\"@type\":\"EntryPoint\",\"urlTemplate\":\"https:\/\/mandarinoart.pl\/?s={search_term_string}\"},\"query-input\":{\"@type\":\"PropertyValueSpecification\",\"valueRequired\":true,\"valueName\":\"search_term_string\"}}],\"inLanguage\":\"pl-PL\"},{\"@type\":\"Organization\",\"@id\":\"https:\/\/mandarinoart.pl\/#organization\",\"name\":\"Mandarino Art Decor\",\"url\":\"https:\/\/mandarinoart.pl\/\",\"logo\":{\"@type\":\"ImageObject\",\"inLanguage\":\"pl-PL\",\"@id\":\"https:\/\/mandarinoart.pl\/#\/schema\/logo\/image\/\",\"url\":\"https:\/\/mandarinoart.pl\/wp-content\/uploads\/2025\/02\/cropped-Logo_transparent.png\",\"contentUrl\":\"https:\/\/mandarinoart.pl\/wp-content\/uploads\/2025\/02\/cropped-Logo_transparent.png\",\"width\":591,\"height\":197,\"caption\":\"Mandarino Art Decor\"},\"image\":{\"@id\":\"https:\/\/mandarinoart.pl\/#\/schema\/logo\/image\/\"},\"sameAs\":[\"https:\/\/www.facebook.com\/profile.php?id=61553468730793\",\"https:\/\/www.instagram.com\/Mandarino_Candle\/?fbclid=IwY2xjawIoRQZleHRuA2FlbQIxMAABHV0lW5lNE7hJxvGNQtw42Ns1dw_Ll4G4YQ9LZaRsOkieykrFA3lNfCyS3g_aem_Nx9Tw7e5op2DlxHJ5Bc5Lg#\"]}]}<\/script>\n<!-- \/ Yoast SEO plugin. -->","yoast_head_json":{"title":"\u015awiece Stokrotki - Efektowne podzi\u0119kowania na Wiecz\u00f3r Panie\u0144ski","description":"Szukasz oryginalnych podzi\u0119kowa\u0144 na Wiecz\u00f3r Panie\u0144ski? Poznaj wyj\u0105tkowe \u015bwiece sojowe ze strokrotkami, pi\u0119knie zdobione pude\u0142ka, personalizowane zawieszki.","robots":{"index":"index","follow":"follow","max-snippet":"max-snippet:-1","max-image-preview":"max-image-preview:large","max-video-preview":"max-video-preview:-1"},"canonical":"https:\/\/mandarinoart.pl\/index.php\/produkt\/swiece-stokrotki-wersja-fioletowa-na-podziekowania-wieczor-panienski\/","og_locale":"pl_PL","og_type":"article","og_title":"\u015awiece Stokrotki - Efektowne podzi\u0119kowania na Wiecz\u00f3r Panie\u0144ski","og_description":"Szukasz oryginalnych podzi\u0119kowa\u0144 na Wiecz\u00f3r Panie\u0144ski? Poznaj wyj\u0105tkowe \u015bwiece sojowe ze strokrotkami, pi\u0119knie zdobione pude\u0142ka, personalizowane zawieszki.","og_url":"https:\/\/mandarinoart.pl\/index.php\/produkt\/swiece-stokrotki-wersja-fioletowa-na-podziekowania-wieczor-panienski\/","og_site_name":"Mandarino Art","article_publisher":"https:\/\/www.facebook.com\/profile.php?id=61553468730793","article_modified_time":"2025-05-21T12:02:21+00:00","og_image":[{"width":904,"height":1024,"url":"https:\/\/mandarinoart.pl\/wp-content\/uploads\/2025\/03\/adf-8-904x1024.png","type":"image\/png"}],"twitter_card":"summary_large_image","twitter_misc":{"Szacowany czas czytania":"2 minuty"},"schema":{"@context":"https:\/\/schema.org","@graph":[{"@type":"WebPage","@id":"https:\/\/mandarinoart.pl\/index.php\/produkt\/swiece-stokrotki-wersja-fioletowa-na-podziekowania-wieczor-panienski\/","url":"https:\/\/mandarinoart.pl\/index.php\/produkt\/swiece-stokrotki-wersja-fioletowa-na-podziekowania-wieczor-panienski\/","name":"\u015awiece Stokrotki - Efektowne podzi\u0119kowania na Wiecz\u00f3r Panie\u0144ski","isPartOf":{"@id":"https:\/\/mandarinoart.pl\/#website"},"primaryImageOfPage":{"@id":"https:\/\/mandarinoart.pl\/index.php\/produkt\/swiece-stokrotki-wersja-fioletowa-na-podziekowania-wieczor-panienski\/#primaryimage"},"image":{"@id":"https:\/\/mandarinoart.pl\/index.php\/produkt\/swiece-stokrotki-wersja-fioletowa-na-podziekowania-wieczor-panienski\/#primaryimage"},"thumbnailUrl":"https:\/\/mandarinoart.pl\/wp-content\/uploads\/2025\/03\/adf-8.png","datePublished":"2025-03-25T19:20:04+00:00","dateModified":"2025-05-21T12:02:21+00:00","description":"Szukasz oryginalnych podzi\u0119kowa\u0144 na Wiecz\u00f3r Panie\u0144ski? Poznaj wyj\u0105tkowe \u015bwiece sojowe ze strokrotkami, pi\u0119knie zdobione pude\u0142ka, personalizowane zawieszki.","breadcrumb":{"@id":"https:\/\/mandarinoart.pl\/index.php\/produkt\/swiece-stokrotki-wersja-fioletowa-na-podziekowania-wieczor-panienski\/#breadcrumb"},"inLanguage":"pl-PL","potentialAction":[{"@type":"ReadAction","target":["https:\/\/mandarinoart.pl\/index.php\/produkt\/swiece-stokrotki-wersja-fioletowa-na-podziekowania-wieczor-panienski\/"]}]},{"@type":"ImageObject","inLanguage":"pl-PL","@id":"https:\/\/mandarinoart.pl\/index.php\/produkt\/swiece-stokrotki-wersja-fioletowa-na-podziekowania-wieczor-panienski\/#primaryimage","url":"https:\/\/mandarinoart.pl\/wp-content\/uploads\/2025\/03\/adf-8.png","contentUrl":"https:\/\/mandarinoart.pl\/wp-content\/uploads\/2025\/03\/adf-8.png","width":1080,"height":1223},{"@type":"BreadcrumbList","@id":"https:\/\/mandarinoart.pl\/index.php\/produkt\/swiece-stokrotki-wersja-fioletowa-na-podziekowania-wieczor-panienski\/#breadcrumb","itemListElement":[{"@type":"ListItem","position":1,"name":"Strona g\u0142\u00f3wna","item":"https:\/\/mandarinoart.pl\/"},{"@type":"ListItem","position":2,"name":"Sklep","item":"https:\/\/mandarinoart.pl\/index.php\/sklep\/"},{"@type":"ListItem","position":3,"name":"\u015awiece &#8222;Stokrotki&#8221; (wersja fioletowa) na podzi\u0119kowania Wiecz\u00f3r Panie\u0144ski"}]},{"@type":"WebSite","@id":"https:\/\/mandarinoart.pl\/#website","url":"https:\/\/mandarinoart.pl\/","name":"Mandarino Art Decor","description":"","publisher":{"@id":"https:\/\/mandarinoart.pl\/#organization"},"potentialAction":[{"@type":"SearchAction","target":{"@type":"EntryPoint","urlTemplate":"https:\/\/mandarinoart.pl\/?s={search_term_string}"},"query-input":{"@type":"PropertyValueSpecification","valueRequired":true,"valueName":"search_term_string"}}],"inLanguage":"pl-PL"},{"@type":"Organization","@id":"https:\/\/mandarinoart.pl\/#organization","name":"Mandarino Art Decor","url":"https:\/\/mandarinoart.pl\/","logo":{"@type":"ImageObject","inLanguage":"pl-PL","@id":"https:\/\/mandarinoart.pl\/#\/schema\/logo\/image\/","url":"https:\/\/mandarinoart.pl\/wp-content\/uploads\/2025\/02\/cropped-Logo_transparent.png","contentUrl":"https:\/\/mandarinoart.pl\/wp-content\/uploads\/2025\/02\/cropped-Logo_transparent.png","width":591,"height":197,"caption":"Mandarino Art Decor"},"image":{"@id":"https:\/\/mandarinoart.pl\/#\/schema\/logo\/image\/"},"sameAs":["https:\/\/www.facebook.com\/profile.php?id=61553468730793","https:\/\/www.instagram.com\/Mandarino_Candle\/?fbclid=IwY2xjawIoRQZleHRuA2FlbQIxMAABHV0lW5lNE7hJxvGNQtw42Ns1dw_Ll4G4YQ9LZaRsOkieykrFA3lNfCyS3g_aem_Nx9Tw7e5op2DlxHJ5Bc5Lg#"]}]}},"_links":{"self":[{"href":"https:\/\/mandarinoart.pl\/index.php\/wp-json\/wp\/v2\/product\/1645","targetHints":{"allow":["GET"]}}],"collection":[{"href":"https:\/\/mandarinoart.pl\/index.php\/wp-json\/wp\/v2\/product"}],"about":[{"href":"https:\/\/mandarinoart.pl\/index.php\/wp-json\/wp\/v2\/types\/product"}],"wp:featuredmedia":[{"embeddable":true,"href":"https:\/\/mandarinoart.pl\/index.php\/wp-json\/wp\/v2\/media\/1658"}],"wp:attachment":[{"href":"https:\/\/mandarinoart.pl\/index.php\/wp-json\/wp\/v2\/media?parent=1645"}],"wp:term":[{"taxonomy":"product_brand","embeddable":true,"href":"https:\/\/mandarinoart.pl\/index.php\/wp-json\/wp\/v2\/product_brand?post=1645"},{"taxonomy":"product_cat","embeddable":true,"href":"https:\/\/mandarinoart.pl\/index.php\/wp-json\/wp\/v2\/product_cat?post=1645"},{"taxonomy":"product_tag","embeddable":true,"href":"https:\/\/mandarinoart.pl\/index.php\/wp-json\/wp\/v2\/product_tag?post=1645"}],"curies":[{"name":"wp","href":"https:\/\/api.w.org\/{rel}","templated":true}]}}