{"id":1166,"date":"2025-03-09T18:54:04","date_gmt":"2025-03-09T17:54:04","guid":{"rendered":"https:\/\/mandarinoart.pl\/?post_type=product&#038;p=1166"},"modified":"2026-03-09T00:42:38","modified_gmt":"2026-03-08T23:42:38","slug":"mala-swieca-mis-z-roza","status":"publish","type":"product","link":"https:\/\/mandarinoart.pl\/index.php\/produkt\/mala-swieca-mis-z-roza\/","title":{"rendered":"MA\u0141A \u015aWIECA MI\u015a Z R\u00d3\u017b\u0104 (wersja niebieska)"},"content":{"rendered":"<h2 style=\"text-align: center;\"><span style=\"color: #b5aa09;\">POZNAJ PE\u0141N\u0104 OFERT\u0118 WYJ\u0104TKOWYCH \u015aWIEC Z IMIENIEM<\/span><\/h2>\n<p>&nbsp;<\/p>\n<p style=\"text-align: center;\"><strong>Tworzymy \u015bwiece personalizowane \u2013 mo\u017cesz wybra\u0107 sw\u00f3j w\u0142asny napis, kt\u00f3ry umie\u015bcimy na \u015bwiecy. Dzi\u0119ki temu \u015bwiec\u0119 mo\u017cesz wr\u0119czy\u0107 jako prezent: na CHRZEST (CHRZESTNYCH), na URODZINY (dla SOLENIZANTA) czy inne okazje i Uroczysto\u015bci. Na \u017cyczenie \u015bwiec\u0119 zapakujemy w eleganckie pude\u0142ko, gotowe do wr\u0119czenia.<\/strong><\/p>\n<p><a href=\"https:\/\/mandarinoart.pl\/index.php\/kategoria-produktu\/swiece-okolicznosciowe\/\"><img fetchpriority=\"high\" decoding=\"async\" class=\"wp-image-1085 aligncenter\" src=\"https:\/\/mandarinoart.pl\/wp-content\/uploads\/2025\/03\/ZDJ.BAN_-300x111.png\" sizes=\"(max-width: 795px) 100vw, 795px\" srcset=\"https:\/\/mandarinoart.pl\/wp-content\/uploads\/2025\/03\/ZDJ.BAN_-300x111.png 300w, https:\/\/mandarinoart.pl\/wp-content\/uploads\/2025\/03\/ZDJ.BAN_-768x284.png 768w, https:\/\/mandarinoart.pl\/wp-content\/uploads\/2025\/03\/ZDJ.BAN_-600x222.png 600w, https:\/\/mandarinoart.pl\/wp-content\/uploads\/2025\/03\/ZDJ.BAN_.png 851w\" alt=\"\" width=\"795\" height=\"294\" \/><\/a><\/p>\n<p style=\"text-align: center;\">Poznaj wi\u0119cej wyj\u0105tkowych wzor\u00f3w \u015bwiec w naszym <a href=\"https:\/\/mandarinoart.pl\/index.php\/kategoria-produktu\/swiece-okolicznosciowe\/\">SKLEPIE<\/a> !<\/p>\n<hr \/>\n<h2 style=\"text-align: center;\"><span style=\"color: #b5aa09;\"><strong>DLACZEGO WARTO WYBRA\u0106 \u015aWIECE SOJOWE Mandarino ART Decor?<\/strong><\/span><\/h2>\n<p>&nbsp;<\/p>\n<ul>\n<li><strong>U\u017cywamy wysokiej jako\u015bci sk\u0142adnik\u00f3w:<\/strong> 100% wosk sojowy pochodzenia ro\u015blinnego, eco barwniki bez paraben\u00f3w zgodne z normami REACH, wysokiej jako\u015bci olejki zapachowe z certyfikatem IFRA.<\/li>\n<li><strong>Wykonanie HANDMADE:<\/strong>\u00a0 \u015awiece tworzymy r\u0119cznie z niezwyk\u0142\u0105 staranno\u015bci\u0105, dbaj\u0105c o ka\u017cdy detal.<\/li>\n<li><strong>Szeroki wyb\u00f3r zapach\u00f3w<\/strong>: Dost\u0119pnych jest 8 r\u00f3\u017cnych zapach\u00f3w do wyboru.<\/li>\n<li><strong>Nasze \u015bwiece charakteryzuje wyj\u0105tkowy DESIGN:<\/strong> Kwiatowe dekoracje, z\u0142ote dodatki.<\/li>\n<\/ul>\n<p><img decoding=\"async\" class=\"wp-image-1084 aligncenter\" src=\"https:\/\/mandarinoart.pl\/wp-content\/uploads\/2025\/03\/DM1-300x111.png\" sizes=\"(max-width: 427px) 100vw, 427px\" srcset=\"https:\/\/mandarinoart.pl\/wp-content\/uploads\/2025\/03\/DM1-300x111.png 300w, https:\/\/mandarinoart.pl\/wp-content\/uploads\/2025\/03\/DM1-768x284.png 768w, https:\/\/mandarinoart.pl\/wp-content\/uploads\/2025\/03\/DM1-600x222.png 600w, https:\/\/mandarinoart.pl\/wp-content\/uploads\/2025\/03\/DM1.png 851w\" alt=\"\" width=\"427\" height=\"158\" \/><\/p>\n<p>Karty charakterystyki sk\u0142adnik\u00f3w stosowanych do produkcji \u015bwiec udost\u0119pniamy na \u017cyczenie klienta.<\/p>\n<hr \/>\n<p>&nbsp;<\/p>\n","protected":false},"excerpt":{"rendered":"<div class=\"woocommerce-product-details__short-description\">\n<p>R\u0119cznie wykonana ma\u0142a \u015bwieca sojowa &#8222;MI\u015a Z R\u00d3\u017b\u0104&#8221;. \u015awieca w tonacji b\u0142\u0119kitu oraz bieli. Dodatek Piwonii oraz pi\u0119kny motyl dodaj\u0105 uroku. Z\u0142ote serduszko r\u0119cznie malowane. Idealna r\u00f3wnie\u017c jako prezent na Baby Shower czy prezent Urodzinowy. W zestawie ozdobne pude\u0142ko, w kt\u00f3r\u0105 b\u0119dzie zapakowa \u015bwieca wraz z personalizowan\u0105 zawieszk\u0105.<\/p>\n<h3 style=\"text-align: center;\">Najpi\u0119kniejsze prezenty &#8211; s\u0105 te spersonalizowane&#8230; i od serca!<\/h3>\n<p>&nbsp;<\/p>\n<ul>\n<li><strong>Wysokiej jako\u015bci sk\u0142ad \u015bwiecy: <\/strong>certyfikowany wosk sojowy w 100% naturalny, bawe\u0142niany knot, eco barwnik w p\u0142ynie, wysokiej jako\u015bci olejek zapachowy z certyfikatem IFRA.<\/li>\n<li><strong>Szeroko\u015b\u0107: <\/strong>8,2 cm<\/li>\n<li><strong>Wysoko\u015b\u0107:\u00a0 <\/strong>6 cm<\/li>\n<li><strong>Waga wosku:<\/strong> ok 200 g naturalnego wosku sojowego<\/li>\n<li><strong>W cenie:<\/strong> pude\u0142ko ozdobne ze wst\u0105\u017ck\u0105 + personalizowana zawieszka<\/li>\n<\/ul>\n<p><span style=\"color: #bf9b17;\"><strong>WA\u017bNE: W polu \u201eNAPIS NA \u015aWIECY\u201d\u00a0 podaj Imi\u0119, kt\u00f3re mamy umie\u015bci\u0107 na szkle &#8211; z\u0142ote naklejki z Imieniem.<\/strong><\/span><\/p>\n<\/div>\n<p><img decoding=\"async\" class=\"emoji\" role=\"img\" draggable=\"false\" src=\"https:\/\/s.w.org\/images\/core\/emoji\/17.0.2\/svg\/1f56f.svg\" alt=\"\ud83d\udd6f\ufe0f\" \/> <strong data-start=\"689\" data-end=\"757\">Realizacja zam\u00f3wienia zajmuje zazwyczaj od 10 do 20 dni roboczych<\/strong>, w zale\u017cno\u015bci od ilo\u015bci. Prosimy o uwzgl\u0119dnienie tego czasu przy sk\u0142adaniu zam\u00f3wienia.<\/p>\n<p><img decoding=\"async\" class=\"emoji\" role=\"img\" draggable=\"false\" src=\"https:\/\/s.w.org\/images\/core\/emoji\/17.0.2\/svg\/1f4e6.svg\" alt=\"\ud83d\udce6\" \/> <strong data-start=\"1137\" data-end=\"1261\">Dla zam\u00f3wie\u0144 powy\u017cej 20 szt. obowi\u0105zuje indywidualna wycena \u2013 napisz do nas\u00a0 <\/strong><strong data-start=\"1137\" data-end=\"1261\">(<a class=\"cursor-pointer\" rel=\"noopener\" data-start=\"1091\" data-end=\"1130\"><span style=\"color: #e0b49d;\">kontakt@mandarinoart.pl<\/span>)<\/a>, a przygotujemy specjaln\u0105 ofert\u0119!\u00a0<\/strong><\/p>\n<table class=\"styled-table\" style=\"height: 211px; width: 448px; border-style: ridge;\" width=\"420\">\n<tbody>\n<tr style=\"height: 22px;\">\n<th style=\"width: 410.8px; height: 29px;\"><span style=\"color: #666262;\">Tekst na zawieszce (max 150 liter)<\/span><\/th>\n<\/tr>\n<tr style=\"height: 130px;\">\n<td style=\"width: 410.8px; height: 130px;\">&nbsp;<\/p>\n<p><!-- Atrybut maxlength=\"150\" ogranicza wpisywanie do 150 znak\u00f3w --> <textarea id=\"komentarz\" class=\"my-textarea\" style=\"width: 393px; height: 44px;\" maxlength=\"150\" name=\"komentarz\" placeholder=\"Wpisz tre\u015b\u0107...\"><\/textarea><\/td>\n<\/tr>\n<\/tbody>\n<\/table>\n","protected":false},"featured_media":1178,"template":"","meta":{"site-sidebar-layout":"default","site-content-layout":"","ast-site-content-layout":"default","site-content-style":"default","site-sidebar-style":"default","ast-global-header-display":"","ast-banner-title-visibility":"","ast-main-header-display":"","ast-hfb-above-header-display":"","ast-hfb-below-header-display":"","ast-hfb-mobile-header-display":"","site-post-title":"","ast-breadcrumbs-content":"","ast-featured-img":"","footer-sml-layout":"","theme-transparent-header-meta":"default","adv-header-id-meta":"","stick-header-meta":"","header-above-stick-meta":"","header-main-stick-meta":"","header-below-stick-meta":"","astra-migrate-meta-layouts":"set","ast-page-background-enabled":"default","ast-page-background-meta":{"desktop":{"background-color":"var(--ast-global-color-5)","background-image":"","background-repeat":"repeat","background-position":"center center","background-size":"auto","background-attachment":"scroll","background-type":"","background-media":"","overlay-type":"","overlay-color":"","overlay-opacity":"","overlay-gradient":""},"tablet":{"background-color":"","background-image":"","background-repeat":"repeat","background-position":"center center","background-size":"auto","background-attachment":"scroll","background-type":"","background-media":"","overlay-type":"","overlay-color":"","overlay-opacity":"","overlay-gradient":""},"mobile":{"background-color":"","background-image":"","background-repeat":"repeat","background-position":"center center","background-size":"auto","background-attachment":"scroll","background-type":"","background-media":"","overlay-type":"","overlay-color":"","overlay-opacity":"","overlay-gradient":""}},"ast-content-background-meta":{"desktop":{"background-color":"var(--ast-global-color-4)","background-image":"","background-repeat":"repeat","background-position":"center center","background-size":"auto","background-attachment":"scroll","background-type":"","background-media":"","overlay-type":"","overlay-color":"","overlay-opacity":"","overlay-gradient":""},"tablet":{"background-color":"var(--ast-global-color-4)","background-image":"","background-repeat":"repeat","background-position":"center center","background-size":"auto","background-attachment":"scroll","background-type":"","background-media":"","overlay-type":"","overlay-color":"","overlay-opacity":"","overlay-gradient":""},"mobile":{"background-color":"var(--ast-global-color-4)","background-image":"","background-repeat":"repeat","background-position":"center center","background-size":"auto","background-attachment":"scroll","background-type":"","background-media":"","overlay-type":"","overlay-color":"","overlay-opacity":"","overlay-gradient":""}}},"product_brand":[],"product_cat":[55,45,17],"product_tag":[94,114,74,93,28,26,32,115,116],"class_list":{"0":"post-1166","1":"product","2":"type-product","3":"status-publish","4":"has-post-thumbnail","6":"product_cat-baby-shower","7":"product_cat-male-swiece","8":"product_cat-swiece-sojowe","9":"product_tag-baby-shower","10":"product_tag-mala-swieca","11":"product_tag-pastelowe-odcienie","12":"product_tag-roczek","13":"product_tag-swieca-kwiatowa","14":"product_tag-swieca-sojowa","15":"product_tag-swieca-w-szkle","16":"product_tag-swieca-z-misiem","17":"product_tag-urodziny","18":"desktop-align-left","19":"tablet-align-left","20":"mobile-align-left","22":"first","23":"instock","24":"shipping-taxable","25":"purchasable","26":"product-type-variable"},"yoast_head":"<!-- This site is optimized with the Yoast SEO plugin v26.5 - https:\/\/yoast.com\/wordpress\/plugins\/seo\/ -->\n<title>\u015aWIECA MI\u015a Z R\u00d3\u017b\u0104 - prezent na BABY SHOWER<\/title>\n<meta name=\"description\" content=\"Zaskocz go\u015bci uroczymi \u015awiecami na podzi\u0119kowania Baby Shower ! Dodaj indywidualny akcent z naszymi personalizowanymi dodatkami \ud83c\udf80\ud83c\udf80\" \/>\n<meta name=\"robots\" content=\"index, follow, max-snippet:-1, max-image-preview:large, max-video-preview:-1\" \/>\n<link rel=\"canonical\" href=\"https:\/\/mandarinoart.pl\/index.php\/produkt\/mala-swieca-mis-z-roza\/\" \/>\n<meta property=\"og:locale\" content=\"pl_PL\" \/>\n<meta property=\"og:type\" content=\"article\" \/>\n<meta property=\"og:title\" content=\"\u015aWIECA MI\u015a Z R\u00d3\u017b\u0104 - prezent na BABY SHOWER\" \/>\n<meta property=\"og:description\" content=\"Zaskocz go\u015bci uroczymi \u015awiecami na podzi\u0119kowania Baby Shower ! Dodaj indywidualny akcent z naszymi personalizowanymi dodatkami \ud83c\udf80\ud83c\udf80\" \/>\n<meta property=\"og:url\" content=\"https:\/\/mandarinoart.pl\/index.php\/produkt\/mala-swieca-mis-z-roza\/\" \/>\n<meta property=\"og:site_name\" content=\"Mandarino Art\" \/>\n<meta property=\"article:publisher\" content=\"https:\/\/www.facebook.com\/profile.php?id=61553468730793\" \/>\n<meta property=\"article:modified_time\" content=\"2026-03-08T23:42:38+00:00\" \/>\n<meta property=\"og:image\" content=\"https:\/\/mandarinoart.pl\/wp-content\/uploads\/2025\/03\/A-3-790x1024.png\" \/>\n\t<meta property=\"og:image:width\" content=\"790\" \/>\n\t<meta property=\"og:image:height\" content=\"1024\" \/>\n\t<meta property=\"og:image:type\" content=\"image\/png\" \/>\n<meta name=\"twitter:card\" content=\"summary_large_image\" \/>\n<meta name=\"twitter:label1\" content=\"Szacowany czas czytania\" \/>\n\t<meta name=\"twitter:data1\" content=\"2 minuty\" \/>\n<script type=\"application\/ld+json\" class=\"yoast-schema-graph\">{\"@context\":\"https:\/\/schema.org\",\"@graph\":[{\"@type\":\"WebPage\",\"@id\":\"https:\/\/mandarinoart.pl\/index.php\/produkt\/mala-swieca-mis-z-roza\/\",\"url\":\"https:\/\/mandarinoart.pl\/index.php\/produkt\/mala-swieca-mis-z-roza\/\",\"name\":\"\u015aWIECA MI\u015a Z R\u00d3\u017b\u0104 - prezent na BABY SHOWER\",\"isPartOf\":{\"@id\":\"https:\/\/mandarinoart.pl\/#website\"},\"primaryImageOfPage\":{\"@id\":\"https:\/\/mandarinoart.pl\/index.php\/produkt\/mala-swieca-mis-z-roza\/#primaryimage\"},\"image\":{\"@id\":\"https:\/\/mandarinoart.pl\/index.php\/produkt\/mala-swieca-mis-z-roza\/#primaryimage\"},\"thumbnailUrl\":\"https:\/\/mandarinoart.pl\/wp-content\/uploads\/2025\/03\/A-3.png\",\"datePublished\":\"2025-03-09T17:54:04+00:00\",\"dateModified\":\"2026-03-08T23:42:38+00:00\",\"description\":\"Zaskocz go\u015bci uroczymi \u015awiecami na podzi\u0119kowania Baby Shower ! Dodaj indywidualny akcent z naszymi personalizowanymi dodatkami \ud83c\udf80\ud83c\udf80\",\"breadcrumb\":{\"@id\":\"https:\/\/mandarinoart.pl\/index.php\/produkt\/mala-swieca-mis-z-roza\/#breadcrumb\"},\"inLanguage\":\"pl-PL\",\"potentialAction\":[{\"@type\":\"ReadAction\",\"target\":[\"https:\/\/mandarinoart.pl\/index.php\/produkt\/mala-swieca-mis-z-roza\/\"]}]},{\"@type\":\"ImageObject\",\"inLanguage\":\"pl-PL\",\"@id\":\"https:\/\/mandarinoart.pl\/index.php\/produkt\/mala-swieca-mis-z-roza\/#primaryimage\",\"url\":\"https:\/\/mandarinoart.pl\/wp-content\/uploads\/2025\/03\/A-3.png\",\"contentUrl\":\"https:\/\/mandarinoart.pl\/wp-content\/uploads\/2025\/03\/A-3.png\",\"width\":1080,\"height\":1400},{\"@type\":\"BreadcrumbList\",\"@id\":\"https:\/\/mandarinoart.pl\/index.php\/produkt\/mala-swieca-mis-z-roza\/#breadcrumb\",\"itemListElement\":[{\"@type\":\"ListItem\",\"position\":1,\"name\":\"Strona g\u0142\u00f3wna\",\"item\":\"https:\/\/mandarinoart.pl\/\"},{\"@type\":\"ListItem\",\"position\":2,\"name\":\"Sklep\",\"item\":\"https:\/\/mandarinoart.pl\/index.php\/sklep\/\"},{\"@type\":\"ListItem\",\"position\":3,\"name\":\"MA\u0141A \u015aWIECA MI\u015a Z R\u00d3\u017b\u0104 (wersja niebieska)\"}]},{\"@type\":\"WebSite\",\"@id\":\"https:\/\/mandarinoart.pl\/#website\",\"url\":\"https:\/\/mandarinoart.pl\/\",\"name\":\"Mandarino Art Decor\",\"description\":\"\",\"publisher\":{\"@id\":\"https:\/\/mandarinoart.pl\/#organization\"},\"potentialAction\":[{\"@type\":\"SearchAction\",\"target\":{\"@type\":\"EntryPoint\",\"urlTemplate\":\"https:\/\/mandarinoart.pl\/?s={search_term_string}\"},\"query-input\":{\"@type\":\"PropertyValueSpecification\",\"valueRequired\":true,\"valueName\":\"search_term_string\"}}],\"inLanguage\":\"pl-PL\"},{\"@type\":\"Organization\",\"@id\":\"https:\/\/mandarinoart.pl\/#organization\",\"name\":\"Mandarino Art Decor\",\"url\":\"https:\/\/mandarinoart.pl\/\",\"logo\":{\"@type\":\"ImageObject\",\"inLanguage\":\"pl-PL\",\"@id\":\"https:\/\/mandarinoart.pl\/#\/schema\/logo\/image\/\",\"url\":\"https:\/\/mandarinoart.pl\/wp-content\/uploads\/2025\/02\/cropped-Logo_transparent.png\",\"contentUrl\":\"https:\/\/mandarinoart.pl\/wp-content\/uploads\/2025\/02\/cropped-Logo_transparent.png\",\"width\":591,\"height\":197,\"caption\":\"Mandarino Art Decor\"},\"image\":{\"@id\":\"https:\/\/mandarinoart.pl\/#\/schema\/logo\/image\/\"},\"sameAs\":[\"https:\/\/www.facebook.com\/profile.php?id=61553468730793\",\"https:\/\/www.instagram.com\/Mandarino_Candle\/?fbclid=IwY2xjawIoRQZleHRuA2FlbQIxMAABHV0lW5lNE7hJxvGNQtw42Ns1dw_Ll4G4YQ9LZaRsOkieykrFA3lNfCyS3g_aem_Nx9Tw7e5op2DlxHJ5Bc5Lg#\"]}]}<\/script>\n<!-- \/ Yoast SEO plugin. -->","yoast_head_json":{"title":"\u015aWIECA MI\u015a Z R\u00d3\u017b\u0104 - prezent na BABY SHOWER","description":"Zaskocz go\u015bci uroczymi \u015awiecami na podzi\u0119kowania Baby Shower ! Dodaj indywidualny akcent z naszymi personalizowanymi dodatkami \ud83c\udf80\ud83c\udf80","robots":{"index":"index","follow":"follow","max-snippet":"max-snippet:-1","max-image-preview":"max-image-preview:large","max-video-preview":"max-video-preview:-1"},"canonical":"https:\/\/mandarinoart.pl\/index.php\/produkt\/mala-swieca-mis-z-roza\/","og_locale":"pl_PL","og_type":"article","og_title":"\u015aWIECA MI\u015a Z R\u00d3\u017b\u0104 - prezent na BABY SHOWER","og_description":"Zaskocz go\u015bci uroczymi \u015awiecami na podzi\u0119kowania Baby Shower ! Dodaj indywidualny akcent z naszymi personalizowanymi dodatkami \ud83c\udf80\ud83c\udf80","og_url":"https:\/\/mandarinoart.pl\/index.php\/produkt\/mala-swieca-mis-z-roza\/","og_site_name":"Mandarino Art","article_publisher":"https:\/\/www.facebook.com\/profile.php?id=61553468730793","article_modified_time":"2026-03-08T23:42:38+00:00","og_image":[{"width":790,"height":1024,"url":"https:\/\/mandarinoart.pl\/wp-content\/uploads\/2025\/03\/A-3-790x1024.png","type":"image\/png"}],"twitter_card":"summary_large_image","twitter_misc":{"Szacowany czas czytania":"2 minuty"},"schema":{"@context":"https:\/\/schema.org","@graph":[{"@type":"WebPage","@id":"https:\/\/mandarinoart.pl\/index.php\/produkt\/mala-swieca-mis-z-roza\/","url":"https:\/\/mandarinoart.pl\/index.php\/produkt\/mala-swieca-mis-z-roza\/","name":"\u015aWIECA MI\u015a Z R\u00d3\u017b\u0104 - prezent na BABY SHOWER","isPartOf":{"@id":"https:\/\/mandarinoart.pl\/#website"},"primaryImageOfPage":{"@id":"https:\/\/mandarinoart.pl\/index.php\/produkt\/mala-swieca-mis-z-roza\/#primaryimage"},"image":{"@id":"https:\/\/mandarinoart.pl\/index.php\/produkt\/mala-swieca-mis-z-roza\/#primaryimage"},"thumbnailUrl":"https:\/\/mandarinoart.pl\/wp-content\/uploads\/2025\/03\/A-3.png","datePublished":"2025-03-09T17:54:04+00:00","dateModified":"2026-03-08T23:42:38+00:00","description":"Zaskocz go\u015bci uroczymi \u015awiecami na podzi\u0119kowania Baby Shower ! Dodaj indywidualny akcent z naszymi personalizowanymi dodatkami \ud83c\udf80\ud83c\udf80","breadcrumb":{"@id":"https:\/\/mandarinoart.pl\/index.php\/produkt\/mala-swieca-mis-z-roza\/#breadcrumb"},"inLanguage":"pl-PL","potentialAction":[{"@type":"ReadAction","target":["https:\/\/mandarinoart.pl\/index.php\/produkt\/mala-swieca-mis-z-roza\/"]}]},{"@type":"ImageObject","inLanguage":"pl-PL","@id":"https:\/\/mandarinoart.pl\/index.php\/produkt\/mala-swieca-mis-z-roza\/#primaryimage","url":"https:\/\/mandarinoart.pl\/wp-content\/uploads\/2025\/03\/A-3.png","contentUrl":"https:\/\/mandarinoart.pl\/wp-content\/uploads\/2025\/03\/A-3.png","width":1080,"height":1400},{"@type":"BreadcrumbList","@id":"https:\/\/mandarinoart.pl\/index.php\/produkt\/mala-swieca-mis-z-roza\/#breadcrumb","itemListElement":[{"@type":"ListItem","position":1,"name":"Strona g\u0142\u00f3wna","item":"https:\/\/mandarinoart.pl\/"},{"@type":"ListItem","position":2,"name":"Sklep","item":"https:\/\/mandarinoart.pl\/index.php\/sklep\/"},{"@type":"ListItem","position":3,"name":"MA\u0141A \u015aWIECA MI\u015a Z R\u00d3\u017b\u0104 (wersja niebieska)"}]},{"@type":"WebSite","@id":"https:\/\/mandarinoart.pl\/#website","url":"https:\/\/mandarinoart.pl\/","name":"Mandarino Art Decor","description":"","publisher":{"@id":"https:\/\/mandarinoart.pl\/#organization"},"potentialAction":[{"@type":"SearchAction","target":{"@type":"EntryPoint","urlTemplate":"https:\/\/mandarinoart.pl\/?s={search_term_string}"},"query-input":{"@type":"PropertyValueSpecification","valueRequired":true,"valueName":"search_term_string"}}],"inLanguage":"pl-PL"},{"@type":"Organization","@id":"https:\/\/mandarinoart.pl\/#organization","name":"Mandarino Art Decor","url":"https:\/\/mandarinoart.pl\/","logo":{"@type":"ImageObject","inLanguage":"pl-PL","@id":"https:\/\/mandarinoart.pl\/#\/schema\/logo\/image\/","url":"https:\/\/mandarinoart.pl\/wp-content\/uploads\/2025\/02\/cropped-Logo_transparent.png","contentUrl":"https:\/\/mandarinoart.pl\/wp-content\/uploads\/2025\/02\/cropped-Logo_transparent.png","width":591,"height":197,"caption":"Mandarino Art Decor"},"image":{"@id":"https:\/\/mandarinoart.pl\/#\/schema\/logo\/image\/"},"sameAs":["https:\/\/www.facebook.com\/profile.php?id=61553468730793","https:\/\/www.instagram.com\/Mandarino_Candle\/?fbclid=IwY2xjawIoRQZleHRuA2FlbQIxMAABHV0lW5lNE7hJxvGNQtw42Ns1dw_Ll4G4YQ9LZaRsOkieykrFA3lNfCyS3g_aem_Nx9Tw7e5op2DlxHJ5Bc5Lg#"]}]}},"_links":{"self":[{"href":"https:\/\/mandarinoart.pl\/index.php\/wp-json\/wp\/v2\/product\/1166","targetHints":{"allow":["GET"]}}],"collection":[{"href":"https:\/\/mandarinoart.pl\/index.php\/wp-json\/wp\/v2\/product"}],"about":[{"href":"https:\/\/mandarinoart.pl\/index.php\/wp-json\/wp\/v2\/types\/product"}],"wp:featuredmedia":[{"embeddable":true,"href":"https:\/\/mandarinoart.pl\/index.php\/wp-json\/wp\/v2\/media\/1178"}],"wp:attachment":[{"href":"https:\/\/mandarinoart.pl\/index.php\/wp-json\/wp\/v2\/media?parent=1166"}],"wp:term":[{"taxonomy":"product_brand","embeddable":true,"href":"https:\/\/mandarinoart.pl\/index.php\/wp-json\/wp\/v2\/product_brand?post=1166"},{"taxonomy":"product_cat","embeddable":true,"href":"https:\/\/mandarinoart.pl\/index.php\/wp-json\/wp\/v2\/product_cat?post=1166"},{"taxonomy":"product_tag","embeddable":true,"href":"https:\/\/mandarinoart.pl\/index.php\/wp-json\/wp\/v2\/product_tag?post=1166"}],"curies":[{"name":"wp","href":"https:\/\/api.w.org\/{rel}","templated":true}]}}