{"id":184,"date":"2025-02-23T20:30:39","date_gmt":"2025-02-23T19:30:39","guid":{"rendered":"https:\/\/mandarinoart.pl\/?page_id=184"},"modified":"2025-03-03T17:34:48","modified_gmt":"2025-03-03T16:34:48","slug":"dostawa-i-czas-wysylki","status":"publish","type":"page","link":"https:\/\/mandarinoart.pl\/index.php\/dostawa-i-czas-wysylki\/","title":{"rendered":"Dostawa i czas wysy\u0142ki"},"content":{"rendered":"\t\t<div data-elementor-type=\"wp-page\" data-elementor-id=\"184\" class=\"elementor elementor-184\">\n\t\t\t\t<div class=\"elementor-element elementor-element-fcf3c15 e-flex e-con-boxed e-con e-parent\" data-id=\"fcf3c15\" data-element_type=\"container\">\n\t\t\t\t\t<div class=\"e-con-inner\">\n\t\t\t\t<div class=\"elementor-element elementor-element-71d23a4 elementor-widget elementor-widget-heading\" data-id=\"71d23a4\" data-element_type=\"widget\" data-widget_type=\"heading.default\">\n\t\t\t\t<div class=\"elementor-widget-container\">\n\t\t\t\t\t<h2 class=\"elementor-heading-title elementor-size-default\">Dostawa i czas wysy\u0142ki<\/h2>\t\t\t\t<\/div>\n\t\t\t\t<\/div>\n\t\t\t\t\t<\/div>\n\t\t\t\t<\/div>\n\t\t<div class=\"elementor-element elementor-element-3e0080e e-flex e-con-boxed e-con e-parent\" data-id=\"3e0080e\" data-element_type=\"container\">\n\t\t\t\t\t<div class=\"e-con-inner\">\n\t\t\t\t<div class=\"elementor-element elementor-element-da889c9 elementor-widget elementor-widget-text-editor\" data-id=\"da889c9\" data-element_type=\"widget\" data-widget_type=\"text-editor.default\">\n\t\t\t\t<div class=\"elementor-widget-container\">\n\t\t\t\t\t\t\t\t\t<p>Na czas dostawy sk\u0142ada si\u0119:<\/p><ul><li>czas realizacji zam\u00f3wenia ( Czas realizacji dla \u015bwiec to 7-14 dni roboczych)<\/li><li>czas dostawy (do 2 dni roboczych)<\/li><\/ul><p>Wszystkie \u015bwiece s\u0105 wykonywane r\u0119cznie na indywidualne zam\u00f3wienie klienta. Dopiero po z\u0142o\u017ceniu przez Ciebie zam\u00f3wienia przyst\u0119pujemy do realizacji. W ka\u017cd\u0105 \u015bwiec\u0119 wk\u0142adamy prac\u0119, czas i przede wszystkim dok\u0142adno\u015b\u0107, dlatego ca\u0142y proces jest czasoch\u0142onny.<\/p><ul><li><strong>Czas realizacji \u015bwiec w szkle:\u00a0<\/strong>zazwyczaj 7-10 dni roboczych<\/li><li><strong>Czas realizacji \u015bwiec personalizowanych\/ z napisem w szkle :\u00a0<\/strong> zazwyczaj 10 dni roboczych<\/li><li><strong>Czas realizacji \u015bwiec okoliczno\u015bciowych &#8222;Na podzi\u0119kowania&#8221;:\u00a0<\/strong> 14 dni roboczych<\/li><\/ul>\t\t\t\t\t\t\t\t<\/div>\n\t\t\t\t<\/div>\n\t\t\t\t\t<\/div>\n\t\t\t\t<\/div>\n\t\t<div class=\"elementor-element elementor-element-c0ce3f2 e-flex e-con-boxed e-con e-parent\" data-id=\"c0ce3f2\" data-element_type=\"container\">\n\t\t\t\t\t<div class=\"e-con-inner\">\n\t\t\t\t<div class=\"elementor-element elementor-element-d719bed elementor-widget elementor-widget-heading\" data-id=\"d719bed\" data-element_type=\"widget\" data-widget_type=\"heading.default\">\n\t\t\t\t<div class=\"elementor-widget-container\">\n\t\t\t\t\t<h2 class=\"elementor-heading-title elementor-size-default\">Metody dostawy<\/h2>\t\t\t\t<\/div>\n\t\t\t\t<\/div>\n\t\t\t\t\t<\/div>\n\t\t\t\t<\/div>\n\t\t<div class=\"elementor-element elementor-element-1a99ea8 e-con-full e-flex e-con e-parent\" data-id=\"1a99ea8\" data-element_type=\"container\">\n\t\t\t\t<div class=\"elementor-element elementor-element-5dcab32 elementor-widget elementor-widget-text-editor\" data-id=\"5dcab32\" data-element_type=\"widget\" data-widget_type=\"text-editor.default\">\n\t\t\t\t<div class=\"elementor-widget-container\">\n\t\t\t\t\t\t\t\t\t<p>Darmowa dostawa\u00a0<strong>ju\u017c od 250z\u0142!<\/strong><\/p>\t\t\t\t\t\t\t\t<\/div>\n\t\t\t\t<\/div>\n\t\t\t\t<\/div>\n\t\t<div class=\"elementor-element elementor-element-3672e60 e-flex e-con-boxed e-con e-parent\" data-id=\"3672e60\" data-element_type=\"container\">\n\t\t\t\t\t<div class=\"e-con-inner\">\n\t\t\t\t<div class=\"elementor-element elementor-element-61fd9c4 elementor-widget elementor-widget-image\" data-id=\"61fd9c4\" data-element_type=\"widget\" data-widget_type=\"image.default\">\n\t\t\t\t<div class=\"elementor-widget-container\">\n\t\t\t\t\t\t\t\t\t\t\t\t\t\t\t<img fetchpriority=\"high\" decoding=\"async\" width=\"768\" height=\"213\" src=\"https:\/\/mandarinoart.pl\/wp-content\/uploads\/2025\/02\/Dostawa-i-Platnosci-768x213.png\" class=\"attachment-medium_large size-medium_large wp-image-194\" alt=\"\" srcset=\"https:\/\/mandarinoart.pl\/wp-content\/uploads\/2025\/02\/Dostawa-i-Platnosci-768x213.png 768w, https:\/\/mandarinoart.pl\/wp-content\/uploads\/2025\/02\/Dostawa-i-Platnosci-300x83.png 300w, https:\/\/mandarinoart.pl\/wp-content\/uploads\/2025\/02\/Dostawa-i-Platnosci-1024x284.png 1024w, https:\/\/mandarinoart.pl\/wp-content\/uploads\/2025\/02\/Dostawa-i-Platnosci-600x166.png 600w, https:\/\/mandarinoart.pl\/wp-content\/uploads\/2025\/02\/Dostawa-i-Platnosci.png 1049w\" sizes=\"(max-width: 768px) 100vw, 768px\" \/>\t\t\t\t\t\t\t\t\t\t\t\t\t\t\t<\/div>\n\t\t\t\t<\/div>\n\t\t\t\t\t<\/div>\n\t\t\t\t<\/div>\n\t\t\t\t<\/div>\n\t\t","protected":false},"excerpt":{"rendered":"<p>Dostawa i czas wysy\u0142ki Na czas dostawy sk\u0142ada si\u0119: czas realizacji zam\u00f3wenia ( Czas realizacji dla \u015bwiec to 7-14 dni [&hellip;]<\/p>\n","protected":false},"author":1,"featured_media":0,"parent":0,"menu_order":0,"comment_status":"closed","ping_status":"closed","template":"","meta":{"site-sidebar-layout":"no-sidebar","site-content-layout":"","ast-site-content-layout":"full-width-container","site-content-style":"default","site-sidebar-style":"default","ast-global-header-display":"","ast-banner-title-visibility":"","ast-main-header-display":"","ast-hfb-above-header-display":"","ast-hfb-below-header-display":"","ast-hfb-mobile-header-display":"","site-post-title":"disabled","ast-breadcrumbs-content":"","ast-featured-img":"disabled","footer-sml-layout":"","theme-transparent-header-meta":"","adv-header-id-meta":"","stick-header-meta":"","header-above-stick-meta":"","header-main-stick-meta":"","header-below-stick-meta":"","astra-migrate-meta-layouts":"default","ast-page-background-enabled":"default","ast-page-background-meta":{"desktop":{"background-color":"var(--ast-global-color-5)","background-image":"","background-repeat":"repeat","background-position":"center center","background-size":"auto","background-attachment":"scroll","background-type":"","background-media":"","overlay-type":"","overlay-color":"","overlay-opacity":"","overlay-gradient":""},"tablet":{"background-color":"","background-image":"","background-repeat":"repeat","background-position":"center center","background-size":"auto","background-attachment":"scroll","background-type":"","background-media":"","overlay-type":"","overlay-color":"","overlay-opacity":"","overlay-gradient":""},"mobile":{"background-color":"","background-image":"","background-repeat":"repeat","background-position":"center center","background-size":"auto","background-attachment":"scroll","background-type":"","background-media":"","overlay-type":"","overlay-color":"","overlay-opacity":"","overlay-gradient":""}},"ast-content-background-meta":{"desktop":{"background-color":"var(--ast-global-color-4)","background-image":"","background-repeat":"repeat","background-position":"center center","background-size":"auto","background-attachment":"scroll","background-type":"","background-media":"","overlay-type":"","overlay-color":"","overlay-opacity":"","overlay-gradient":""},"tablet":{"background-color":"var(--ast-global-color-4)","background-image":"","background-repeat":"repeat","background-position":"center center","background-size":"auto","background-attachment":"scroll","background-type":"","background-media":"","overlay-type":"","overlay-color":"","overlay-opacity":"","overlay-gradient":""},"mobile":{"background-color":"var(--ast-global-color-4)","background-image":"","background-repeat":"repeat","background-position":"center center","background-size":"auto","background-attachment":"scroll","background-type":"","background-media":"","overlay-type":"","overlay-color":"","overlay-opacity":"","overlay-gradient":""}},"footnotes":""},"class_list":["post-184","page","type-page","status-publish","hentry"],"yoast_head":"<!-- This site is optimized with the Yoast SEO plugin v26.5 - https:\/\/yoast.com\/wordpress\/plugins\/seo\/ -->\n<title>Dostawa i czas wysy\u0142ki - Mandarino Art<\/title>\n<meta name=\"robots\" content=\"index, follow, max-snippet:-1, max-image-preview:large, max-video-preview:-1\" \/>\n<link rel=\"canonical\" href=\"https:\/\/mandarinoart.pl\/index.php\/dostawa-i-czas-wysylki\/\" \/>\n<meta property=\"og:locale\" content=\"pl_PL\" \/>\n<meta property=\"og:type\" content=\"article\" \/>\n<meta property=\"og:title\" content=\"Dostawa i czas wysy\u0142ki - Mandarino Art\" \/>\n<meta property=\"og:description\" content=\"Dostawa i czas wysy\u0142ki Na czas dostawy sk\u0142ada si\u0119: czas realizacji zam\u00f3wenia ( Czas realizacji dla \u015bwiec to 7-14 dni [&hellip;]\" \/>\n<meta property=\"og:url\" content=\"https:\/\/mandarinoart.pl\/index.php\/dostawa-i-czas-wysylki\/\" \/>\n<meta property=\"og:site_name\" content=\"Mandarino Art\" \/>\n<meta property=\"article:publisher\" content=\"https:\/\/www.facebook.com\/profile.php?id=61553468730793\" \/>\n<meta property=\"article:modified_time\" content=\"2025-03-03T16:34:48+00:00\" \/>\n<meta property=\"og:image\" content=\"https:\/\/mandarinoart.pl\/wp-content\/uploads\/2025\/02\/Dostawa-i-Platnosci.png\" \/>\n\t<meta property=\"og:image:width\" content=\"1049\" \/>\n\t<meta property=\"og:image:height\" content=\"291\" \/>\n\t<meta property=\"og:image:type\" content=\"image\/png\" \/>\n<meta name=\"twitter:card\" content=\"summary_large_image\" \/>\n<meta name=\"twitter:label1\" content=\"Szacowany czas czytania\" \/>\n\t<meta name=\"twitter:data1\" content=\"1 minuta\" \/>\n<script type=\"application\/ld+json\" class=\"yoast-schema-graph\">{\"@context\":\"https:\/\/schema.org\",\"@graph\":[{\"@type\":\"WebPage\",\"@id\":\"https:\/\/mandarinoart.pl\/index.php\/dostawa-i-czas-wysylki\/\",\"url\":\"https:\/\/mandarinoart.pl\/index.php\/dostawa-i-czas-wysylki\/\",\"name\":\"Dostawa i czas wysy\u0142ki - Mandarino Art\",\"isPartOf\":{\"@id\":\"https:\/\/mandarinoart.pl\/#website\"},\"primaryImageOfPage\":{\"@id\":\"https:\/\/mandarinoart.pl\/index.php\/dostawa-i-czas-wysylki\/#primaryimage\"},\"image\":{\"@id\":\"https:\/\/mandarinoart.pl\/index.php\/dostawa-i-czas-wysylki\/#primaryimage\"},\"thumbnailUrl\":\"https:\/\/mandarinoart.pl\/wp-content\/uploads\/2025\/02\/Dostawa-i-Platnosci-768x213.png\",\"datePublished\":\"2025-02-23T19:30:39+00:00\",\"dateModified\":\"2025-03-03T16:34:48+00:00\",\"breadcrumb\":{\"@id\":\"https:\/\/mandarinoart.pl\/index.php\/dostawa-i-czas-wysylki\/#breadcrumb\"},\"inLanguage\":\"pl-PL\",\"potentialAction\":[{\"@type\":\"ReadAction\",\"target\":[\"https:\/\/mandarinoart.pl\/index.php\/dostawa-i-czas-wysylki\/\"]}]},{\"@type\":\"ImageObject\",\"inLanguage\":\"pl-PL\",\"@id\":\"https:\/\/mandarinoart.pl\/index.php\/dostawa-i-czas-wysylki\/#primaryimage\",\"url\":\"https:\/\/mandarinoart.pl\/wp-content\/uploads\/2025\/02\/Dostawa-i-Platnosci.png\",\"contentUrl\":\"https:\/\/mandarinoart.pl\/wp-content\/uploads\/2025\/02\/Dostawa-i-Platnosci.png\",\"width\":1049,\"height\":291},{\"@type\":\"BreadcrumbList\",\"@id\":\"https:\/\/mandarinoart.pl\/index.php\/dostawa-i-czas-wysylki\/#breadcrumb\",\"itemListElement\":[{\"@type\":\"ListItem\",\"position\":1,\"name\":\"Strona g\u0142\u00f3wna\",\"item\":\"https:\/\/mandarinoart.pl\/\"},{\"@type\":\"ListItem\",\"position\":2,\"name\":\"Dostawa i czas wysy\u0142ki\"}]},{\"@type\":\"WebSite\",\"@id\":\"https:\/\/mandarinoart.pl\/#website\",\"url\":\"https:\/\/mandarinoart.pl\/\",\"name\":\"Mandarino Art Decor\",\"description\":\"\",\"publisher\":{\"@id\":\"https:\/\/mandarinoart.pl\/#organization\"},\"potentialAction\":[{\"@type\":\"SearchAction\",\"target\":{\"@type\":\"EntryPoint\",\"urlTemplate\":\"https:\/\/mandarinoart.pl\/?s={search_term_string}\"},\"query-input\":{\"@type\":\"PropertyValueSpecification\",\"valueRequired\":true,\"valueName\":\"search_term_string\"}}],\"inLanguage\":\"pl-PL\"},{\"@type\":\"Organization\",\"@id\":\"https:\/\/mandarinoart.pl\/#organization\",\"name\":\"Mandarino Art Decor\",\"url\":\"https:\/\/mandarinoart.pl\/\",\"logo\":{\"@type\":\"ImageObject\",\"inLanguage\":\"pl-PL\",\"@id\":\"https:\/\/mandarinoart.pl\/#\/schema\/logo\/image\/\",\"url\":\"https:\/\/mandarinoart.pl\/wp-content\/uploads\/2025\/02\/cropped-Logo_transparent.png\",\"contentUrl\":\"https:\/\/mandarinoart.pl\/wp-content\/uploads\/2025\/02\/cropped-Logo_transparent.png\",\"width\":591,\"height\":197,\"caption\":\"Mandarino Art Decor\"},\"image\":{\"@id\":\"https:\/\/mandarinoart.pl\/#\/schema\/logo\/image\/\"},\"sameAs\":[\"https:\/\/www.facebook.com\/profile.php?id=61553468730793\",\"https:\/\/www.instagram.com\/Mandarino_Candle\/?fbclid=IwY2xjawIoRQZleHRuA2FlbQIxMAABHV0lW5lNE7hJxvGNQtw42Ns1dw_Ll4G4YQ9LZaRsOkieykrFA3lNfCyS3g_aem_Nx9Tw7e5op2DlxHJ5Bc5Lg#\"]}]}<\/script>\n<!-- \/ Yoast SEO plugin. -->","yoast_head_json":{"title":"Dostawa i czas wysy\u0142ki - Mandarino Art","robots":{"index":"index","follow":"follow","max-snippet":"max-snippet:-1","max-image-preview":"max-image-preview:large","max-video-preview":"max-video-preview:-1"},"canonical":"https:\/\/mandarinoart.pl\/index.php\/dostawa-i-czas-wysylki\/","og_locale":"pl_PL","og_type":"article","og_title":"Dostawa i czas wysy\u0142ki - Mandarino Art","og_description":"Dostawa i czas wysy\u0142ki Na czas dostawy sk\u0142ada si\u0119: czas realizacji zam\u00f3wenia ( Czas realizacji dla \u015bwiec to 7-14 dni [&hellip;]","og_url":"https:\/\/mandarinoart.pl\/index.php\/dostawa-i-czas-wysylki\/","og_site_name":"Mandarino Art","article_publisher":"https:\/\/www.facebook.com\/profile.php?id=61553468730793","article_modified_time":"2025-03-03T16:34:48+00:00","og_image":[{"width":1049,"height":291,"url":"https:\/\/mandarinoart.pl\/wp-content\/uploads\/2025\/02\/Dostawa-i-Platnosci.png","type":"image\/png"}],"twitter_card":"summary_large_image","twitter_misc":{"Szacowany czas czytania":"1 minuta"},"schema":{"@context":"https:\/\/schema.org","@graph":[{"@type":"WebPage","@id":"https:\/\/mandarinoart.pl\/index.php\/dostawa-i-czas-wysylki\/","url":"https:\/\/mandarinoart.pl\/index.php\/dostawa-i-czas-wysylki\/","name":"Dostawa i czas wysy\u0142ki - Mandarino Art","isPartOf":{"@id":"https:\/\/mandarinoart.pl\/#website"},"primaryImageOfPage":{"@id":"https:\/\/mandarinoart.pl\/index.php\/dostawa-i-czas-wysylki\/#primaryimage"},"image":{"@id":"https:\/\/mandarinoart.pl\/index.php\/dostawa-i-czas-wysylki\/#primaryimage"},"thumbnailUrl":"https:\/\/mandarinoart.pl\/wp-content\/uploads\/2025\/02\/Dostawa-i-Platnosci-768x213.png","datePublished":"2025-02-23T19:30:39+00:00","dateModified":"2025-03-03T16:34:48+00:00","breadcrumb":{"@id":"https:\/\/mandarinoart.pl\/index.php\/dostawa-i-czas-wysylki\/#breadcrumb"},"inLanguage":"pl-PL","potentialAction":[{"@type":"ReadAction","target":["https:\/\/mandarinoart.pl\/index.php\/dostawa-i-czas-wysylki\/"]}]},{"@type":"ImageObject","inLanguage":"pl-PL","@id":"https:\/\/mandarinoart.pl\/index.php\/dostawa-i-czas-wysylki\/#primaryimage","url":"https:\/\/mandarinoart.pl\/wp-content\/uploads\/2025\/02\/Dostawa-i-Platnosci.png","contentUrl":"https:\/\/mandarinoart.pl\/wp-content\/uploads\/2025\/02\/Dostawa-i-Platnosci.png","width":1049,"height":291},{"@type":"BreadcrumbList","@id":"https:\/\/mandarinoart.pl\/index.php\/dostawa-i-czas-wysylki\/#breadcrumb","itemListElement":[{"@type":"ListItem","position":1,"name":"Strona g\u0142\u00f3wna","item":"https:\/\/mandarinoart.pl\/"},{"@type":"ListItem","position":2,"name":"Dostawa i czas wysy\u0142ki"}]},{"@type":"WebSite","@id":"https:\/\/mandarinoart.pl\/#website","url":"https:\/\/mandarinoart.pl\/","name":"Mandarino Art Decor","description":"","publisher":{"@id":"https:\/\/mandarinoart.pl\/#organization"},"potentialAction":[{"@type":"SearchAction","target":{"@type":"EntryPoint","urlTemplate":"https:\/\/mandarinoart.pl\/?s={search_term_string}"},"query-input":{"@type":"PropertyValueSpecification","valueRequired":true,"valueName":"search_term_string"}}],"inLanguage":"pl-PL"},{"@type":"Organization","@id":"https:\/\/mandarinoart.pl\/#organization","name":"Mandarino Art Decor","url":"https:\/\/mandarinoart.pl\/","logo":{"@type":"ImageObject","inLanguage":"pl-PL","@id":"https:\/\/mandarinoart.pl\/#\/schema\/logo\/image\/","url":"https:\/\/mandarinoart.pl\/wp-content\/uploads\/2025\/02\/cropped-Logo_transparent.png","contentUrl":"https:\/\/mandarinoart.pl\/wp-content\/uploads\/2025\/02\/cropped-Logo_transparent.png","width":591,"height":197,"caption":"Mandarino Art Decor"},"image":{"@id":"https:\/\/mandarinoart.pl\/#\/schema\/logo\/image\/"},"sameAs":["https:\/\/www.facebook.com\/profile.php?id=61553468730793","https:\/\/www.instagram.com\/Mandarino_Candle\/?fbclid=IwY2xjawIoRQZleHRuA2FlbQIxMAABHV0lW5lNE7hJxvGNQtw42Ns1dw_Ll4G4YQ9LZaRsOkieykrFA3lNfCyS3g_aem_Nx9Tw7e5op2DlxHJ5Bc5Lg#"]}]}},"_links":{"self":[{"href":"https:\/\/mandarinoart.pl\/index.php\/wp-json\/wp\/v2\/pages\/184","targetHints":{"allow":["GET"]}}],"collection":[{"href":"https:\/\/mandarinoart.pl\/index.php\/wp-json\/wp\/v2\/pages"}],"about":[{"href":"https:\/\/mandarinoart.pl\/index.php\/wp-json\/wp\/v2\/types\/page"}],"author":[{"embeddable":true,"href":"https:\/\/mandarinoart.pl\/index.php\/wp-json\/wp\/v2\/users\/1"}],"replies":[{"embeddable":true,"href":"https:\/\/mandarinoart.pl\/index.php\/wp-json\/wp\/v2\/comments?post=184"}],"version-history":[{"count":19,"href":"https:\/\/mandarinoart.pl\/index.php\/wp-json\/wp\/v2\/pages\/184\/revisions"}],"predecessor-version":[{"id":462,"href":"https:\/\/mandarinoart.pl\/index.php\/wp-json\/wp\/v2\/pages\/184\/revisions\/462"}],"wp:attachment":[{"href":"https:\/\/mandarinoart.pl\/index.php\/wp-json\/wp\/v2\/media?parent=184"}],"curies":[{"name":"wp","href":"https:\/\/api.w.org\/{rel}","templated":true}]}}