{"id":177,"date":"2025-02-23T20:10:40","date_gmt":"2025-02-23T19:10:40","guid":{"rendered":"https:\/\/mandarinoart.pl\/?page_id=177"},"modified":"2025-02-23T20:27:50","modified_gmt":"2025-02-23T19:27:50","slug":"o-nas","status":"publish","type":"page","link":"https:\/\/mandarinoart.pl\/index.php\/o-nas\/","title":{"rendered":"O nas"},"content":{"rendered":"\t\t<div data-elementor-type=\"wp-page\" data-elementor-id=\"177\" class=\"elementor elementor-177\">\n\t\t\t\t<div class=\"elementor-element elementor-element-13c4ade e-flex e-con-boxed e-con e-parent\" data-id=\"13c4ade\" data-element_type=\"container\">\n\t\t\t\t\t<div class=\"e-con-inner\">\n\t\t\t\t<div class=\"elementor-element elementor-element-6118ea6 elementor-invisible elementor-widget elementor-widget-text-editor\" data-id=\"6118ea6\" data-element_type=\"widget\" data-settings=\"{&quot;_animation&quot;:&quot;fadeInDown&quot;}\" data-widget_type=\"text-editor.default\">\n\t\t\t\t<div class=\"elementor-widget-container\">\n\t\t\t\t\t\t\t\t\t<!DOCTYPE html>\n<html lang=\"pl\">\n<head>\n  <meta charset=\"UTF-8\">\n  <meta name=\"viewport\" content=\"width=device-width, initial-scale=1.0\">\n  <title>Mandarino ART DECOR<\/title>\n  <link href=\"https:\/\/fonts.googleapis.com\/css2?family=Roboto:wght@400;700&#038;display=swap\" rel=\"stylesheet\">\n  <style>\n    body {\n      font-family: 'Roboto', sans-serif;\n      background-color: white;\n      margin: 0;\n      padding: 0;\n      color: #333;\n      line-height: 1.6;\n    }\n    .container {\n      max-width: 800px;\n      margin: 0 auto;\n      padding: 20px;\n    }\n    h1 {\n      color: #FF6600;\n      text-align: center;\n    }\n    p {\n      font-size: 1.1em;\n      margin-bottom: 20px;\n    }\n    .footer {\n      text-align: center;\n      margin-top: 40px;\n      font-size: 0.9em;\n      color: #888;\n    }\n  <\/style>\n<\/head>\n<body>\n  <div class=\"container\">\n    <h1>Mandarino ART DECOR<\/h1>\n    <p>Fascynacja zapachami, dekoracjami, kt\u00f3re otulaj\u0105 wn\u0119trza naszych dom\u00f3w przywiod\u0142y mnie do niezwyk\u0142ego \u015bwiata tworzenia \u015bwiec.<\/p>\n    <p>Zacz\u0119\u0142o si\u0119 ponad rok temu od ma\u0142ej iskry inspiracji, teraz pomys\u0142y zamieniaj\u0105 si\u0119 w pi\u0119kne, pachn\u0105ce dzie\u0142a!<\/p>\n    <p>Ka\u017cda \u015bwieca, kt\u00f3r\u0105 tworz\u0119 jest rezultatem r\u0119cznej pracy. Wykonane z najwy\u017csz\u0105 staranno\u015bci\u0105 i dba\u0142o\u015bci\u0105 o ka\u017cdy najmniejszy detal.<\/p>\n    <p>W mojej ofercie znajdziesz nie tylko \u015bwiece sojowe w szklanych naczyniach, ale tak\u017ce wyj\u0105tkowe \u015bwiece dekoracyjne &#8211; idealne na uroczysto\u015bci takie jak: Chrzest, Baby Shower, Wesele, Wiecz\u00f3r Panie\u0144ski czy Komuni\u0119 \u015awi\u0119t\u0105 oraz na inne wydarzenia i okazje.<\/p>\n    <p>Mandarino ART DECOR to wi\u0119cej ni\u017c produkty \u2013 to kawa\u0142ek mojego serca, kt\u00f3ry mog\u0119 przekaza\u0107 dalej!<\/p>\n    <div class=\"footer\">\n      <p>Pozdrawiam cieplutko,<\/p>\n      <p>Karolina<\/p>\n    <\/div>\n  <\/div>\n<\/body>\n<\/html>\n\t\t\t\t\t\t\t\t<\/div>\n\t\t\t\t<\/div>\n\t\t\t\t\t<\/div>\n\t\t\t\t<\/div>\n\t\t<div class=\"elementor-element elementor-element-a8ceb35 e-flex e-con-boxed e-con e-parent\" data-id=\"a8ceb35\" data-element_type=\"container\">\n\t\t\t\t\t<div class=\"e-con-inner\">\n\t\t<div class=\"elementor-element elementor-element-fa71e80 e-con-full e-flex e-con e-child\" data-id=\"fa71e80\" data-element_type=\"container\">\n\t\t\t\t<div class=\"elementor-element elementor-element-7bb408e elementor-widget elementor-widget-text-editor\" data-id=\"7bb408e\" data-element_type=\"widget\" data-widget_type=\"text-editor.default\">\n\t\t\t\t<div class=\"elementor-widget-container\">\n\t\t\t\t\t\t\t\t\t<!DOCTYPE html>\n<html lang=\"pl\">\n<head>\n  <meta charset=\"UTF-8\">\n  <meta name=\"viewport\" content=\"width=device-width, initial-scale=1.0\">\n  <title>Mandarino ART<\/title>\n  <link href=\"https:\/\/fonts.googleapis.com\/css2?family=Playfair+Display:wght@700&#038;family=Roboto:wght@400;700&#038;display=swap\" rel=\"stylesheet\">\n  <style>\n    body {\n      font-family: 'Roboto', sans-serif;\n      background-color: white;\n      margin: 0;\n      padding: 0;\n      color: #333;\n      line-height: 1.6;\n    }\n    .container {\n      max-width: 800px;\n      margin: 0 auto;\n      padding: 20px;\n    }\n    h1 {\n      font-family: 'Playfair Display', serif;\n      text-transform: uppercase;\n      color: #FF6600;\n      text-align: center;\n      font-size: 3em;\n      margin-bottom: 20px;\n    }\n    p {\n      font-size: 1.1em;\n      margin-bottom: 20px;\n      text-align: center;\n    }\n    .footer {\n      text-align: center;\n      margin-top: 40px;\n      font-size: 0.9em;\n      color: #888;\n    }\n  <\/style>\n<\/head>\n<body>\n  <div class=\"container\">\n    <h1>CZAS NA ODPR\u0118\u017bENIE<\/h1>\n    <p>Mandarino ART powsta\u0142o, nie tylko by zachwyci\u0107 wygl\u0105dem, unikatowo\u015bci\u0105, ale r\u00f3wnie\u017c pom\u00f3c Ci odczu\u0107 pe\u0142ni\u0119 relaksu \u2013 Twoje miejsce i Tw\u00f3j czas.<\/p>\n    <p>Pozw\u00f3l sobie na otwarto\u015b\u0107, ciep\u0142o i pozytywn\u0105 energi\u0119!<\/p>\n    <div class=\"footer\">\n      <p>Mandarino ART<\/p>\n    <\/div>\n  <\/div>\n<\/body>\n<\/html>\n\t\t\t\t\t\t\t\t<\/div>\n\t\t\t\t<\/div>\n\t\t\t\t<\/div>\n\t\t<div class=\"elementor-element elementor-element-59703a1 e-con-full e-flex e-con e-child\" data-id=\"59703a1\" data-element_type=\"container\">\n\t\t\t\t<div class=\"elementor-element elementor-element-a6604dc elementor-widget elementor-widget-image\" data-id=\"a6604dc\" data-element_type=\"widget\" data-widget_type=\"image.default\">\n\t\t\t\t<div class=\"elementor-widget-container\">\n\t\t\t\t\t\t\t\t\t\t\t\t\t\t\t<img fetchpriority=\"high\" decoding=\"async\" width=\"1024\" height=\"1024\" src=\"https:\/\/mandarinoart.pl\/wp-content\/uploads\/2025\/02\/Zdjecie-do-kategorii-O-NAS-1024x1024.png\" class=\"attachment-large size-large wp-image-180\" alt=\"\" srcset=\"https:\/\/mandarinoart.pl\/wp-content\/uploads\/2025\/02\/Zdjecie-do-kategorii-O-NAS-1024x1024.png 1024w, https:\/\/mandarinoart.pl\/wp-content\/uploads\/2025\/02\/Zdjecie-do-kategorii-O-NAS-300x300.png 300w, https:\/\/mandarinoart.pl\/wp-content\/uploads\/2025\/02\/Zdjecie-do-kategorii-O-NAS-150x150.png 150w, https:\/\/mandarinoart.pl\/wp-content\/uploads\/2025\/02\/Zdjecie-do-kategorii-O-NAS-768x768.png 768w, https:\/\/mandarinoart.pl\/wp-content\/uploads\/2025\/02\/Zdjecie-do-kategorii-O-NAS-600x600.png 600w, https:\/\/mandarinoart.pl\/wp-content\/uploads\/2025\/02\/Zdjecie-do-kategorii-O-NAS-100x100.png 100w, https:\/\/mandarinoart.pl\/wp-content\/uploads\/2025\/02\/Zdjecie-do-kategorii-O-NAS.png 1080w\" sizes=\"(max-width: 1024px) 100vw, 1024px\" \/>\t\t\t\t\t\t\t\t\t\t\t\t\t\t\t<\/div>\n\t\t\t\t<\/div>\n\t\t\t\t<\/div>\n\t\t\t\t\t<\/div>\n\t\t\t\t<\/div>\n\t\t<div class=\"elementor-element elementor-element-7ac4567 e-flex e-con-boxed e-con e-parent\" data-id=\"7ac4567\" data-element_type=\"container\">\n\t\t\t\t\t<div class=\"e-con-inner\">\n\t\t\t\t<div class=\"elementor-element elementor-element-5765ecb elementor-hidden-mobile elementor-widget elementor-widget-shortcode\" data-id=\"5765ecb\" data-element_type=\"widget\" data-widget_type=\"shortcode.default\">\n\t\t\t\t<div class=\"elementor-widget-container\">\n\t\t\t\t\t\t\t<div class=\"elementor-shortcode\"><\/div>\n\t\t\t\t\t\t<\/div>\n\t\t\t\t<\/div>\n\t\t\t\t\t<\/div>\n\t\t\t\t<\/div>\n\t\t<div class=\"elementor-element elementor-element-77f5fbb e-flex e-con-boxed e-con e-parent\" data-id=\"77f5fbb\" data-element_type=\"container\">\n\t\t\t\t\t<div class=\"e-con-inner\">\n\t\t\t\t<div class=\"elementor-element elementor-element-22f411f elementor-hidden-desktop elementor-hidden-tablet elementor-widget elementor-widget-shortcode\" data-id=\"22f411f\" data-element_type=\"widget\" data-widget_type=\"shortcode.default\">\n\t\t\t\t<div class=\"elementor-widget-container\">\n\t\t\t\t\t\t\t<div class=\"elementor-shortcode\"><\/div>\n\t\t\t\t\t\t<\/div>\n\t\t\t\t<\/div>\n\t\t\t\t\t<\/div>\n\t\t\t\t<\/div>\n\t\t\t\t<\/div>\n\t\t","protected":false},"excerpt":{"rendered":"<p>Mandarino ART DECOR Mandarino ART DECOR Fascynacja zapachami, dekoracjami, kt\u00f3re otulaj\u0105 wn\u0119trza naszych dom\u00f3w przywiod\u0142y mnie do niezwyk\u0142ego \u015bwiata tworzenia [&hellip;]<\/p>\n","protected":false},"author":1,"featured_media":0,"parent":0,"menu_order":0,"comment_status":"closed","ping_status":"closed","template":"","meta":{"site-sidebar-layout":"no-sidebar","site-content-layout":"","ast-site-content-layout":"full-width-container","site-content-style":"default","site-sidebar-style":"default","ast-global-header-display":"","ast-banner-title-visibility":"","ast-main-header-display":"","ast-hfb-above-header-display":"","ast-hfb-below-header-display":"","ast-hfb-mobile-header-display":"","site-post-title":"disabled","ast-breadcrumbs-content":"","ast-featured-img":"disabled","footer-sml-layout":"","theme-transparent-header-meta":"","adv-header-id-meta":"","stick-header-meta":"","header-above-stick-meta":"","header-main-stick-meta":"","header-below-stick-meta":"","astra-migrate-meta-layouts":"default","ast-page-background-enabled":"default","ast-page-background-meta":{"desktop":{"background-color":"var(--ast-global-color-5)","background-image":"","background-repeat":"repeat","background-position":"center center","background-size":"auto","background-attachment":"scroll","background-type":"","background-media":"","overlay-type":"","overlay-color":"","overlay-opacity":"","overlay-gradient":""},"tablet":{"background-color":"","background-image":"","background-repeat":"repeat","background-position":"center center","background-size":"auto","background-attachment":"scroll","background-type":"","background-media":"","overlay-type":"","overlay-color":"","overlay-opacity":"","overlay-gradient":""},"mobile":{"background-color":"","background-image":"","background-repeat":"repeat","background-position":"center center","background-size":"auto","background-attachment":"scroll","background-type":"","background-media":"","overlay-type":"","overlay-color":"","overlay-opacity":"","overlay-gradient":""}},"ast-content-background-meta":{"desktop":{"background-color":"var(--ast-global-color-4)","background-image":"","background-repeat":"repeat","background-position":"center center","background-size":"auto","background-attachment":"scroll","background-type":"","background-media":"","overlay-type":"","overlay-color":"","overlay-opacity":"","overlay-gradient":""},"tablet":{"background-color":"var(--ast-global-color-4)","background-image":"","background-repeat":"repeat","background-position":"center center","background-size":"auto","background-attachment":"scroll","background-type":"","background-media":"","overlay-type":"","overlay-color":"","overlay-opacity":"","overlay-gradient":""},"mobile":{"background-color":"var(--ast-global-color-4)","background-image":"","background-repeat":"repeat","background-position":"center center","background-size":"auto","background-attachment":"scroll","background-type":"","background-media":"","overlay-type":"","overlay-color":"","overlay-opacity":"","overlay-gradient":""}},"footnotes":""},"class_list":["post-177","page","type-page","status-publish","hentry"],"yoast_head":"<!-- This site is optimized with the Yoast SEO plugin v26.5 - https:\/\/yoast.com\/wordpress\/plugins\/seo\/ -->\n<title>O nas - Mandarino Art<\/title>\n<meta name=\"robots\" content=\"index, follow, max-snippet:-1, max-image-preview:large, max-video-preview:-1\" \/>\n<link rel=\"canonical\" href=\"https:\/\/mandarinoart.pl\/index.php\/o-nas\/\" \/>\n<meta property=\"og:locale\" content=\"pl_PL\" \/>\n<meta property=\"og:type\" content=\"article\" \/>\n<meta property=\"og:title\" content=\"O nas - Mandarino Art\" \/>\n<meta property=\"og:description\" content=\"Mandarino ART DECOR Mandarino ART DECOR Fascynacja zapachami, dekoracjami, kt\u00f3re otulaj\u0105 wn\u0119trza naszych dom\u00f3w przywiod\u0142y mnie do niezwyk\u0142ego \u015bwiata tworzenia [&hellip;]\" \/>\n<meta property=\"og:url\" content=\"https:\/\/mandarinoart.pl\/index.php\/o-nas\/\" \/>\n<meta property=\"og:site_name\" content=\"Mandarino Art\" \/>\n<meta property=\"article:publisher\" content=\"https:\/\/www.facebook.com\/profile.php?id=61553468730793\" \/>\n<meta property=\"article:modified_time\" content=\"2025-02-23T19:27:50+00:00\" \/>\n<meta property=\"og:image\" content=\"https:\/\/mandarinoart.pl\/wp-content\/uploads\/2025\/02\/Zdjecie-do-kategorii-O-NAS-1024x1024.png\" \/>\n<meta name=\"twitter:card\" content=\"summary_large_image\" \/>\n<meta name=\"twitter:label1\" content=\"Szacowany czas czytania\" \/>\n\t<meta name=\"twitter:data1\" content=\"1 minuta\" \/>\n<script type=\"application\/ld+json\" class=\"yoast-schema-graph\">{\"@context\":\"https:\/\/schema.org\",\"@graph\":[{\"@type\":\"WebPage\",\"@id\":\"https:\/\/mandarinoart.pl\/index.php\/o-nas\/\",\"url\":\"https:\/\/mandarinoart.pl\/index.php\/o-nas\/\",\"name\":\"O nas - Mandarino Art\",\"isPartOf\":{\"@id\":\"https:\/\/mandarinoart.pl\/#website\"},\"primaryImageOfPage\":{\"@id\":\"https:\/\/mandarinoart.pl\/index.php\/o-nas\/#primaryimage\"},\"image\":{\"@id\":\"https:\/\/mandarinoart.pl\/index.php\/o-nas\/#primaryimage\"},\"thumbnailUrl\":\"https:\/\/mandarinoart.pl\/wp-content\/uploads\/2025\/02\/Zdjecie-do-kategorii-O-NAS-1024x1024.png\",\"datePublished\":\"2025-02-23T19:10:40+00:00\",\"dateModified\":\"2025-02-23T19:27:50+00:00\",\"breadcrumb\":{\"@id\":\"https:\/\/mandarinoart.pl\/index.php\/o-nas\/#breadcrumb\"},\"inLanguage\":\"pl-PL\",\"potentialAction\":[{\"@type\":\"ReadAction\",\"target\":[\"https:\/\/mandarinoart.pl\/index.php\/o-nas\/\"]}]},{\"@type\":\"ImageObject\",\"inLanguage\":\"pl-PL\",\"@id\":\"https:\/\/mandarinoart.pl\/index.php\/o-nas\/#primaryimage\",\"url\":\"https:\/\/mandarinoart.pl\/wp-content\/uploads\/2025\/02\/Zdjecie-do-kategorii-O-NAS.png\",\"contentUrl\":\"https:\/\/mandarinoart.pl\/wp-content\/uploads\/2025\/02\/Zdjecie-do-kategorii-O-NAS.png\",\"width\":1080,\"height\":1080},{\"@type\":\"BreadcrumbList\",\"@id\":\"https:\/\/mandarinoart.pl\/index.php\/o-nas\/#breadcrumb\",\"itemListElement\":[{\"@type\":\"ListItem\",\"position\":1,\"name\":\"Strona g\u0142\u00f3wna\",\"item\":\"https:\/\/mandarinoart.pl\/\"},{\"@type\":\"ListItem\",\"position\":2,\"name\":\"O nas\"}]},{\"@type\":\"WebSite\",\"@id\":\"https:\/\/mandarinoart.pl\/#website\",\"url\":\"https:\/\/mandarinoart.pl\/\",\"name\":\"Mandarino Art Decor\",\"description\":\"\",\"publisher\":{\"@id\":\"https:\/\/mandarinoart.pl\/#organization\"},\"potentialAction\":[{\"@type\":\"SearchAction\",\"target\":{\"@type\":\"EntryPoint\",\"urlTemplate\":\"https:\/\/mandarinoart.pl\/?s={search_term_string}\"},\"query-input\":{\"@type\":\"PropertyValueSpecification\",\"valueRequired\":true,\"valueName\":\"search_term_string\"}}],\"inLanguage\":\"pl-PL\"},{\"@type\":\"Organization\",\"@id\":\"https:\/\/mandarinoart.pl\/#organization\",\"name\":\"Mandarino Art Decor\",\"url\":\"https:\/\/mandarinoart.pl\/\",\"logo\":{\"@type\":\"ImageObject\",\"inLanguage\":\"pl-PL\",\"@id\":\"https:\/\/mandarinoart.pl\/#\/schema\/logo\/image\/\",\"url\":\"https:\/\/mandarinoart.pl\/wp-content\/uploads\/2025\/02\/cropped-Logo_transparent.png\",\"contentUrl\":\"https:\/\/mandarinoart.pl\/wp-content\/uploads\/2025\/02\/cropped-Logo_transparent.png\",\"width\":591,\"height\":197,\"caption\":\"Mandarino Art Decor\"},\"image\":{\"@id\":\"https:\/\/mandarinoart.pl\/#\/schema\/logo\/image\/\"},\"sameAs\":[\"https:\/\/www.facebook.com\/profile.php?id=61553468730793\",\"https:\/\/www.instagram.com\/Mandarino_Candle\/?fbclid=IwY2xjawIoRQZleHRuA2FlbQIxMAABHV0lW5lNE7hJxvGNQtw42Ns1dw_Ll4G4YQ9LZaRsOkieykrFA3lNfCyS3g_aem_Nx9Tw7e5op2DlxHJ5Bc5Lg#\"]}]}<\/script>\n<!-- \/ Yoast SEO plugin. -->","yoast_head_json":{"title":"O nas - Mandarino Art","robots":{"index":"index","follow":"follow","max-snippet":"max-snippet:-1","max-image-preview":"max-image-preview:large","max-video-preview":"max-video-preview:-1"},"canonical":"https:\/\/mandarinoart.pl\/index.php\/o-nas\/","og_locale":"pl_PL","og_type":"article","og_title":"O nas - Mandarino Art","og_description":"Mandarino ART DECOR Mandarino ART DECOR Fascynacja zapachami, dekoracjami, kt\u00f3re otulaj\u0105 wn\u0119trza naszych dom\u00f3w przywiod\u0142y mnie do niezwyk\u0142ego \u015bwiata tworzenia [&hellip;]","og_url":"https:\/\/mandarinoart.pl\/index.php\/o-nas\/","og_site_name":"Mandarino Art","article_publisher":"https:\/\/www.facebook.com\/profile.php?id=61553468730793","article_modified_time":"2025-02-23T19:27:50+00:00","og_image":[{"url":"https:\/\/mandarinoart.pl\/wp-content\/uploads\/2025\/02\/Zdjecie-do-kategorii-O-NAS-1024x1024.png","type":"","width":"","height":""}],"twitter_card":"summary_large_image","twitter_misc":{"Szacowany czas czytania":"1 minuta"},"schema":{"@context":"https:\/\/schema.org","@graph":[{"@type":"WebPage","@id":"https:\/\/mandarinoart.pl\/index.php\/o-nas\/","url":"https:\/\/mandarinoart.pl\/index.php\/o-nas\/","name":"O nas - Mandarino Art","isPartOf":{"@id":"https:\/\/mandarinoart.pl\/#website"},"primaryImageOfPage":{"@id":"https:\/\/mandarinoart.pl\/index.php\/o-nas\/#primaryimage"},"image":{"@id":"https:\/\/mandarinoart.pl\/index.php\/o-nas\/#primaryimage"},"thumbnailUrl":"https:\/\/mandarinoart.pl\/wp-content\/uploads\/2025\/02\/Zdjecie-do-kategorii-O-NAS-1024x1024.png","datePublished":"2025-02-23T19:10:40+00:00","dateModified":"2025-02-23T19:27:50+00:00","breadcrumb":{"@id":"https:\/\/mandarinoart.pl\/index.php\/o-nas\/#breadcrumb"},"inLanguage":"pl-PL","potentialAction":[{"@type":"ReadAction","target":["https:\/\/mandarinoart.pl\/index.php\/o-nas\/"]}]},{"@type":"ImageObject","inLanguage":"pl-PL","@id":"https:\/\/mandarinoart.pl\/index.php\/o-nas\/#primaryimage","url":"https:\/\/mandarinoart.pl\/wp-content\/uploads\/2025\/02\/Zdjecie-do-kategorii-O-NAS.png","contentUrl":"https:\/\/mandarinoart.pl\/wp-content\/uploads\/2025\/02\/Zdjecie-do-kategorii-O-NAS.png","width":1080,"height":1080},{"@type":"BreadcrumbList","@id":"https:\/\/mandarinoart.pl\/index.php\/o-nas\/#breadcrumb","itemListElement":[{"@type":"ListItem","position":1,"name":"Strona g\u0142\u00f3wna","item":"https:\/\/mandarinoart.pl\/"},{"@type":"ListItem","position":2,"name":"O nas"}]},{"@type":"WebSite","@id":"https:\/\/mandarinoart.pl\/#website","url":"https:\/\/mandarinoart.pl\/","name":"Mandarino Art Decor","description":"","publisher":{"@id":"https:\/\/mandarinoart.pl\/#organization"},"potentialAction":[{"@type":"SearchAction","target":{"@type":"EntryPoint","urlTemplate":"https:\/\/mandarinoart.pl\/?s={search_term_string}"},"query-input":{"@type":"PropertyValueSpecification","valueRequired":true,"valueName":"search_term_string"}}],"inLanguage":"pl-PL"},{"@type":"Organization","@id":"https:\/\/mandarinoart.pl\/#organization","name":"Mandarino Art Decor","url":"https:\/\/mandarinoart.pl\/","logo":{"@type":"ImageObject","inLanguage":"pl-PL","@id":"https:\/\/mandarinoart.pl\/#\/schema\/logo\/image\/","url":"https:\/\/mandarinoart.pl\/wp-content\/uploads\/2025\/02\/cropped-Logo_transparent.png","contentUrl":"https:\/\/mandarinoart.pl\/wp-content\/uploads\/2025\/02\/cropped-Logo_transparent.png","width":591,"height":197,"caption":"Mandarino Art Decor"},"image":{"@id":"https:\/\/mandarinoart.pl\/#\/schema\/logo\/image\/"},"sameAs":["https:\/\/www.facebook.com\/profile.php?id=61553468730793","https:\/\/www.instagram.com\/Mandarino_Candle\/?fbclid=IwY2xjawIoRQZleHRuA2FlbQIxMAABHV0lW5lNE7hJxvGNQtw42Ns1dw_Ll4G4YQ9LZaRsOkieykrFA3lNfCyS3g_aem_Nx9Tw7e5op2DlxHJ5Bc5Lg#"]}]}},"_links":{"self":[{"href":"https:\/\/mandarinoart.pl\/index.php\/wp-json\/wp\/v2\/pages\/177","targetHints":{"allow":["GET"]}}],"collection":[{"href":"https:\/\/mandarinoart.pl\/index.php\/wp-json\/wp\/v2\/pages"}],"about":[{"href":"https:\/\/mandarinoart.pl\/index.php\/wp-json\/wp\/v2\/types\/page"}],"author":[{"embeddable":true,"href":"https:\/\/mandarinoart.pl\/index.php\/wp-json\/wp\/v2\/users\/1"}],"replies":[{"embeddable":true,"href":"https:\/\/mandarinoart.pl\/index.php\/wp-json\/wp\/v2\/comments?post=177"}],"version-history":[{"count":5,"href":"https:\/\/mandarinoart.pl\/index.php\/wp-json\/wp\/v2\/pages\/177\/revisions"}],"predecessor-version":[{"id":1363,"href":"https:\/\/mandarinoart.pl\/index.php\/wp-json\/wp\/v2\/pages\/177\/revisions\/1363"}],"wp:attachment":[{"href":"https:\/\/mandarinoart.pl\/index.php\/wp-json\/wp\/v2\/media?parent=177"}],"curies":[{"name":"wp","href":"https:\/\/api.w.org\/{rel}","templated":true}]}}